{"id":779564,"date":"2025-12-30T12:00:02","date_gmt":"2025-12-30T09:00:02","guid":{"rendered":"https:\/\/roveyayinevi.com.tr\/index.php\/urun\/beatrix-potter-ozel-koleksiyonu-masallar-ciltli\/"},"modified":"2026-04-15T03:44:14","modified_gmt":"2026-04-15T00:44:14","slug":"beatrix-potter-ozel-koleksiyonu-masallar-ciltli","status":"publish","type":"product","link":"https:\/\/roveyayinevi.com.tr\/index.php\/urun\/beatrix-potter-ozel-koleksiyonu-masallar-ciltli\/","title":{"rendered":"Beatrix Potter \u00d6zel Koleksiyonu \u2013 Masallar (Ciltli)"},"content":{"rendered":"<p>Tav\u015fan Peter\u2019dan Hunca Munca\u2019ya Beatrix Potter\u2019\u0131n en \u00fcnl\u00fc kahramanlar\u0131 \u00e7ocuklar\u0131 bekliyor! Beatrix Potter\u2019\u0131n benzersiz d\u00fcnyas\u0131ndan en sevilen be\u015f masal, orijinal ill\u00fcstrasyonlar\u0131yla bu \u00f6zel koleksiyonda bulu\u015fuyor. D\u00fcr\u00fcstl\u00fck, arkada\u015fl\u0131k ve yaramazl\u0131k gibi temalar\u0131 sevimli hayvan karakterlerle i\u015fleyen zamans\u0131z \u00f6yk\u00fcler, g\u00fcn\u00fcm\u00fcze uyarlanm\u0131\u015f anlat\u0131m dili ve metinleriyle bug\u00fcn\u00fcn \u00e7ocuklar\u0131na da seslenmeye devam ediyor. Her \u00e7ocu\u011fun odas\u0131nda yer almas\u0131 gereken klasik bir ba\u015fyap\u0131t\u2026<\/p>\n","protected":false},"excerpt":{"rendered":"<p>Tav\u015fan Peter\u2019dan Hunca Munca\u2019ya Beatrix Potter\u2019\u0131n en \u00fcnl\u00fc kahramanlar\u0131 \u00e7ocuklar\u0131 bekliyor! Beatrix Potter\u2019\u0131n benzersiz d\u00fcnyas\u0131ndan en sevilen be\u015f masal, orijinal ill\u00fcstrasyonlar\u0131yla bu \u00f6zel koleksiyonda bulu\u015fuyor. D\u00fcr\u00fcstl\u00fck,<span class=\"excerpt-hellip\"> [\u2026]<\/span><\/p>\n","protected":false},"featured_media":0,"template":"","meta":{"_monsterinsights_skip_tracking":false,"_monsterinsights_sitenote_active":false,"_monsterinsights_sitenote_note":"","_monsterinsights_sitenote_category":0},"product_brand":[],"product_cat":[12274,12518],"product_tag":[],"class_list":{"0":"post-779564","1":"product","2":"type-product","3":"status-publish","5":"product_cat-cocuk-ve-genclik-kitaplari","6":"product_cat-okul-oncesi-kitaplar","7":"pa_cilt-ciltli","8":"pa_tur-kitap","9":"pa_yayinevi-ithaki-yayinlari","10":"pa_yazar-beatrix-potter","12":"first","13":"instock","14":"sale","15":"shipping-taxable","16":"purchasable","17":"product-type-simple"},"_links":{"self":[{"href":"https:\/\/roveyayinevi.com.tr\/index.php\/wp-json\/wp\/v2\/product\/779564","targetHints":{"allow":["GET"]}}],"collection":[{"href":"https:\/\/roveyayinevi.com.tr\/index.php\/wp-json\/wp\/v2\/product"}],"about":[{"href":"https:\/\/roveyayinevi.com.tr\/index.php\/wp-json\/wp\/v2\/types\/product"}],"wp:attachment":[{"href":"https:\/\/roveyayinevi.com.tr\/index.php\/wp-json\/wp\/v2\/media?parent=779564"}],"wp:term":[{"taxonomy":"product_brand","embeddable":true,"href":"https:\/\/roveyayinevi.com.tr\/index.php\/wp-json\/wp\/v2\/product_brand?post=779564"},{"taxonomy":"product_cat","embeddable":true,"href":"https:\/\/roveyayinevi.com.tr\/index.php\/wp-json\/wp\/v2\/product_cat?post=779564"},{"taxonomy":"product_tag","embeddable":true,"href":"https:\/\/roveyayinevi.com.tr\/index.php\/wp-json\/wp\/v2\/product_tag?post=779564"}],"curies":[{"name":"wp","href":"https:\/\/api.w.org\/{rel}","templated":true}]}}