{"id":779563,"date":"2025-12-30T11:59:59","date_gmt":"2025-12-30T08:59:59","guid":{"rendered":"https:\/\/roveyayinevi.com.tr\/index.php\/urun\/korburun-2\/"},"modified":"2026-04-15T03:44:14","modified_gmt":"2026-04-15T00:44:14","slug":"korburun-2","status":"publish","type":"product","link":"https:\/\/roveyayinevi.com.tr\/index.php\/urun\/korburun-2\/","title":{"rendered":"K\u00f6rburun"},"content":{"rendered":"<p>2017 ATT\u0130L\u00c2 \u0130LHAN ROMAN \u00d6D\u00dcL\u00dcK\u00f6rburun, hayali ama bir o kadar ger\u00e7ek, g\u00f6zden \u0131rak ama anakaraya fazlas\u0131yla yak\u0131n bir ada. Kendi i\u00e7ine \u00e7ekilmi\u015f, yava\u015f akan ya\u015fam\u0131 ve yerle\u015fik al\u0131\u015fkanl\u0131klar\u0131yla tan\u0131d\u0131k bir d\u00fcnyan\u0131n izd\u00fc\u015f\u00fcm\u00fc. Hikmet H\u00fck\u00fcmeno\u011flu, 2017 Attil\u00e2 \u0130lhan Roman \u00d6d\u00fcl\u00fc\u2019ne de\u011fer g\u00f6r\u00fclen eseri K\u00f6rburun\u2019da, \u00fc\u00e7 ku\u015fak \u00fczerinden de\u011fi\u015fimin h\u0131zla de\u011fil, ad\u0131m ad\u0131m; \u00e7o\u011fu zaman fark edilmeden, bazen de ka\u00e7\u0131n\u0131lmaz bir bask\u0131ya d\u00f6n\u00fc\u015ferek ger\u00e7ekle\u015fti\u011fi bir anlat\u0131 kuruyor. G\u00fcndelik, k\u00fc\u00e7\u00fck seslerin beklenmedik a\u011f\u0131rl\u0131klar kazanarak b\u00fcy\u00fcd\u00fc\u011f\u00fc ve s\u0131radanl\u0131\u011f\u0131n saf bir y\u00fcceli\u011fe d\u00f6n\u00fc\u015ft\u00fc\u011f\u00fc bu roman\u0131nda, s\u0131n\u0131rlar\u0131 sapa bir co\u011frafyadan yola \u00e7\u0131karak hayat\u0131n daha b\u00fcy\u00fck \u00f6r\u00fcnt\u00fclerini g\u00f6steren bir perspektif sunuyor. \u201c\u015eu menek\u015feyi topra\u011f\u0131ndan s\u00f6k\u00fcp ba\u015fka topra\u011fa ekseniz ne olur? Ya\u015far elbette, dayan\u0131kl\u0131d\u0131r menek\u015fe, b\u00f6yle nazl\u0131 g\u00f6r\u00fcnd\u00fc\u011f\u00fcne bakmay\u0131n. Ama bir daha asla \u00e7i\u00e7ek a\u00e7maz. Yapraklar\u0131 kal\u0131nla\u015f\u0131r, ke\u00e7e gibi olur. E\u011fer toprak de\u011fi\u015ftirirken \u00e7ok h\u0131rpalarsan\u0131z da k\u00f6kleri \u00e7\u00fcr\u00fcr. Ben de bu topra\u011f\u0131n kokusunu biliyorum, ba\u015fka toprakta menek\u015fe nas\u0131l yeti\u015fir bilmem. \u00d6l\u00fcnce de ba\u015fka topra\u011fa g\u00f6m\u00fclmek istemem.\u201d<\/p>\n","protected":false},"excerpt":{"rendered":"<p>2017 ATT\u0130L\u00c2 \u0130LHAN ROMAN \u00d6D\u00dcL\u00dcK\u00f6rburun, hayali ama bir o kadar ger\u00e7ek, g\u00f6zden \u0131rak ama anakaraya fazlas\u0131yla yak\u0131n bir ada. Kendi i\u00e7ine \u00e7ekilmi\u015f, yava\u015f akan ya\u015fam\u0131 ve<span class=\"excerpt-hellip\"> [\u2026]<\/span><\/p>\n","protected":false},"featured_media":0,"template":"","meta":{"_monsterinsights_skip_tracking":false,"_monsterinsights_sitenote_active":false,"_monsterinsights_sitenote_note":"","_monsterinsights_sitenote_category":0},"product_brand":[],"product_cat":[12291,12711],"product_tag":[],"class_list":{"0":"post-779563","1":"product","2":"type-product","3":"status-publish","5":"product_cat-edebiyat","6":"product_cat-roman-oyku","7":"pa_cilt-ciltsiz","8":"pa_tur-kitap","9":"pa_yayinevi-ithaki-yayinlari","10":"pa_yazar-hikmet-hukumenoglu","12":"first","13":"instock","14":"sale","15":"shipping-taxable","16":"purchasable","17":"product-type-simple"},"_links":{"self":[{"href":"https:\/\/roveyayinevi.com.tr\/index.php\/wp-json\/wp\/v2\/product\/779563","targetHints":{"allow":["GET"]}}],"collection":[{"href":"https:\/\/roveyayinevi.com.tr\/index.php\/wp-json\/wp\/v2\/product"}],"about":[{"href":"https:\/\/roveyayinevi.com.tr\/index.php\/wp-json\/wp\/v2\/types\/product"}],"wp:attachment":[{"href":"https:\/\/roveyayinevi.com.tr\/index.php\/wp-json\/wp\/v2\/media?parent=779563"}],"wp:term":[{"taxonomy":"product_brand","embeddable":true,"href":"https:\/\/roveyayinevi.com.tr\/index.php\/wp-json\/wp\/v2\/product_brand?post=779563"},{"taxonomy":"product_cat","embeddable":true,"href":"https:\/\/roveyayinevi.com.tr\/index.php\/wp-json\/wp\/v2\/product_cat?post=779563"},{"taxonomy":"product_tag","embeddable":true,"href":"https:\/\/roveyayinevi.com.tr\/index.php\/wp-json\/wp\/v2\/product_tag?post=779563"}],"curies":[{"name":"wp","href":"https:\/\/api.w.org\/{rel}","templated":true}]}}