{"id":779562,"date":"2025-12-30T11:59:55","date_gmt":"2025-12-30T08:59:55","guid":{"rendered":"https:\/\/roveyayinevi.com.tr\/index.php\/urun\/harika-bir-hayat-2\/"},"modified":"2026-04-15T03:44:14","modified_gmt":"2026-04-15T00:44:14","slug":"harika-bir-hayat-2","status":"publish","type":"product","link":"https:\/\/roveyayinevi.com.tr\/index.php\/urun\/harika-bir-hayat-2\/","title":{"rendered":"Harika Bir Hayat"},"content":{"rendered":"<p>2023 YUNUS NAD\u0130 ROMAN \u00d6D\u00dcL\u00dc\u201cBir zamanlar elmas gerdanl\u0131klar gibi \u0131\u015f\u0131l \u0131\u015f\u0131l par\u0131ldayan \u015fehir, \u015fimdi buzlu camdan bir kubbenin alt\u0131nda donup kalm\u0131\u015f. G\u00f6ky\u00fcz\u00fc kefen gibi beyaz, g\u00fcne\u015f hayalet gibi silik. Bo\u011faz\u2019\u0131n suyu kapkara. Dallar bir t\u00fcrl\u00fc tomurcuklanm\u0131yor. Ha\u015far\u0131 bir veledin kavanoza hapsetti\u011fi sinekler gibiyiz, cama kafam\u0131zla vurup bir nefeslik delik a\u00e7maya \u00e7al\u0131\u015f\u0131yoruz\u2026\u201d \u0130\u015fgal alt\u0131ndaki \u0130stanbul\u2019un sisli bir sabah\u0131nda, d\u00fcnyaya bir bebek gelir. Ad\u0131: Harika. Duygular\u0131yla nesneleri yerinden oynatan, b\u00fcy\u00fcd\u00fck\u00e7e etraf\u0131ndaki herkesi kendi y\u00f6r\u00fcngesine \u00e7eken bu k\u0131z \u00e7ocu\u011fu, devrin karanl\u0131\u011f\u0131yla kendi \u0131\u015f\u0131\u011f\u0131 aras\u0131ndaki \u00e7at\u0131\u015fman\u0131n tam ortas\u0131nda g\u00f6r\u00fclebilecek en harika varl\u0131kt\u0131r. Onu, i\u015flenmemi\u015f bir elmas, diye tarif ederler. Patlamaya haz\u0131r bir bomba. \u00d6l\u00fcme u\u00e7an e\u015fsiz bir kelebek. Hikmet H\u00fck\u00fcmeno\u011flu, i\u015fgal \u0130stanbul\u2019unun karanl\u0131\u011f\u0131ndan Cumhuriyet\u2019in ilk \u0131\u015f\u0131klar\u0131na uzanan d\u00f6nemi ince ince i\u015fledi\u011fi Harika Bir Hayat\u2019ta, s\u0131rad\u0131\u015f\u0131 kad\u0131n karakterinin derinlikli portresini 20. y\u00fczy\u0131l T\u00fcrkiye tarihinin d\u00f6n\u00fcm noktalar\u0131yla yan yana getiriyor. Okuru hem Harika\u2019n\u0131n ola\u011fan\u00fcst\u00fc hayat hik\u00e2yesine hem de d\u00f6n\u00fc\u015fen toplumun haf\u0131zas\u0131na yakla\u015ft\u0131rd\u0131\u011f\u0131 bu roman\u0131nda, bir kad\u0131n\u0131n varolu\u015fuyla bir \u00fclkenin yeniden do\u011fu\u015fu aras\u0131ndaki kesi\u015fimleri ortaya koyuyor.<\/p>\n","protected":false},"excerpt":{"rendered":"<p>2023 YUNUS NAD\u0130 ROMAN \u00d6D\u00dcL\u00dc\u201cBir zamanlar elmas gerdanl\u0131klar gibi \u0131\u015f\u0131l \u0131\u015f\u0131l par\u0131ldayan \u015fehir, \u015fimdi buzlu camdan bir kubbenin alt\u0131nda donup kalm\u0131\u015f. G\u00f6ky\u00fcz\u00fc kefen gibi beyaz, g\u00fcne\u015f<span class=\"excerpt-hellip\"> [\u2026]<\/span><\/p>\n","protected":false},"featured_media":0,"template":"","meta":{"_monsterinsights_skip_tracking":false,"_monsterinsights_sitenote_active":false,"_monsterinsights_sitenote_note":"","_monsterinsights_sitenote_category":0},"product_brand":[],"product_cat":[12291,12711],"product_tag":[],"class_list":{"0":"post-779562","1":"product","2":"type-product","3":"status-publish","5":"product_cat-edebiyat","6":"product_cat-roman-oyku","7":"pa_cilt-ciltsiz","8":"pa_tur-kitap","9":"pa_yayinevi-ithaki-yayinlari","10":"pa_yazar-hikmet-hukumenoglu","12":"first","13":"instock","14":"sale","15":"shipping-taxable","16":"purchasable","17":"product-type-simple"},"_links":{"self":[{"href":"https:\/\/roveyayinevi.com.tr\/index.php\/wp-json\/wp\/v2\/product\/779562","targetHints":{"allow":["GET"]}}],"collection":[{"href":"https:\/\/roveyayinevi.com.tr\/index.php\/wp-json\/wp\/v2\/product"}],"about":[{"href":"https:\/\/roveyayinevi.com.tr\/index.php\/wp-json\/wp\/v2\/types\/product"}],"wp:attachment":[{"href":"https:\/\/roveyayinevi.com.tr\/index.php\/wp-json\/wp\/v2\/media?parent=779562"}],"wp:term":[{"taxonomy":"product_brand","embeddable":true,"href":"https:\/\/roveyayinevi.com.tr\/index.php\/wp-json\/wp\/v2\/product_brand?post=779562"},{"taxonomy":"product_cat","embeddable":true,"href":"https:\/\/roveyayinevi.com.tr\/index.php\/wp-json\/wp\/v2\/product_cat?post=779562"},{"taxonomy":"product_tag","embeddable":true,"href":"https:\/\/roveyayinevi.com.tr\/index.php\/wp-json\/wp\/v2\/product_tag?post=779562"}],"curies":[{"name":"wp","href":"https:\/\/api.w.org\/{rel}","templated":true}]}}