{"id":779561,"date":"2025-12-30T11:59:52","date_gmt":"2025-12-30T08:59:52","guid":{"rendered":"https:\/\/roveyayinevi.com.tr\/index.php\/urun\/kar-firtinasi-2\/"},"modified":"2026-04-15T03:44:14","modified_gmt":"2026-04-15T00:44:14","slug":"kar-firtinasi-2","status":"publish","type":"product","link":"https:\/\/roveyayinevi.com.tr\/index.php\/urun\/kar-firtinasi-2\/","title":{"rendered":"Kar F\u0131rt\u0131nas\u0131"},"content":{"rendered":"<p>\u201cBU KAR FIRTINASI DENEN \u015eEY B\u0130R V\u0130R\u00dcS M\u00dc, B\u0130R UYU\u015eTURUCU MU, YOKSA B\u0130R D\u0130N M\u0130?\u201d Neal Stephenson, bilimi, mitolojiyi ve mizah\u0131 ustaca birle\u015ftiren, siberpunk t\u00fcr\u00fcn\u00fcn en \u00f6nemli isimlerinden. Sanal ger\u00e7ekli\u011fin ve dijital tehlikelerin s\u0131n\u0131rlar\u0131n\u0131 zorlayan Kar F\u0131rt\u0131nas\u0131 ise insan bilincinin en derin kodlar\u0131na n\u00fcfuz eden y\u00fcksek tempolu bir ke\u015fif hik\u00e2yesi. Pizza kuryesi ve k\u0131l\u0131\u00e7 ustas\u0131 Hiro Protagonist, sanal d\u00fcnyan\u0131n \u00fczerine kuruldu\u011fu devasa anayol olan Metaverse\u2019te tehlikeli bir vir\u00fcs\u00fcn izini s\u00fcrer. Bu vir\u00fcs, yaz\u0131l\u0131m\u0131 de\u011fil do\u011frudan insan beynini hedef alan, antik mitolojiden beslenen dijital bir salg\u0131nd\u0131r. Kar F\u0131rt\u0131nas\u0131, mafyala\u015fm\u0131\u015f \u015firketlerin, \u00f6zelle\u015fmi\u015f \u015fehir devletlerinin ve siber d\u00fcnyadaki avatarlar\u0131n kol gezdi\u011fi, yozla\u015fm\u0131\u015f bir gelece\u011fi resmediyor. Sanal ve fiziksel ger\u00e7eklik aras\u0131ndaki \u00e7izgilerin bulan\u0131kla\u015ft\u0131\u011f\u0131 bu distopik evrende dil, bir ileti\u015fim arac\u0131ndan \u00f6te, k\u00fclt\u00fcr\u00fc ve bilinci yeniden kodlayabilen g\u00fc\u00e7l\u00fc bir silaha d\u00f6n\u00fc\u015f\u00fcyor. Stephenson\u2019\u0131n mizahi, keskin ve ele\u015ftirel diliyle kaleme ald\u0131\u011f\u0131 Kar F\u0131rt\u0131nas\u0131, kapitalist \u00e7\u00fcr\u00fcmenin izd\u00fc\u015f\u00fcmlerini ve teknolojinin k\u00fclt\u00fcr\u00fc nas\u0131l bir yaz\u0131l\u0131ma d\u00f6n\u00fc\u015ft\u00fcrd\u00fc\u011f\u00fcn\u00fc b\u00fcy\u00fcleyici bir aksiyon dinami\u011fiyle anlat\u0131yor. Kar F\u0131rt\u0131nas\u0131, antik bir felaketin gelece\u011fe yans\u0131mas\u0131. \u201cYirmi birinci y\u00fczy\u0131la uygun, tempolu ve \u00f6zg\u00fcr \u00fcsluplu bir AVM mitolojisi.\u201d\u2013William Gibson \u201cGelmi\u015f ge\u00e7mi\u015f en pop\u00fcler bilimkurgu kitaplar\u0131ndan biri\u2026 Siberpunk ak\u0131m\u0131n\u0131n kurucu metinlerinden.\u201d \u2013WIRED<\/p>\n","protected":false},"excerpt":{"rendered":"<p>\u201cBU KAR FIRTINASI DENEN \u015eEY B\u0130R V\u0130R\u00dcS M\u00dc, B\u0130R UYU\u015eTURUCU MU, YOKSA B\u0130R D\u0130N M\u0130?\u201d Neal Stephenson, bilimi, mitolojiyi ve mizah\u0131 ustaca birle\u015ftiren, siberpunk t\u00fcr\u00fcn\u00fcn en<span class=\"excerpt-hellip\"> [\u2026]<\/span><\/p>\n","protected":false},"featured_media":0,"template":"","meta":{"_monsterinsights_skip_tracking":false,"_monsterinsights_sitenote_active":false,"_monsterinsights_sitenote_note":"","_monsterinsights_sitenote_category":0},"product_brand":[],"product_cat":[12540,12291],"product_tag":[],"class_list":{"0":"post-779561","1":"product","2":"type-product","3":"status-publish","5":"product_cat-bilim-kurgu","6":"product_cat-edebiyat","7":"pa_cilt-ciltsiz","8":"pa_tur-kitap","9":"pa_yayinevi-ithaki-yayinlari","10":"pa_yazar-neal-stephenson","12":"first","13":"instock","14":"sale","15":"shipping-taxable","16":"purchasable","17":"product-type-simple"},"_links":{"self":[{"href":"https:\/\/roveyayinevi.com.tr\/index.php\/wp-json\/wp\/v2\/product\/779561","targetHints":{"allow":["GET"]}}],"collection":[{"href":"https:\/\/roveyayinevi.com.tr\/index.php\/wp-json\/wp\/v2\/product"}],"about":[{"href":"https:\/\/roveyayinevi.com.tr\/index.php\/wp-json\/wp\/v2\/types\/product"}],"wp:attachment":[{"href":"https:\/\/roveyayinevi.com.tr\/index.php\/wp-json\/wp\/v2\/media?parent=779561"}],"wp:term":[{"taxonomy":"product_brand","embeddable":true,"href":"https:\/\/roveyayinevi.com.tr\/index.php\/wp-json\/wp\/v2\/product_brand?post=779561"},{"taxonomy":"product_cat","embeddable":true,"href":"https:\/\/roveyayinevi.com.tr\/index.php\/wp-json\/wp\/v2\/product_cat?post=779561"},{"taxonomy":"product_tag","embeddable":true,"href":"https:\/\/roveyayinevi.com.tr\/index.php\/wp-json\/wp\/v2\/product_tag?post=779561"}],"curies":[{"name":"wp","href":"https:\/\/api.w.org\/{rel}","templated":true}]}}