{"id":779560,"date":"2025-12-30T11:59:50","date_gmt":"2025-12-30T08:59:50","guid":{"rendered":"https:\/\/roveyayinevi.com.tr\/index.php\/urun\/zor-olsa-da-hayat-devam-ediyor\/"},"modified":"2026-01-28T04:07:02","modified_gmt":"2026-01-28T01:07:02","slug":"zor-olsa-da-hayat-devam-ediyor","status":"publish","type":"product","link":"https:\/\/roveyayinevi.com.tr\/index.php\/urun\/zor-olsa-da-hayat-devam-ediyor\/","title":{"rendered":"Zor Olsa da Hayat Devam Ediyor"},"content":{"rendered":"<p>Azerbaycan\u2019\u0131n \u00e7ok okunan \u00f6d\u00fcll\u00fc yazar\u0131 R\u00f6v\u015fen Abdullao\u011flu\u2019ndan, kalbe dokunan, ruha nefes ald\u0131ran, yere d\u00fc\u015fen herkesi umutla aya\u011fa kald\u0131ran bir ba\u015fyap\u0131t. Bazen hayat \u00f6yle zorla\u015f\u0131r ki kendi g\u00fcc\u00fcn\u00fc unutursun. Kaybedersin, yorulursun, inanc\u0131n sars\u0131l\u0131r\u2026 Ama sonra i\u00e7indeki o ses sana usulca f\u0131s\u0131ldar: \u201cDevam et.\u201d &#8220;Zor Olsa da Hayat Devam Ediyor&#8221;, hayat\u0131n en zor d\u00f6nemlerinde bile anlam\u0131, sabr\u0131 ve inanc\u0131 diri tutman\u0131n yollar\u0131n\u0131 anlat\u0131yor. Bilimsel temellerle ruhsal derinli\u011fi bulu\u015fturuyor, insan\u0131n yeniden do\u011fu\u015funu hem psikolojik hem de manevi bir a\u00e7\u0131dan ele al\u0131yor. Yere d\u00fc\u015ft\u00fcysen ve seni aya\u011fa kald\u0131racak o sesi hen\u00fcz ke\u015ffedemediysen kitab\u0131n sayfalar\u0131n\u0131 a\u011f\u0131r a\u011f\u0131r \u00e7evirebilirsin. Yazar, her sat\u0131rda sana \u015funu f\u0131s\u0131ldayacak: \u201cHayat zor olabilir ama sen daha g\u00fc\u00e7l\u00fcs\u00fcn. \u0130nanm\u0131yorsan, okumaya devam et.\u201d <\/p>\n","protected":false},"excerpt":{"rendered":"<p>Azerbaycan\u2019\u0131n \u00e7ok okunan \u00f6d\u00fcll\u00fc yazar\u0131 R\u00f6v\u015fen Abdullao\u011flu\u2019ndan, kalbe dokunan, ruha nefes ald\u0131ran, yere d\u00fc\u015fen herkesi umutla aya\u011fa kald\u0131ran bir ba\u015fyap\u0131t. Bazen hayat \u00f6yle zorla\u015f\u0131r ki kendi<span class=\"excerpt-hellip\"> [\u2026]<\/span><\/p>\n","protected":false},"featured_media":0,"template":"","meta":{"_monsterinsights_skip_tracking":false,"_monsterinsights_sitenote_active":false,"_monsterinsights_sitenote_note":"","_monsterinsights_sitenote_category":0},"product_brand":[],"product_cat":[12364,12376],"product_tag":[],"class_list":{"0":"post-779560","1":"product","2":"type-product","3":"status-publish","5":"product_cat-genel-konular","6":"product_cat-kisisel-gelisim","7":"pa_cilt-ciltsiz","8":"pa_tur-kitap","9":"pa_yayinevi-aile-yayinlari","10":"pa_yazar-rovsen-abdullaoglu","12":"first","13":"instock","14":"sale","15":"shipping-taxable","16":"purchasable","17":"product-type-simple"},"_links":{"self":[{"href":"https:\/\/roveyayinevi.com.tr\/index.php\/wp-json\/wp\/v2\/product\/779560","targetHints":{"allow":["GET"]}}],"collection":[{"href":"https:\/\/roveyayinevi.com.tr\/index.php\/wp-json\/wp\/v2\/product"}],"about":[{"href":"https:\/\/roveyayinevi.com.tr\/index.php\/wp-json\/wp\/v2\/types\/product"}],"wp:attachment":[{"href":"https:\/\/roveyayinevi.com.tr\/index.php\/wp-json\/wp\/v2\/media?parent=779560"}],"wp:term":[{"taxonomy":"product_brand","embeddable":true,"href":"https:\/\/roveyayinevi.com.tr\/index.php\/wp-json\/wp\/v2\/product_brand?post=779560"},{"taxonomy":"product_cat","embeddable":true,"href":"https:\/\/roveyayinevi.com.tr\/index.php\/wp-json\/wp\/v2\/product_cat?post=779560"},{"taxonomy":"product_tag","embeddable":true,"href":"https:\/\/roveyayinevi.com.tr\/index.php\/wp-json\/wp\/v2\/product_tag?post=779560"}],"curies":[{"name":"wp","href":"https:\/\/api.w.org\/{rel}","templated":true}]}}