{"id":779557,"date":"2025-12-30T11:59:43","date_gmt":"2025-12-30T08:59:43","guid":{"rendered":"https:\/\/roveyayinevi.com.tr\/index.php\/urun\/men-rabbuke\/"},"modified":"2026-03-15T15:22:46","modified_gmt":"2026-03-15T12:22:46","slug":"men-rabbuke","status":"publish","type":"product","link":"https:\/\/roveyayinevi.com.tr\/index.php\/urun\/men-rabbuke\/","title":{"rendered":"Men Rabbuke"},"content":{"rendered":"<p>Yoruldun mu? \u0130nsanlar\u0131n alk\u0131\u015flar\u0131yla parlay\u0131p, ele\u015ftirileriyle s\u00f6nmekten\u2026 Gelece\u011fin belirsizli\u011fiyle kayg\u0131lan\u0131p, ge\u00e7mi\u015fin pi\u015fmanl\u0131klar\u0131yla a\u011f\u0131rla\u015fmaktan\u2026 Hayat\u0131n o da\u011f\u0131n\u0131k yapbozunda, anlams\u0131z par\u00e7alar\u0131 birle\u015ftirmeye \u00e7al\u0131\u015fmaktan\u2026 Belki de b\u00fct\u00fcn bu yorgunlu\u011fun sebebi, kalbinin kendi Sahibini tan\u0131mamas\u0131d\u0131r. Bu kitap, sana Rabbini korkular\u0131nla de\u011fil, O\u2019nun o muhte\u015fem isimleriyle yeniden tan\u0131tmak i\u00e7in bir davet. Bu, bir bilgi kitab\u0131 de\u011fil, bir \u201ctan\u0131\u015fma\u201d yolculu\u011fu. Bu yolculukta, O\u2019nun El-Vek\u00eel ismiyle kayg\u0131lar\u0131n\u0131 nas\u0131l teslim edece\u011fini, El-Cebb\u00e2r ile en b\u00fcy\u00fck k\u0131r\u0131klar\u0131n\u0131 nas\u0131l onaraca\u011f\u0131n\u0131, Es-Sab\u00fbr ile en zorlu anlarda nas\u0131l metanet bulaca\u011f\u0131n\u0131 ve El-Ved\u00fbd ile sevilmeye ne kadar lay\u0131k oldu\u011funu yeniden ke\u015ffedeceksin. \u00c7\u00fcnk\u00fc O\u2019nu tan\u0131d\u0131k\u00e7a asl\u0131nda kendini tan\u0131r, kendini tan\u0131d\u0131k\u00e7a da O\u2019nda huzur bulursun. Allah\u2019\u0131n 99 ad\u0131yla\u2026 Tan\u0131\u015fmaya. <\/p>\n","protected":false},"excerpt":{"rendered":"<p>Yoruldun mu? \u0130nsanlar\u0131n alk\u0131\u015flar\u0131yla parlay\u0131p, ele\u015ftirileriyle s\u00f6nmekten\u2026 Gelece\u011fin belirsizli\u011fiyle kayg\u0131lan\u0131p, ge\u00e7mi\u015fin pi\u015fmanl\u0131klar\u0131yla a\u011f\u0131rla\u015fmaktan\u2026 Hayat\u0131n o da\u011f\u0131n\u0131k yapbozunda, anlams\u0131z par\u00e7alar\u0131 birle\u015ftirmeye \u00e7al\u0131\u015fmaktan\u2026 Belki de b\u00fct\u00fcn bu yorgunlu\u011fun<span class=\"excerpt-hellip\"> [\u2026]<\/span><\/p>\n","protected":false},"featured_media":0,"template":"","meta":{"_monsterinsights_skip_tracking":false,"_monsterinsights_sitenote_active":false,"_monsterinsights_sitenote_note":"","_monsterinsights_sitenote_category":0},"product_brand":[],"product_cat":[12718],"product_tag":[],"class_list":{"0":"post-779557","1":"product","2":"type-product","3":"status-publish","5":"product_cat-din","6":"pa_cilt-ciltsiz","7":"pa_tur-kitap","8":"pa_yayinevi-gulnar-yayinlari","9":"pa_yazar-hatice-kubra-gunduz","11":"first","12":"outofstock","13":"sale","14":"shipping-taxable","15":"purchasable","16":"product-type-simple"},"_links":{"self":[{"href":"https:\/\/roveyayinevi.com.tr\/index.php\/wp-json\/wp\/v2\/product\/779557","targetHints":{"allow":["GET"]}}],"collection":[{"href":"https:\/\/roveyayinevi.com.tr\/index.php\/wp-json\/wp\/v2\/product"}],"about":[{"href":"https:\/\/roveyayinevi.com.tr\/index.php\/wp-json\/wp\/v2\/types\/product"}],"wp:attachment":[{"href":"https:\/\/roveyayinevi.com.tr\/index.php\/wp-json\/wp\/v2\/media?parent=779557"}],"wp:term":[{"taxonomy":"product_brand","embeddable":true,"href":"https:\/\/roveyayinevi.com.tr\/index.php\/wp-json\/wp\/v2\/product_brand?post=779557"},{"taxonomy":"product_cat","embeddable":true,"href":"https:\/\/roveyayinevi.com.tr\/index.php\/wp-json\/wp\/v2\/product_cat?post=779557"},{"taxonomy":"product_tag","embeddable":true,"href":"https:\/\/roveyayinevi.com.tr\/index.php\/wp-json\/wp\/v2\/product_tag?post=779557"}],"curies":[{"name":"wp","href":"https:\/\/api.w.org\/{rel}","templated":true}]}}