{"id":779553,"date":"2025-12-30T11:59:34","date_gmt":"2025-12-30T08:59:34","guid":{"rendered":"https:\/\/roveyayinevi.com.tr\/index.php\/urun\/sevimli-ordek-lilu-aktvite-kitabi\/"},"modified":"2026-04-15T03:44:13","modified_gmt":"2026-04-15T00:44:13","slug":"sevimli-ordek-lilu-aktvite-kitabi","status":"publish","type":"product","link":"https:\/\/roveyayinevi.com.tr\/index.php\/urun\/sevimli-ordek-lilu-aktvite-kitabi\/","title":{"rendered":"Sevimli \u00d6rdek Lilu &#8211; Aktvite Kitab\u0131"},"content":{"rendered":"<p>Sevimli \u00d6rdek Lilu ile aktivite zaman\u0131! Boya, bul, \u00e7iz ve oyna. Her sayfada yepyeni bir e\u011flence seni bekliyor. <\/p>\n","protected":false},"excerpt":{"rendered":"<p>Sevimli \u00d6rdek Lilu ile aktivite zaman\u0131! Boya, bul, \u00e7iz ve oyna. Her sayfada yepyeni bir e\u011flence seni bekliyor.<\/p>\n","protected":false},"featured_media":0,"template":"","meta":{"_monsterinsights_skip_tracking":false,"_monsterinsights_sitenote_active":false,"_monsterinsights_sitenote_note":"","_monsterinsights_sitenote_category":0},"product_brand":[],"product_cat":[12274,17859],"product_tag":[],"class_list":{"0":"post-779553","1":"product","2":"type-product","3":"status-publish","5":"product_cat-cocuk-ve-genclik-kitaplari","6":"product_cat-oyun-kitaplari","7":"pa_cilt-ciltsiz","8":"pa_tur-kitap","9":"pa_yayinevi-eksik-parca-yayinlari","10":"pa_yazar-kolektif","12":"first","13":"instock","14":"sale","15":"shipping-taxable","16":"purchasable","17":"product-type-simple"},"_links":{"self":[{"href":"https:\/\/roveyayinevi.com.tr\/index.php\/wp-json\/wp\/v2\/product\/779553","targetHints":{"allow":["GET"]}}],"collection":[{"href":"https:\/\/roveyayinevi.com.tr\/index.php\/wp-json\/wp\/v2\/product"}],"about":[{"href":"https:\/\/roveyayinevi.com.tr\/index.php\/wp-json\/wp\/v2\/types\/product"}],"wp:attachment":[{"href":"https:\/\/roveyayinevi.com.tr\/index.php\/wp-json\/wp\/v2\/media?parent=779553"}],"wp:term":[{"taxonomy":"product_brand","embeddable":true,"href":"https:\/\/roveyayinevi.com.tr\/index.php\/wp-json\/wp\/v2\/product_brand?post=779553"},{"taxonomy":"product_cat","embeddable":true,"href":"https:\/\/roveyayinevi.com.tr\/index.php\/wp-json\/wp\/v2\/product_cat?post=779553"},{"taxonomy":"product_tag","embeddable":true,"href":"https:\/\/roveyayinevi.com.tr\/index.php\/wp-json\/wp\/v2\/product_tag?post=779553"}],"curies":[{"name":"wp","href":"https:\/\/api.w.org\/{rel}","templated":true}]}}