{"id":779551,"date":"2025-12-30T11:59:29","date_gmt":"2025-12-30T08:59:29","guid":{"rendered":"https:\/\/roveyayinevi.com.tr\/index.php\/urun\/ben-eski-ben-degilim\/"},"modified":"2026-04-15T03:44:13","modified_gmt":"2026-04-15T00:44:13","slug":"ben-eski-ben-degilim","status":"publish","type":"product","link":"https:\/\/roveyayinevi.com.tr\/index.php\/urun\/ben-eski-ben-degilim\/","title":{"rendered":"Ben Eski Ben De\u011filim"},"content":{"rendered":"<p>Bu\u0308yu\u0308k dedesinin izini su\u0308rerken kap\u0131ld\u0131\u011f\u0131 yolculukta yaln\u0131zca bir aile hik\u00e2yesini de\u011fil, sakl\u0131 kalm\u0131\u015f bir toplumsal ge\u00e7mi\u015fi gu\u0308n yu\u0308zu\u0308ne \u00e7\u0131karan Mert Kaya, 1923 tarihli Tu\u0308rkiye-Yunanistan Nu\u0308fus Mu\u0308badelesinin gidenler kadar kalanlar u\u0308zerinde ku\u015faklar boyu b\u0131rakt\u0131\u011f\u0131 izleri s\u00f6zlu\u0308 tarih g\u00f6ru\u0308\u015fmeleriyle belgeliyor.\u201cBen, Eski Ben De\u011filim\u201d Mu\u0308slu\u0308manla\u015f(t\u0131r\u0131l)m\u0131\u015f Rumlarda Bellek ve Kimlik\u2019te Mert Kaya\u2019n\u0131n uzun y\u0131llard\u0131r su\u0308rdu\u0308rdu\u0308\u011fu\u0308 akademik \u00e7al\u0131\u015fmalar, ar\u015fiv belgeleri ve tan\u0131kl\u0131klarla biraraya geliyor.Mu\u0308slu\u0308manla\u015f(t\u0131r\u0131l)m\u0131\u015f Rumlar hakk\u0131nda on y\u0131llard\u0131r su\u0308ren toplumsal sessizli\u011fi, tan\u0131klar\u0131n ge\u00e7mi\u015flerini hat\u0131rlama ve kimliklerini sorgulama bi\u00e7imlerini, bellek ve aidiyetin s\u0131n\u0131rlar\u0131n\u0131 tart\u0131\u015fmaya a\u00e7an Mert Kaya okuru yu\u0308zle\u015fmeye davet ediyor.<\/p>\n","protected":false},"excerpt":{"rendered":"<p>Bu\u0308yu\u0308k dedesinin izini su\u0308rerken kap\u0131ld\u0131\u011f\u0131 yolculukta yaln\u0131zca bir aile hik\u00e2yesini de\u011fil, sakl\u0131 kalm\u0131\u015f bir toplumsal ge\u00e7mi\u015fi gu\u0308n yu\u0308zu\u0308ne \u00e7\u0131karan Mert Kaya, 1923 tarihli Tu\u0308rkiye-Yunanistan Nu\u0308fus Mu\u0308badelesinin<span class=\"excerpt-hellip\"> [\u2026]<\/span><\/p>\n","protected":false},"featured_media":0,"template":"","meta":{"_monsterinsights_skip_tracking":false,"_monsterinsights_sitenote_active":false,"_monsterinsights_sitenote_note":"","_monsterinsights_sitenote_category":0},"product_brand":[],"product_cat":[13656,12337],"product_tag":[],"class_list":{"0":"post-779551","1":"product","2":"type-product","3":"status-publish","5":"product_cat-azinliklar-etnik-sorunlar","6":"product_cat-politika-siyaset","7":"pa_cilt-ciltsiz","8":"pa_tur-kitap","9":"pa_yayinevi-istos-yayincilik","10":"pa_yazar-mert-kaya","12":"first","13":"instock","14":"sale","15":"shipping-taxable","16":"purchasable","17":"product-type-simple"},"_links":{"self":[{"href":"https:\/\/roveyayinevi.com.tr\/index.php\/wp-json\/wp\/v2\/product\/779551","targetHints":{"allow":["GET"]}}],"collection":[{"href":"https:\/\/roveyayinevi.com.tr\/index.php\/wp-json\/wp\/v2\/product"}],"about":[{"href":"https:\/\/roveyayinevi.com.tr\/index.php\/wp-json\/wp\/v2\/types\/product"}],"wp:attachment":[{"href":"https:\/\/roveyayinevi.com.tr\/index.php\/wp-json\/wp\/v2\/media?parent=779551"}],"wp:term":[{"taxonomy":"product_brand","embeddable":true,"href":"https:\/\/roveyayinevi.com.tr\/index.php\/wp-json\/wp\/v2\/product_brand?post=779551"},{"taxonomy":"product_cat","embeddable":true,"href":"https:\/\/roveyayinevi.com.tr\/index.php\/wp-json\/wp\/v2\/product_cat?post=779551"},{"taxonomy":"product_tag","embeddable":true,"href":"https:\/\/roveyayinevi.com.tr\/index.php\/wp-json\/wp\/v2\/product_tag?post=779551"}],"curies":[{"name":"wp","href":"https:\/\/api.w.org\/{rel}","templated":true}]}}