{"id":779550,"date":"2025-12-30T11:59:28","date_gmt":"2025-12-30T08:59:28","guid":{"rendered":"https:\/\/roveyayinevi.com.tr\/index.php\/urun\/dun-sancisi\/"},"modified":"2026-04-15T03:44:13","modified_gmt":"2026-04-15T00:44:13","slug":"dun-sancisi","status":"publish","type":"product","link":"https:\/\/roveyayinevi.com.tr\/index.php\/urun\/dun-sancisi\/","title":{"rendered":"D\u00fcn Sanc\u0131s\u0131"},"content":{"rendered":"<p>Bir tarihsel d\u00f6nemin sona ermekte, yenisininse b\u00fcy\u00fck \u00e7alkant\u0131lar i\u00e7inde do\u011fmakta oldu\u011fu bir d\u00f6neme\u00e7te tarih\u00e7i ge\u00e7mi\u015fe ve gelecek ihtimallerine dair neler s\u00f6yleyebilir? \u0130leriye d\u00f6n\u00fck iyimserli\u011fin \u00e7\u00f6z\u00fcld\u00fc\u011f\u00fc, ge\u00e7mi\u015fe d\u00f6n\u00fck nostaljik ilginin g\u00fc\u00e7 kazand\u0131\u011f\u0131 g\u00fcn\u00fcm\u00fczde, tarih\u00e7inin oynayabilece\u011fi yarat\u0131c\u0131 rol \u00fczerine d\u00fc\u015f\u00fcnen Oktay \u00d6zel, \u201ctarih\u201d kadar tarih\u00e7i ve tarihyaz\u0131m\u0131n\u0131 da tarihselle\u015ftirmenin gereklili\u011fi \u00fczerinde duruyor. T\u00fcrkiye\u2019deki siyasi iklimin akademi ve tarih\u00e7ilik \u00fczerindeki otoritesinin yaratt\u0131\u011f\u0131 sorunlar\u0131, d\u00f6nemsel geli\u015fmelerin etkisinde kalan tarih\u00e7inin kar\u015f\u0131la\u015ft\u0131\u011f\u0131 zorluklar\u0131 merkezine alan D\u00fcn Sanc\u0131s\u0131\u2019n\u0131n yeni makalelerle geni\u015fletilmi\u015f bu bask\u0131s\u0131, g\u00fcndemin dayatmalar\u0131na kar\u015f\u0131 yap\u0131lan etik ve akademik tart\u0131\u015fmalar\u0131 bir araya getiriyor. Tarihyaz\u0131m\u0131n\u0131, akademik d\u00fcnyay\u0131 ve tarih\u00e7ili\u011fin tarihsel, g\u00fcncel sorunlar\u0131n\u0131 masaya yat\u0131ran titiz ve kapsaml\u0131 m\u00fcdahaleler\u2026 \u201cBu kitaptaki yaz\u0131lar, bu \u00fclkenin ve insanlar\u0131n\u0131n kendileri ve d\u0131\u015f d\u00fcnyayla kurduklar\u0131 o garip, fakat o \u00f6l\u00e7\u00fcde de problemli ili\u015fkinin \u00fcretti\u011fi yaz\u0131lard\u0131r. \u00d6te yandan, epeyce kendine \u00f6zg\u00fc bu ili\u015fkinin toplumsal ve ideolojik bunal\u0131m d\u00f6nemlerinde daha keskin \u015fekilde kendini d\u0131\u015fa vuran olumsuzluklar\u0131na kar\u015f\u0131 ve onlara ra\u011fmen, tarihin ve tarih\u00e7ilik mesle\u011finin bir savunusudur.\u201d OKTAY \u00d6ZEL<\/p>\n","protected":false},"excerpt":{"rendered":"<p>Bir tarihsel d\u00f6nemin sona ermekte, yenisininse b\u00fcy\u00fck \u00e7alkant\u0131lar i\u00e7inde do\u011fmakta oldu\u011fu bir d\u00f6neme\u00e7te tarih\u00e7i ge\u00e7mi\u015fe ve gelecek ihtimallerine dair neler s\u00f6yleyebilir? \u0130leriye d\u00f6n\u00fck iyimserli\u011fin \u00e7\u00f6z\u00fcld\u00fc\u011f\u00fc, ge\u00e7mi\u015fe<span class=\"excerpt-hellip\"> [\u2026]<\/span><\/p>\n","protected":false},"featured_media":0,"template":"","meta":{"_monsterinsights_skip_tracking":false,"_monsterinsights_sitenote_active":false,"_monsterinsights_sitenote_note":"","_monsterinsights_sitenote_category":0},"product_brand":[],"product_cat":[12304],"product_tag":[],"class_list":{"0":"post-779550","1":"product","2":"type-product","3":"status-publish","5":"product_cat-tarih","6":"pa_cilt-ciltsiz","7":"pa_tur-kitap","8":"pa_yayinevi-iletisim-yayinlari","9":"pa_yazar-oktay-ozel","11":"first","12":"instock","13":"sale","14":"shipping-taxable","15":"purchasable","16":"product-type-simple"},"_links":{"self":[{"href":"https:\/\/roveyayinevi.com.tr\/index.php\/wp-json\/wp\/v2\/product\/779550","targetHints":{"allow":["GET"]}}],"collection":[{"href":"https:\/\/roveyayinevi.com.tr\/index.php\/wp-json\/wp\/v2\/product"}],"about":[{"href":"https:\/\/roveyayinevi.com.tr\/index.php\/wp-json\/wp\/v2\/types\/product"}],"wp:attachment":[{"href":"https:\/\/roveyayinevi.com.tr\/index.php\/wp-json\/wp\/v2\/media?parent=779550"}],"wp:term":[{"taxonomy":"product_brand","embeddable":true,"href":"https:\/\/roveyayinevi.com.tr\/index.php\/wp-json\/wp\/v2\/product_brand?post=779550"},{"taxonomy":"product_cat","embeddable":true,"href":"https:\/\/roveyayinevi.com.tr\/index.php\/wp-json\/wp\/v2\/product_cat?post=779550"},{"taxonomy":"product_tag","embeddable":true,"href":"https:\/\/roveyayinevi.com.tr\/index.php\/wp-json\/wp\/v2\/product_tag?post=779550"}],"curies":[{"name":"wp","href":"https:\/\/api.w.org\/{rel}","templated":true}]}}