{"id":779533,"date":"2025-12-30T11:58:42","date_gmt":"2025-12-30T08:58:42","guid":{"rendered":"https:\/\/roveyayinevi.com.tr\/index.php\/urun\/kalpten\/"},"modified":"2026-04-15T03:44:13","modified_gmt":"2026-04-15T00:44:13","slug":"kalpten","status":"publish","type":"product","link":"https:\/\/roveyayinevi.com.tr\/index.php\/urun\/kalpten\/","title":{"rendered":"Kalpten"},"content":{"rendered":"<p>Arkana bakma derler: Yoksa tuza d\u00f6n\u00fc\u015f\u00fcrs\u00fcn.Vars\u0131n olsun. Ne diye bakmayacakm\u0131\u015f\u0131m?I\u015f\u0131l \u0131\u015f\u0131l de\u011fil miydi? G\u00fczel de\u011fil miydi, geride kalan?Dokunakl\u0131, oyunbaz, bilge ama ayn\u0131 zamanda Kalpten \u015fiirler&#8230;Bir kedi ge\u00e7iyor \u015fiirden, sonra bir s\u00fcm\u00fckl\u00fcb\u00f6cek, derken denizk\u0131zlar\u0131 ve kurtinsanlar. Dostlar, sevgililer, katledilen k\u0131zkarde\u015fler, yitip giden do\u011fa\u2026 Atwood\u2019un ola\u011fan\u00fcst\u00fc b\u00fcy\u00fcs\u00fcnde s\u0131radan nesneler ve anlar dile geliyor. Hepsi haf\u0131zan\u0131n, unutu\u015fun ve hat\u0131rlaman\u0131n i\u00e7inden ge\u00e7ip ula\u015f\u0131yor bize, hep bir a\u011f\u0131zdan g\u00fcndelik hayat\u0131n \u015fiirini f\u0131s\u0131ldamak \u00fczere. Hayat yine o ba\u015f d\u00f6nd\u00fcr\u00fcc\u00fc ya\u015fam ve \u00f6l\u00fcm d\u00f6ng\u00fcs\u00fcnde; yok olup gidenlerse hep ya\u015fam\u0131n k\u0131y\u0131s\u0131nda, yan\u0131 ba\u015f\u0131m\u0131zda. \u015eiir bunu s\u00f6yl\u00fcyor bize\u2026Atwood romanlar\u0131nda oldu\u011fu gibi \u015fiirlerinde de sade, \u00e7\u0131plak, d\u00fcr\u00fcst ve KALPTEN.Y\u0131l\u0131n Kitab\u0131 \u2013 Observer, Financial Times<\/p>\n","protected":false},"excerpt":{"rendered":"<p>Arkana bakma derler: Yoksa tuza d\u00f6n\u00fc\u015f\u00fcrs\u00fcn.Vars\u0131n olsun. Ne diye bakmayacakm\u0131\u015f\u0131m?I\u015f\u0131l \u0131\u015f\u0131l de\u011fil miydi? G\u00fczel de\u011fil miydi, geride kalan?Dokunakl\u0131, oyunbaz, bilge ama ayn\u0131 zamanda Kalpten \u015fiirler&#8230;Bir kedi<span class=\"excerpt-hellip\"> [\u2026]<\/span><\/p>\n","protected":false},"featured_media":0,"template":"","meta":{"_monsterinsights_skip_tracking":false,"_monsterinsights_sitenote_active":false,"_monsterinsights_sitenote_note":"","_monsterinsights_sitenote_category":0},"product_brand":[],"product_cat":[12291,12509],"product_tag":[],"class_list":{"0":"post-779533","1":"product","2":"type-product","3":"status-publish","5":"product_cat-edebiyat","6":"product_cat-siir","7":"pa_cilt-ciltsiz","8":"pa_tur-kitap","9":"pa_yayinevi-dogan-kitap","10":"pa_yazar-margaret-atwood","12":"first","13":"instock","14":"sale","15":"shipping-taxable","16":"purchasable","17":"product-type-simple"},"_links":{"self":[{"href":"https:\/\/roveyayinevi.com.tr\/index.php\/wp-json\/wp\/v2\/product\/779533","targetHints":{"allow":["GET"]}}],"collection":[{"href":"https:\/\/roveyayinevi.com.tr\/index.php\/wp-json\/wp\/v2\/product"}],"about":[{"href":"https:\/\/roveyayinevi.com.tr\/index.php\/wp-json\/wp\/v2\/types\/product"}],"wp:attachment":[{"href":"https:\/\/roveyayinevi.com.tr\/index.php\/wp-json\/wp\/v2\/media?parent=779533"}],"wp:term":[{"taxonomy":"product_brand","embeddable":true,"href":"https:\/\/roveyayinevi.com.tr\/index.php\/wp-json\/wp\/v2\/product_brand?post=779533"},{"taxonomy":"product_cat","embeddable":true,"href":"https:\/\/roveyayinevi.com.tr\/index.php\/wp-json\/wp\/v2\/product_cat?post=779533"},{"taxonomy":"product_tag","embeddable":true,"href":"https:\/\/roveyayinevi.com.tr\/index.php\/wp-json\/wp\/v2\/product_tag?post=779533"}],"curies":[{"name":"wp","href":"https:\/\/api.w.org\/{rel}","templated":true}]}}