{"id":779532,"date":"2025-12-30T11:58:40","date_gmt":"2025-12-30T08:58:40","guid":{"rendered":"https:\/\/roveyayinevi.com.tr\/index.php\/urun\/hepiniz-nasil-mutlu-olursunuz\/"},"modified":"2026-04-08T03:41:04","modified_gmt":"2026-04-08T00:41:04","slug":"hepiniz-nasil-mutlu-olursunuz","status":"publish","type":"product","link":"https:\/\/roveyayinevi.com.tr\/index.php\/urun\/hepiniz-nasil-mutlu-olursunuz\/","title":{"rendered":"Hepiniz Nas\u0131l Mutlu Olursunuz?"},"content":{"rendered":"<p>Mutluluk, ne ya\u015fam\u0131n bize arma\u011fan etti\u011fi bir \u015fans, ne de d\u0131\u015far\u0131da aran\u0131p bulunacak bir \u015feydir. Mutluluk, hem insan\u0131n kendi elleriyle yaratt\u0131\u011f\u0131 bir ya\u015fam bi\u00e7imi hem de hissetti\u011fi hafifletici bir duygudur. \u00c7u\u0308nku\u0308 mutluluk \u00f6\u011frenilen bir beceridir. Ve her insan, bu beceriyi geli\u015ftirebilir. Hepiniz, bilimin rehberli\u011finde, okuru ya\u015fam\u0131n anlam\u0131n\u0131 yeniden du\u0308\u015fu\u0308nmeye ve kendi mutlulu\u011funu ad\u0131m ad\u0131m kurmaya davet ediyor. Do\u00e7. Dr. \u00d6zgu\u0308r Bolat, du\u0308\u015fu\u0308ndu\u0308ru\u0308yor, sorgulat\u0131yor ve en \u00f6nemlisi, daha mutlu ve anlaml\u0131 bir ya\u015fam i\u00e7in bize yol haritas\u0131 sunuyor.   \u2022 Peki mutluluk ger\u00e7ekte nedir? \u2022 Mutlu olmay\u0131 nas\u0131l \u00f6\u011freniriz? \u2022 Mutlu olmak m\u0131, mutlu hissetmek mi daha \u00f6nemlidir? \u2022 Mutlu olman\u0131n bilimsel yollar\u0131 nedir? \u2022 Ba\u015far\u0131 m\u0131 mutluluk getirir, yoksa mutluluk mu ba\u015far\u0131y\u0131 do\u011furur? \u2022 Mutluluk pe\u015finde ko\u015fmak neden \u00e7o\u011fu zaman bizi mutsuz eder? \u2022 Para ger\u00e7ekten mutluluk getirir mi? \u2022 Zaman\u0131m\u0131z\u0131 nas\u0131l harcarsak daha mutlu oluruz? \u2022 Ve nas\u0131l mutlu \u00e7ocuklar yeti\u015ftiririz? <\/p>\n","protected":false},"excerpt":{"rendered":"<p>Mutluluk, ne ya\u015fam\u0131n bize arma\u011fan etti\u011fi bir \u015fans, ne de d\u0131\u015far\u0131da aran\u0131p bulunacak bir \u015feydir. Mutluluk, hem insan\u0131n kendi elleriyle yaratt\u0131\u011f\u0131 bir ya\u015fam bi\u00e7imi hem de<span class=\"excerpt-hellip\"> [\u2026]<\/span><\/p>\n","protected":false},"featured_media":0,"template":"","meta":{"_monsterinsights_skip_tracking":false,"_monsterinsights_sitenote_active":false,"_monsterinsights_sitenote_note":"","_monsterinsights_sitenote_category":0},"product_brand":[],"product_cat":[12364,12376],"product_tag":[],"class_list":{"0":"post-779532","1":"product","2":"type-product","3":"status-publish","5":"product_cat-genel-konular","6":"product_cat-kisisel-gelisim","7":"pa_cilt-ciltsiz","8":"pa_tur-kitap","9":"pa_yayinevi-dogan-kitap","10":"pa_yazar-ozgur-bolat","12":"first","13":"instock","14":"sale","15":"shipping-taxable","16":"purchasable","17":"product-type-simple"},"_links":{"self":[{"href":"https:\/\/roveyayinevi.com.tr\/index.php\/wp-json\/wp\/v2\/product\/779532","targetHints":{"allow":["GET"]}}],"collection":[{"href":"https:\/\/roveyayinevi.com.tr\/index.php\/wp-json\/wp\/v2\/product"}],"about":[{"href":"https:\/\/roveyayinevi.com.tr\/index.php\/wp-json\/wp\/v2\/types\/product"}],"wp:attachment":[{"href":"https:\/\/roveyayinevi.com.tr\/index.php\/wp-json\/wp\/v2\/media?parent=779532"}],"wp:term":[{"taxonomy":"product_brand","embeddable":true,"href":"https:\/\/roveyayinevi.com.tr\/index.php\/wp-json\/wp\/v2\/product_brand?post=779532"},{"taxonomy":"product_cat","embeddable":true,"href":"https:\/\/roveyayinevi.com.tr\/index.php\/wp-json\/wp\/v2\/product_cat?post=779532"},{"taxonomy":"product_tag","embeddable":true,"href":"https:\/\/roveyayinevi.com.tr\/index.php\/wp-json\/wp\/v2\/product_tag?post=779532"}],"curies":[{"name":"wp","href":"https:\/\/api.w.org\/{rel}","templated":true}]}}