{"id":779531,"date":"2025-12-30T11:58:38","date_gmt":"2025-12-30T08:58:38","guid":{"rendered":"https:\/\/roveyayinevi.com.tr\/index.php\/urun\/kokler-ve-kanatlar-acevin-oykusu\/"},"modified":"2026-04-15T03:44:13","modified_gmt":"2026-04-15T00:44:13","slug":"kokler-ve-kanatlar-acevin-oykusu","status":"publish","type":"product","link":"https:\/\/roveyayinevi.com.tr\/index.php\/urun\/kokler-ve-kanatlar-acevin-oykusu\/","title":{"rendered":"K\u00f6kler ve Kanatlar A\u00e7ev\u2019in \u00d6yk\u00fcs\u00fc"},"content":{"rendered":"<p>Erken \u00e7ocukluk e\u011fitimi alan\u0131nda T\u00fcrkiye\u2019nin \u00f6nde gelen kurulu\u015fu Anne \u00c7ocuk E\u011fitim Vakf\u0131 (A\u00c7EV), 30 y\u0131ll\u0131k uzun bir yolu geride b\u0131rakt\u0131. \u201cHer \u00e7ocuk hayata e\u015fit ba\u015flamay\u0131 hak eder\u201d diyen A\u00c7EV, 1993 y\u0131l\u0131ndan bu yana sosyal ve ekonomik yetersizlikler nedeniyle geli\u015fimleri risk alt\u0131nda olan \u00e7ocuklar\u0131, hayata e\u015fit bir ba\u015flang\u0131\u00e7 yapabilmeleri i\u00e7in destekliyor. Beyin geli\u015fiminin b\u00fcy\u00fck bir k\u0131sm\u0131n\u0131n tamamland\u0131\u011f\u0131, \u201cya\u015fam\u0131n alt\u0131n y\u0131llar\u0131\u201d olarak an\u0131lan erken ya\u015flar\u0131 oda\u011f\u0131na alan A\u00c7EV, \u00e7ocuklara, onlar\u0131n anne babalar\u0131na ve ayn\u0131 zamanda gen\u00e7 kad\u0131nlara y\u00f6nelik bilimsel temelli e\u011fitim programlar\u0131 geli\u015ftiriyor ve uyguluyor. E\u011fitim programlar\u0131 ve saha \u00e7al\u0131\u015fmalar\u0131n\u0131n yan\u0131 s\u0131ra toplumsal fark\u0131ndal\u0131\u011f\u0131 art\u0131rmak, bilin\u00e7 ve destek olu\u015fturmak \u00fczere fark\u0131ndal\u0131k ve savunu faaliyetleri de ger\u00e7ekle\u015ftiriyor. Bilimsel temellere ve kan\u0131ta dayal\u0131 programlar\u0131n\u0131 T\u00fcrkiye\u2019nin d\u00f6rt bir yan\u0131na g\u00f6n\u00fcll\u00fc e\u011fitimcilerin deste\u011fiyle yayg\u0131nla\u015ft\u0131ran A\u00c7EV, uzmanl\u0131\u011f\u0131n\u0131 uluslararas\u0131 i\u015f birlikleriyle yurt d\u0131\u015f\u0131na da aktar\u0131yor. Elinizdeki kitapta, erken \u00e7ocukluk e\u011fitimine kendini adayan bir kurumu ve o kurumu var edenlerin inan\u00e7 dolu \u00f6yk\u00fcs\u00fcn\u00fc bulacaks\u0131n\u0131z. Vakf\u0131n bilim \u00fczerine nas\u0131l k\u00f6klendi\u011fine, umut ile bilimi ustal\u0131kla nas\u0131l harmanlad\u0131\u011f\u0131na ve kanatlar\u0131n\u0131 a\u00e7arak gelece\u011fe nas\u0131l s\u00fcz\u00fcld\u00fc\u011f\u00fcne tan\u0131kl\u0131k edeceksiniz. Bu kitap, A\u00c7EV\u2019in 30 y\u0131ll\u0131k \u00f6yk\u00fcs\u00fc de\u011fil; 30 y\u0131l\u0131n \u0131\u015f\u0131\u011f\u0131nda bir A\u00c7EV \u00f6yk\u00fcs\u00fc\u2026 \u00c7\u00fcnk\u00fc biliyoruz ki A\u00c7EV\u2019de bir son yok\u2026 <\/p>\n","protected":false},"excerpt":{"rendered":"<p>Erken \u00e7ocukluk e\u011fitimi alan\u0131nda T\u00fcrkiye\u2019nin \u00f6nde gelen kurulu\u015fu Anne \u00c7ocuk E\u011fitim Vakf\u0131 (A\u00c7EV), 30 y\u0131ll\u0131k uzun bir yolu geride b\u0131rakt\u0131. \u201cHer \u00e7ocuk hayata e\u015fit ba\u015flamay\u0131 hak<span class=\"excerpt-hellip\"> [\u2026]<\/span><\/p>\n","protected":false},"featured_media":0,"template":"","meta":{"_monsterinsights_skip_tracking":false,"_monsterinsights_sitenote_active":false,"_monsterinsights_sitenote_note":"","_monsterinsights_sitenote_category":0},"product_brand":[],"product_cat":[12370,12304],"product_tag":[],"class_list":{"0":"post-779531","1":"product","2":"type-product","3":"status-publish","5":"product_cat-arastirma-inceleme","6":"product_cat-tarih","7":"pa_cilt-ciltsiz","8":"pa_tur-kitap","9":"pa_yayinevi-dogan-kitap","10":"pa_yazar-bahar-cuhadar","12":"first","13":"instock","14":"sale","15":"shipping-taxable","16":"purchasable","17":"product-type-simple"},"_links":{"self":[{"href":"https:\/\/roveyayinevi.com.tr\/index.php\/wp-json\/wp\/v2\/product\/779531","targetHints":{"allow":["GET"]}}],"collection":[{"href":"https:\/\/roveyayinevi.com.tr\/index.php\/wp-json\/wp\/v2\/product"}],"about":[{"href":"https:\/\/roveyayinevi.com.tr\/index.php\/wp-json\/wp\/v2\/types\/product"}],"wp:attachment":[{"href":"https:\/\/roveyayinevi.com.tr\/index.php\/wp-json\/wp\/v2\/media?parent=779531"}],"wp:term":[{"taxonomy":"product_brand","embeddable":true,"href":"https:\/\/roveyayinevi.com.tr\/index.php\/wp-json\/wp\/v2\/product_brand?post=779531"},{"taxonomy":"product_cat","embeddable":true,"href":"https:\/\/roveyayinevi.com.tr\/index.php\/wp-json\/wp\/v2\/product_cat?post=779531"},{"taxonomy":"product_tag","embeddable":true,"href":"https:\/\/roveyayinevi.com.tr\/index.php\/wp-json\/wp\/v2\/product_tag?post=779531"}],"curies":[{"name":"wp","href":"https:\/\/api.w.org\/{rel}","templated":true}]}}