{"id":779530,"date":"2025-12-30T11:58:35","date_gmt":"2025-12-30T08:58:35","guid":{"rendered":"https:\/\/roveyayinevi.com.tr\/index.php\/urun\/kanat-ile-tayga\/"},"modified":"2026-04-15T03:44:13","modified_gmt":"2026-04-15T00:44:13","slug":"kanat-ile-tayga","status":"publish","type":"product","link":"https:\/\/roveyayinevi.com.tr\/index.php\/urun\/kanat-ile-tayga\/","title":{"rendered":"Kanat ile Tayga"},"content":{"rendered":"<p>Kanat ile Tayga: \u00dclgen\u2019in Oku, T\u00fcrk mitolojisinden ve Hunlar\u0131n zengin tarihinden ilham alan efsanevi bir fantastik macera serisinin ilk kitab\u0131. Efsanevi ka\u011fan Attila\u2019n\u0131n h\u00fck\u00fcm s\u00fcrd\u00fc\u011f\u00fc d\u00f6nemde ge\u00e7en bu hik\u00e2ye, iyi y\u00fcrekli bir \u00e7oban olan Kanat ile tanr\u0131lar\u0131n hatas\u0131 sonucu canlanm\u0131\u015f muzip bir k\u0131m\u0131z tulumu olan Tayga\u2019n\u0131n ser\u00fcvenini anlat\u0131yor.   Tengrici konar-g\u00f6\u00e7erlerin, mitolojik yarat\u0131klar\u0131n ve kadim T\u00fcrk tanr\u0131lar\u0131n\u0131n d\u00fcnyas\u0131na s\u00fcr\u00fcklenen Kanat ile Tayga, beklenmedik zorluklarla y\u00fczle\u015fmek, korkular\u0131n\u0131n \u00fcstesinden gelmek ve e\u015fi benzeri g\u00f6r\u00fclmemi\u015f bir yolculu\u011fa \u00e7\u0131kmak zorunda kalacak.   E\u011flenceli anlat\u0131m\u0131, i\u00e7ten karakter geli\u015fimi ve mitoloji ile tarihin ustaca harmanland\u0131\u011f\u0131 dokusuyla Kanat \u0130le Tayga: \u00dclgen\u2019in Oku, benzersiz fantastik d\u00fcnyalar\u0131 ve dostluk \u00fczerine kurulu zamans\u0131z hik\u00e2yeleri seven okurlar i\u00e7in s\u00fcr\u00fckleyici bir macera sunuyor. <\/p>\n","protected":false},"excerpt":{"rendered":"<p>Kanat ile Tayga: \u00dclgen\u2019in Oku, T\u00fcrk mitolojisinden ve Hunlar\u0131n zengin tarihinden ilham alan efsanevi bir fantastik macera serisinin ilk kitab\u0131. Efsanevi ka\u011fan Attila\u2019n\u0131n h\u00fck\u00fcm s\u00fcrd\u00fc\u011f\u00fc d\u00f6nemde<span class=\"excerpt-hellip\"> [\u2026]<\/span><\/p>\n","protected":false},"featured_media":0,"template":"","meta":{"_monsterinsights_skip_tracking":false,"_monsterinsights_sitenote_active":false,"_monsterinsights_sitenote_note":"","_monsterinsights_sitenote_category":0},"product_brand":[],"product_cat":[12416,12291],"product_tag":[],"class_list":{"0":"post-779530","1":"product","2":"type-product","3":"status-publish","5":"product_cat-cizgi-roman","6":"product_cat-edebiyat","7":"pa_cilt-ciltsiz","8":"pa_tur-kitap","9":"pa_yayinevi-kara-karga-yayinlari","10":"pa_yazar-sercan-caglarca","12":"first","13":"instock","14":"sale","15":"shipping-taxable","16":"purchasable","17":"product-type-simple"},"_links":{"self":[{"href":"https:\/\/roveyayinevi.com.tr\/index.php\/wp-json\/wp\/v2\/product\/779530","targetHints":{"allow":["GET"]}}],"collection":[{"href":"https:\/\/roveyayinevi.com.tr\/index.php\/wp-json\/wp\/v2\/product"}],"about":[{"href":"https:\/\/roveyayinevi.com.tr\/index.php\/wp-json\/wp\/v2\/types\/product"}],"wp:attachment":[{"href":"https:\/\/roveyayinevi.com.tr\/index.php\/wp-json\/wp\/v2\/media?parent=779530"}],"wp:term":[{"taxonomy":"product_brand","embeddable":true,"href":"https:\/\/roveyayinevi.com.tr\/index.php\/wp-json\/wp\/v2\/product_brand?post=779530"},{"taxonomy":"product_cat","embeddable":true,"href":"https:\/\/roveyayinevi.com.tr\/index.php\/wp-json\/wp\/v2\/product_cat?post=779530"},{"taxonomy":"product_tag","embeddable":true,"href":"https:\/\/roveyayinevi.com.tr\/index.php\/wp-json\/wp\/v2\/product_tag?post=779530"}],"curies":[{"name":"wp","href":"https:\/\/api.w.org\/{rel}","templated":true}]}}