{"id":779529,"date":"2025-12-30T11:58:32","date_gmt":"2025-12-30T08:58:32","guid":{"rendered":"https:\/\/roveyayinevi.com.tr\/index.php\/urun\/olum-agaci-oluler-diyarinin-meyvesi-3\/"},"modified":"2026-04-15T03:44:13","modified_gmt":"2026-04-15T00:44:13","slug":"olum-agaci-oluler-diyarinin-meyvesi-3","status":"publish","type":"product","link":"https:\/\/roveyayinevi.com.tr\/index.php\/urun\/olum-agaci-oluler-diyarinin-meyvesi-3\/","title":{"rendered":"\u00d6l\u00fcm A\u011fac\u0131: \u00d6l\u00fcler Diyar\u0131n\u0131n Meyvesi 3"},"content":{"rendered":"<p>T\u00dcM \u00d6L\u00dcMS\u00dcZLER AVLANACAK!   NAWA \u0130LE \u00d6L\u00dcM TANRISI REN, \u00d6L\u00dcMS\u00dcZ HALE GELEN \u0130NSANLARIN ACISINI D\u0130ND\u0130RMEK \u0130\u00c7\u0130N SAVA\u015eMAYA DEVAM EDER. \u00d6L\u00dcMS\u00dcZLER\u2019\u0130N KRALI YUE\u2019N\u0130N ORTAYA \u00c7IKMASIYLA LANET\u0130N G\u0130ZEM\u0130 \u00c7\u00d6Z\u00dcL\u00dcR. \u0130NSANLAR, \u00d6L\u00dcMS\u00dcZLER VE \u00d6L\u00dcM TANRISI ARASINDA S\u00dcREN D\u00d6RT B\u0130N YILLIK SAVA\u015e, N\u0130HAYET \u00c7\u00d6Z\u00dcLME NOKTASINA ULA\u015eIR. <\/p>\n","protected":false},"excerpt":{"rendered":"<p>T\u00dcM \u00d6L\u00dcMS\u00dcZLER AVLANACAK! NAWA \u0130LE \u00d6L\u00dcM TANRISI REN, \u00d6L\u00dcMS\u00dcZ HALE GELEN \u0130NSANLARIN ACISINI D\u0130ND\u0130RMEK \u0130\u00c7\u0130N SAVA\u015eMAYA DEVAM EDER. \u00d6L\u00dcMS\u00dcZLER\u2019\u0130N KRALI YUE\u2019N\u0130N ORTAYA \u00c7IKMASIYLA LANET\u0130N G\u0130ZEM\u0130 \u00c7\u00d6Z\u00dcL\u00dcR.<span class=\"excerpt-hellip\"> [\u2026]<\/span><\/p>\n","protected":false},"featured_media":0,"template":"","meta":{"_monsterinsights_skip_tracking":false,"_monsterinsights_sitenote_active":false,"_monsterinsights_sitenote_note":"","_monsterinsights_sitenote_category":0},"product_brand":[],"product_cat":[12416,12291],"product_tag":[],"class_list":{"0":"post-779529","1":"product","2":"type-product","3":"status-publish","5":"product_cat-cizgi-roman","6":"product_cat-edebiyat","7":"pa_cilt-ciltsiz","8":"pa_tur-kitap","9":"pa_yayinevi-athica-yayinlari","10":"pa_yazar-masasumi-kakizaki","12":"first","13":"instock","14":"sale","15":"shipping-taxable","16":"purchasable","17":"product-type-simple"},"_links":{"self":[{"href":"https:\/\/roveyayinevi.com.tr\/index.php\/wp-json\/wp\/v2\/product\/779529","targetHints":{"allow":["GET"]}}],"collection":[{"href":"https:\/\/roveyayinevi.com.tr\/index.php\/wp-json\/wp\/v2\/product"}],"about":[{"href":"https:\/\/roveyayinevi.com.tr\/index.php\/wp-json\/wp\/v2\/types\/product"}],"wp:attachment":[{"href":"https:\/\/roveyayinevi.com.tr\/index.php\/wp-json\/wp\/v2\/media?parent=779529"}],"wp:term":[{"taxonomy":"product_brand","embeddable":true,"href":"https:\/\/roveyayinevi.com.tr\/index.php\/wp-json\/wp\/v2\/product_brand?post=779529"},{"taxonomy":"product_cat","embeddable":true,"href":"https:\/\/roveyayinevi.com.tr\/index.php\/wp-json\/wp\/v2\/product_cat?post=779529"},{"taxonomy":"product_tag","embeddable":true,"href":"https:\/\/roveyayinevi.com.tr\/index.php\/wp-json\/wp\/v2\/product_tag?post=779529"}],"curies":[{"name":"wp","href":"https:\/\/api.w.org\/{rel}","templated":true}]}}