{"id":779527,"date":"2025-12-30T11:58:27","date_gmt":"2025-12-30T08:58:27","guid":{"rendered":"https:\/\/roveyayinevi.com.tr\/index.php\/urun\/sen-hala-annenin-kizisin\/"},"modified":"2026-04-15T03:44:13","modified_gmt":"2026-04-15T00:44:13","slug":"sen-hala-annenin-kizisin","status":"publish","type":"product","link":"https:\/\/roveyayinevi.com.tr\/index.php\/urun\/sen-hala-annenin-kizisin\/","title":{"rendered":"Sen Hala Annenin K\u0131z\u0131s\u0131n"},"content":{"rendered":"<p>Da\u011flar\u0131 delecek g\u00fcce sahip olsak da h\u00e2l\u00e2 i\u00e7imizde annesinin dizine yatmaya ihtiya\u00e7 duyan, sa\u00e7\u0131n\u0131n taranmas\u0131n\u0131 bekleyen o k\u0131z \u00e7ocu\u011fu var. Her \u015feyin g\u00fczel olaca\u011f\u0131 g\u00fcne\u015fli g\u00fcnleri sab\u0131rla beklemek yok bende. Ben de\u011fi\u015fime, d\u00f6n\u00fc\u015f\u00fcme, y\u0131k\u0131p yeniden in\u015fa etmeye, temize \u00e7ekmeye, ba\u015ftan yazmaya, emek vermeye ve hayallere inan\u0131yorum. Bu y\u00fczden benim hik\u00e2yemde b\u00fct\u00fcn sorunlar\u0131 \u015f\u0131p diye \u00e7\u00f6z\u00fcveren sihirli de\u011fnekler, hayat\u0131 tozpembe bir maceraya d\u00f6n\u00fc\u015ft\u00fcr\u00fcveren mucizevi y\u0131ld\u0131z tozlar\u0131 yok. Hayat hi\u00e7 b\u00f6yle ya\u015fanm\u0131yor ikimiz de biliyoruz ama o beklenmedik f\u0131rt\u0131nalar esti\u011finde, savrulu\u015flar ba\u015flad\u0131\u011f\u0131nda, azg\u0131n dalgalar ortaya \u00e7\u0131kt\u0131\u011f\u0131nda suyun y\u00fczeyinde kalmay\u0131 \u00f6\u011frenmek var bende. Hatta dalgalar y\u00fckselmeden, o g\u00fc\u00e7l\u00fc f\u0131rt\u0131nalar esmeden bile onlarla nas\u0131l ba\u015f edebilece\u011fini bilmek var. Bu kitapta kendini bug\u00fcne kadar iyi hissettirecek \u015feyleri bulmu\u015f bir kad\u0131n\u0131n yolculu\u011fu var, bundan sonra da yenilerini bulmaya devam edecek bir kad\u0131n\u0131n, bir k\u0131z \u00e7ocu\u011funun ayak sesleri ve onun hayalleri var. Hayat\u0131n ac\u0131tt\u0131\u011f\u0131 yerleri \u00f6rtmek yerine, o yaran\u0131n neden kapanmad\u0131\u011f\u0131na bakmak var. Bu kitapta hik\u00e2yedeki rol\u00fcn\u00fcn hakk\u0131n\u0131 vermek var. Bu hik\u00e2yede vazge\u00e7meyi\u015fler, bo\u015fvermeyi\u015fler var. Hi\u00e7 istemedi\u011fim yerlere gidi\u015flerim, oradan bamba\u015fka bir kad\u0131n olarak d\u00f6n\u00fc\u015flerim var.   Bana g\u00fcven, sen d\u00fc\u015f\u00fcnd\u00fc\u011f\u00fcnden \u00e7ok daha g\u00fc\u00e7l\u00fcs\u00fcn ama belki nereden ba\u015flayaca\u011f\u0131n\u0131 bilmiyor olabilirsin. O halde benimle gel, sana anlatacaklar\u0131m var. <\/p>\n","protected":false},"excerpt":{"rendered":"<p>Da\u011flar\u0131 delecek g\u00fcce sahip olsak da h\u00e2l\u00e2 i\u00e7imizde annesinin dizine yatmaya ihtiya\u00e7 duyan, sa\u00e7\u0131n\u0131n taranmas\u0131n\u0131 bekleyen o k\u0131z \u00e7ocu\u011fu var. Her \u015feyin g\u00fczel olaca\u011f\u0131 g\u00fcne\u015fli g\u00fcnleri<span class=\"excerpt-hellip\"> [\u2026]<\/span><\/p>\n","protected":false},"featured_media":0,"template":"","meta":{"_monsterinsights_skip_tracking":false,"_monsterinsights_sitenote_active":false,"_monsterinsights_sitenote_note":"","_monsterinsights_sitenote_category":0},"product_brand":[],"product_cat":[18545,12291],"product_tag":[],"class_list":{"0":"post-779527","1":"product","2":"type-product","3":"status-publish","5":"product_cat-anlati","6":"product_cat-edebiyat","7":"pa_cilt-ciltsiz","8":"pa_tur-kitap","9":"pa_yayinevi-destek-yayinlari","10":"pa_yazar-cagla-sikel","12":"first","13":"instock","14":"sale","15":"shipping-taxable","16":"purchasable","17":"product-type-simple"},"_links":{"self":[{"href":"https:\/\/roveyayinevi.com.tr\/index.php\/wp-json\/wp\/v2\/product\/779527","targetHints":{"allow":["GET"]}}],"collection":[{"href":"https:\/\/roveyayinevi.com.tr\/index.php\/wp-json\/wp\/v2\/product"}],"about":[{"href":"https:\/\/roveyayinevi.com.tr\/index.php\/wp-json\/wp\/v2\/types\/product"}],"wp:attachment":[{"href":"https:\/\/roveyayinevi.com.tr\/index.php\/wp-json\/wp\/v2\/media?parent=779527"}],"wp:term":[{"taxonomy":"product_brand","embeddable":true,"href":"https:\/\/roveyayinevi.com.tr\/index.php\/wp-json\/wp\/v2\/product_brand?post=779527"},{"taxonomy":"product_cat","embeddable":true,"href":"https:\/\/roveyayinevi.com.tr\/index.php\/wp-json\/wp\/v2\/product_cat?post=779527"},{"taxonomy":"product_tag","embeddable":true,"href":"https:\/\/roveyayinevi.com.tr\/index.php\/wp-json\/wp\/v2\/product_tag?post=779527"}],"curies":[{"name":"wp","href":"https:\/\/api.w.org\/{rel}","templated":true}]}}