{"id":779526,"date":"2025-12-30T11:58:24","date_gmt":"2025-12-30T08:58:24","guid":{"rendered":"https:\/\/roveyayinevi.com.tr\/index.php\/urun\/beyond-the-story-btsin-10-yilllik-hikayesi-ciltli\/"},"modified":"2026-04-15T03:44:13","modified_gmt":"2026-04-15T00:44:13","slug":"beyond-the-story-btsin-10-yilllik-hikayesi-ciltli","status":"publish","type":"product","link":"https:\/\/roveyayinevi.com.tr\/index.php\/urun\/beyond-the-story-btsin-10-yilllik-hikayesi-ciltli\/","title":{"rendered":"Beyond the story: BTS&#8217;in 10 Y\u0131lll\u0131k Hikayesi (Ciltli)"},"content":{"rendered":"<p>BTS&#8217;in 10. y\u0131l\u0131na \u00f6zel, belgesel niteli\u011finde tek kitap.   Bildi\u011finiz her \u015feyin \u00f6tesinde bir hik\u00e2ye.   &#8220;The Most Beautiful Moment In Life&#8221; ve &#8220;Their Youth&#8221;un ilk resm\u00ee kay\u0131tlar\u0131.   Gazeteci Myeongseok Kang&#8217;in \u00fc\u00e7 y\u0131ll\u0131k kapsaml\u0131 r\u00f6portajlar\u0131yla haz\u0131rlanan bu kitapta BTS, bug\u00fcne kadar anlat\u0131lmayan an\u0131lar\u0131 ve sahne arkas\u0131nda ya\u015fad\u0131klar\u0131 ger\u00e7ekleri samimi bir dille okurlarla payla\u015f\u0131yor. <\/p>\n","protected":false},"excerpt":{"rendered":"<p>BTS&#8217;in 10. y\u0131l\u0131na \u00f6zel, belgesel niteli\u011finde tek kitap. Bildi\u011finiz her \u015feyin \u00f6tesinde bir hik\u00e2ye. &#8220;The Most Beautiful Moment In Life&#8221; ve &#8220;Their Youth&#8221;un ilk resm\u00ee kay\u0131tlar\u0131.<span class=\"excerpt-hellip\"> [\u2026]<\/span><\/p>\n","protected":false},"featured_media":0,"template":"","meta":{"_monsterinsights_skip_tracking":false,"_monsterinsights_sitenote_active":false,"_monsterinsights_sitenote_note":"","_monsterinsights_sitenote_category":0},"product_brand":[],"product_cat":[14009,12291],"product_tag":[],"class_list":{"0":"post-779526","1":"product","2":"type-product","3":"status-publish","5":"product_cat-biyografi-otobiyografi-edebiyat","6":"product_cat-edebiyat","7":"pa_cilt-ciltli","8":"pa_tur-kitap","9":"pa_yayinevi-athica-yayinlari","10":"pa_yazar-myeongseok-kang","12":"first","13":"instock","14":"sale","15":"shipping-taxable","16":"purchasable","17":"product-type-simple"},"_links":{"self":[{"href":"https:\/\/roveyayinevi.com.tr\/index.php\/wp-json\/wp\/v2\/product\/779526","targetHints":{"allow":["GET"]}}],"collection":[{"href":"https:\/\/roveyayinevi.com.tr\/index.php\/wp-json\/wp\/v2\/product"}],"about":[{"href":"https:\/\/roveyayinevi.com.tr\/index.php\/wp-json\/wp\/v2\/types\/product"}],"wp:attachment":[{"href":"https:\/\/roveyayinevi.com.tr\/index.php\/wp-json\/wp\/v2\/media?parent=779526"}],"wp:term":[{"taxonomy":"product_brand","embeddable":true,"href":"https:\/\/roveyayinevi.com.tr\/index.php\/wp-json\/wp\/v2\/product_brand?post=779526"},{"taxonomy":"product_cat","embeddable":true,"href":"https:\/\/roveyayinevi.com.tr\/index.php\/wp-json\/wp\/v2\/product_cat?post=779526"},{"taxonomy":"product_tag","embeddable":true,"href":"https:\/\/roveyayinevi.com.tr\/index.php\/wp-json\/wp\/v2\/product_tag?post=779526"}],"curies":[{"name":"wp","href":"https:\/\/api.w.org\/{rel}","templated":true}]}}