{"id":779525,"date":"2025-12-30T11:58:21","date_gmt":"2025-12-30T08:58:21","guid":{"rendered":"https:\/\/roveyayinevi.com.tr\/index.php\/urun\/olum-agaci-oluler-diyarinin-meyvesi-2\/"},"modified":"2026-04-15T03:44:13","modified_gmt":"2026-04-15T00:44:13","slug":"olum-agaci-oluler-diyarinin-meyvesi-2","status":"publish","type":"product","link":"https:\/\/roveyayinevi.com.tr\/index.php\/urun\/olum-agaci-oluler-diyarinin-meyvesi-2\/","title":{"rendered":"\u00d6l\u00fcm A\u011fac\u0131: \u00d6l\u00fcler Diyar\u0131n\u0131n Meyvesi 2"},"content":{"rendered":"<p>HER \u0130NSAN \u00d6L\u00dcMS\u00dcZL\u00dc\u011e\u00dcN CAZ\u0130BES\u0130NE KAPILIR&#8230;   TOPLUM \u0130\u00c7\u0130NDE G\u0130ZLENEN \u00d6L\u00dcMS\u00dcZLER, EBED\u0130 HAYAT \u0130STEYEN \u0130NSANLARA YOMOTSUHEGU\u0130\u2019N\u0130N MEYVES\u0130N\u0130 VEREREK YOLDA\u015eLARININ SAYISINI ARTIRMAKTADIR. ANCAK SONSUZ YA\u015eAM VAAD\u0130 ASLINDA LANET\u0130N TA KEND\u0130S\u0130D\u0130R\u2026 \u00d6L\u00dcM TANRISI REN\u2019\u0130N \u00d6ZEL G\u00dc\u00c7LER BAH\u015eETT\u0130\u011e\u0130 NAWA, \u0130NSAN HAYATININ YANLI\u015e ELLERDE KULLANILMASINI ENGELLEMEK \u0130\u00c7\u0130N \u00d6L\u00dcMS\u00dcZLER\u2019\u0130 AVLAMAYA BA\u015eLAR.   <\/p>\n","protected":false},"excerpt":{"rendered":"<p>HER \u0130NSAN \u00d6L\u00dcMS\u00dcZL\u00dc\u011e\u00dcN CAZ\u0130BES\u0130NE KAPILIR&#8230; TOPLUM \u0130\u00c7\u0130NDE G\u0130ZLENEN \u00d6L\u00dcMS\u00dcZLER, EBED\u0130 HAYAT \u0130STEYEN \u0130NSANLARA YOMOTSUHEGU\u0130\u2019N\u0130N MEYVES\u0130N\u0130 VEREREK YOLDA\u015eLARININ SAYISINI ARTIRMAKTADIR. ANCAK SONSUZ YA\u015eAM VAAD\u0130 ASLINDA LANET\u0130N TA<span class=\"excerpt-hellip\"> [\u2026]<\/span><\/p>\n","protected":false},"featured_media":0,"template":"","meta":{"_monsterinsights_skip_tracking":false,"_monsterinsights_sitenote_active":false,"_monsterinsights_sitenote_note":"","_monsterinsights_sitenote_category":0},"product_brand":[],"product_cat":[12416,12291],"product_tag":[],"class_list":{"0":"post-779525","1":"product","2":"type-product","3":"status-publish","5":"product_cat-cizgi-roman","6":"product_cat-edebiyat","7":"pa_cilt-ciltsiz","8":"pa_tur-kitap","9":"pa_yayinevi-athica-yayinlari","10":"pa_yazar-masasumi-kakizaki","12":"first","13":"instock","14":"sale","15":"shipping-taxable","16":"purchasable","17":"product-type-simple"},"_links":{"self":[{"href":"https:\/\/roveyayinevi.com.tr\/index.php\/wp-json\/wp\/v2\/product\/779525","targetHints":{"allow":["GET"]}}],"collection":[{"href":"https:\/\/roveyayinevi.com.tr\/index.php\/wp-json\/wp\/v2\/product"}],"about":[{"href":"https:\/\/roveyayinevi.com.tr\/index.php\/wp-json\/wp\/v2\/types\/product"}],"wp:attachment":[{"href":"https:\/\/roveyayinevi.com.tr\/index.php\/wp-json\/wp\/v2\/media?parent=779525"}],"wp:term":[{"taxonomy":"product_brand","embeddable":true,"href":"https:\/\/roveyayinevi.com.tr\/index.php\/wp-json\/wp\/v2\/product_brand?post=779525"},{"taxonomy":"product_cat","embeddable":true,"href":"https:\/\/roveyayinevi.com.tr\/index.php\/wp-json\/wp\/v2\/product_cat?post=779525"},{"taxonomy":"product_tag","embeddable":true,"href":"https:\/\/roveyayinevi.com.tr\/index.php\/wp-json\/wp\/v2\/product_tag?post=779525"}],"curies":[{"name":"wp","href":"https:\/\/api.w.org\/{rel}","templated":true}]}}