{"id":779521,"date":"2025-12-30T11:58:11","date_gmt":"2025-12-30T08:58:11","guid":{"rendered":"https:\/\/roveyayinevi.com.tr\/index.php\/urun\/1-2-dim-dim-bagciklarimi-bagladim\/"},"modified":"2026-04-15T03:44:12","modified_gmt":"2026-04-15T00:44:12","slug":"1-2-dim-dim-bagciklarimi-bagladim","status":"publish","type":"product","link":"https:\/\/roveyayinevi.com.tr\/index.php\/urun\/1-2-dim-dim-bagciklarimi-bagladim\/","title":{"rendered":"1, 2, D\u0131m, D\u0131m, Ba\u011fc\u0131klar\u0131m\u0131 Ba\u011flad\u0131m"},"content":{"rendered":"<p>3, 4, d\u0131, d\u0131,  Kap\u0131 \u00e7ald\u0131.  Kim geldi acaba?  \u00c7ok sevilen bir \u00e7ocuk \u015fark\u0131s\u0131ndan uyarlanan bu hik\u00e2yeyle say\u0131 saymay\u0131 denemek ister misin?<\/p>\n","protected":false},"excerpt":{"rendered":"<p>3, 4, d\u0131, d\u0131, Kap\u0131 \u00e7ald\u0131. Kim geldi acaba? \u00c7ok sevilen bir \u00e7ocuk \u015fark\u0131s\u0131ndan uyarlanan bu hik\u00e2yeyle say\u0131 saymay\u0131 denemek ister misin?<\/p>\n","protected":false},"featured_media":0,"template":"","meta":{"_monsterinsights_skip_tracking":false,"_monsterinsights_sitenote_active":false,"_monsterinsights_sitenote_note":"","_monsterinsights_sitenote_category":0},"product_brand":[],"product_cat":[12274,12284],"product_tag":[],"class_list":{"0":"post-779521","1":"product","2":"type-product","3":"status-publish","5":"product_cat-cocuk-ve-genclik-kitaplari","6":"product_cat-hikayeler","7":"pa_cilt-ciltsiz","8":"pa_tur-kitap","9":"pa_yayinevi-is-bankasi-kultur-yayinlari","10":"pa_yazar-russell-punter","12":"first","13":"instock","14":"sale","15":"shipping-taxable","16":"purchasable","17":"product-type-simple"},"_links":{"self":[{"href":"https:\/\/roveyayinevi.com.tr\/index.php\/wp-json\/wp\/v2\/product\/779521","targetHints":{"allow":["GET"]}}],"collection":[{"href":"https:\/\/roveyayinevi.com.tr\/index.php\/wp-json\/wp\/v2\/product"}],"about":[{"href":"https:\/\/roveyayinevi.com.tr\/index.php\/wp-json\/wp\/v2\/types\/product"}],"wp:attachment":[{"href":"https:\/\/roveyayinevi.com.tr\/index.php\/wp-json\/wp\/v2\/media?parent=779521"}],"wp:term":[{"taxonomy":"product_brand","embeddable":true,"href":"https:\/\/roveyayinevi.com.tr\/index.php\/wp-json\/wp\/v2\/product_brand?post=779521"},{"taxonomy":"product_cat","embeddable":true,"href":"https:\/\/roveyayinevi.com.tr\/index.php\/wp-json\/wp\/v2\/product_cat?post=779521"},{"taxonomy":"product_tag","embeddable":true,"href":"https:\/\/roveyayinevi.com.tr\/index.php\/wp-json\/wp\/v2\/product_tag?post=779521"}],"curies":[{"name":"wp","href":"https:\/\/api.w.org\/{rel}","templated":true}]}}