{"id":779515,"date":"2025-12-30T11:57:57","date_gmt":"2025-12-30T08:57:57","guid":{"rendered":"https:\/\/roveyayinevi.com.tr\/index.php\/urun\/gilles-deleuze-ve-felix-guattari-kesisen-hayatlar\/"},"modified":"2026-04-15T03:44:12","modified_gmt":"2026-04-15T00:44:12","slug":"gilles-deleuze-ve-felix-guattari-kesisen-hayatlar","status":"publish","type":"product","link":"https:\/\/roveyayinevi.com.tr\/index.php\/urun\/gilles-deleuze-ve-felix-guattari-kesisen-hayatlar\/","title":{"rendered":"Gilles Deleuze ve Felix Guattari: Kesi\u015fen Hayatlar"},"content":{"rendered":"<p>Deleuze ve Guattari nas\u0131l oldu da bireyselliklerini koruyarak ortak bir ses olu\u015fturabildiler? Bu benzersiz ortakl\u0131k hangi kavramlar\u0131n do\u011fmas\u0131na yol a\u00e7t\u0131 ve iki d\u00fc\u015f\u00fcn\u00fcr\u00fcn ya\u015famlar\u0131n\u0131 nas\u0131l d\u00f6n\u00fc\u015ft\u00fcrd\u00fc? Gilles Deleuze&#8217;\u00fcn felsefi derinli\u011fi ile F\u00e9lix Guattari&#8217;nin devrimci psikiyatri prati\u011fi, beklenmedik bir kar\u015f\u0131la\u015fma sayesinde bulu\u015farak d\u00fc\u015f\u00fcnce tarihinde yeni ufuklar a\u00e7t\u0131. Bu bulu\u015fmadan Anti-Oidipus, Bin Yayla ve Felsefe Nedir? gibi \u00e7\u0131\u011f\u0131r a\u00e7an eserler do\u011fdu. Fran\u00e7ois Dosse\u2019un Gilles Deleuze ve F\u00e9lix Guattari: Kesi\u015fen Hayatlar adl\u0131 kitab\u0131, 20. y\u00fczy\u0131l d\u00fc\u015f\u00fcnce tarihinin en \u00e7arp\u0131c\u0131 ve \u00fcretken ortakl\u0131\u011f\u0131n\u0131n perde arkas\u0131n\u0131 ilk kez bu denli ayr\u0131nt\u0131l\u0131 bi\u00e7imde ayd\u0131nlat\u0131yor. Ar\u015fiv belgeleri, mektuplar ve tan\u0131kl\u0131klardan yola \u00e7\u0131karak yaln\u0131zca entelekt\u00fcel bir devrimi de\u011fil, ayn\u0131 zamanda ki\u015fisel zorluklar\u0131, duygusal gerilimleri ve siyasi m\u00fccadeleleri de g\u00f6zler \u00f6n\u00fcne seriyor. Dosse, bu e\u015fsiz yarat\u0131c\u0131 ortakl\u0131\u011f\u0131n ard\u0131ndaki insan hik\u00e2yelerini titizlikle inceliyor. Kesi\u015fen Hayatlar, felsefe, psikanaliz, sosyoloji ve siyasetle ilgilenen herkes i\u00e7in vazge\u00e7ilmez bir kaynak. \u0130ki zihnin yarat\u0131c\u0131 bulu\u015fmas\u0131ndan do\u011fan devrimci fikirlerin ard\u0131ndaki insan deneyimini s\u00fcr\u00fckleyici bir anlat\u0131mla sunuyor&#8230;<\/p>\n","protected":false},"excerpt":{"rendered":"<p>Deleuze ve Guattari nas\u0131l oldu da bireyselliklerini koruyarak ortak bir ses olu\u015fturabildiler? Bu benzersiz ortakl\u0131k hangi kavramlar\u0131n do\u011fmas\u0131na yol a\u00e7t\u0131 ve iki d\u00fc\u015f\u00fcn\u00fcr\u00fcn ya\u015famlar\u0131n\u0131 nas\u0131l d\u00f6n\u00fc\u015ft\u00fcrd\u00fc?<span class=\"excerpt-hellip\"> [\u2026]<\/span><\/p>\n","protected":false},"featured_media":0,"template":"","meta":{"_monsterinsights_skip_tracking":false,"_monsterinsights_sitenote_active":false,"_monsterinsights_sitenote_note":"","_monsterinsights_sitenote_category":0},"product_brand":[],"product_cat":[20351,12388],"product_tag":[],"class_list":{"0":"post-779515","1":"product","2":"type-product","3":"status-publish","5":"product_cat-dusunce","6":"product_cat-felsefe","7":"pa_cilt-ciltsiz","8":"pa_tur-kitap","9":"pa_yayinevi-is-bankasi-kultur-yayinlari","10":"pa_yazar-francois-dosse","12":"first","13":"instock","14":"sale","15":"shipping-taxable","16":"purchasable","17":"product-type-simple"},"_links":{"self":[{"href":"https:\/\/roveyayinevi.com.tr\/index.php\/wp-json\/wp\/v2\/product\/779515","targetHints":{"allow":["GET"]}}],"collection":[{"href":"https:\/\/roveyayinevi.com.tr\/index.php\/wp-json\/wp\/v2\/product"}],"about":[{"href":"https:\/\/roveyayinevi.com.tr\/index.php\/wp-json\/wp\/v2\/types\/product"}],"wp:attachment":[{"href":"https:\/\/roveyayinevi.com.tr\/index.php\/wp-json\/wp\/v2\/media?parent=779515"}],"wp:term":[{"taxonomy":"product_brand","embeddable":true,"href":"https:\/\/roveyayinevi.com.tr\/index.php\/wp-json\/wp\/v2\/product_brand?post=779515"},{"taxonomy":"product_cat","embeddable":true,"href":"https:\/\/roveyayinevi.com.tr\/index.php\/wp-json\/wp\/v2\/product_cat?post=779515"},{"taxonomy":"product_tag","embeddable":true,"href":"https:\/\/roveyayinevi.com.tr\/index.php\/wp-json\/wp\/v2\/product_tag?post=779515"}],"curies":[{"name":"wp","href":"https:\/\/api.w.org\/{rel}","templated":true}]}}