{"id":779514,"date":"2025-12-30T11:57:54","date_gmt":"2025-12-30T08:57:54","guid":{"rendered":"https:\/\/roveyayinevi.com.tr\/index.php\/urun\/firtina-tanrisinin-cocuklari-hitit-destani\/"},"modified":"2026-04-15T03:44:12","modified_gmt":"2026-04-15T00:44:12","slug":"firtina-tanrisinin-cocuklari-hitit-destani","status":"publish","type":"product","link":"https:\/\/roveyayinevi.com.tr\/index.php\/urun\/firtina-tanrisinin-cocuklari-hitit-destani\/","title":{"rendered":"F\u0131rt\u0131na Tanr\u0131s\u0131\u2019n\u0131n \u00c7ocuklar\u0131 \u2013 Hitit Destan\u0131"},"content":{"rendered":"<p>Bu destan bir Anadolu imparatorlu\u011fu haline gelen Hitit Devleti\u2019nin tarihi ser\u00fcvenini edebi bir dille aktar\u0131yor bizlere. Hititler meydana getirdikleri organizasyon becerisi ve Anadolu\u2019da yayg\u0131n bir bi\u00e7imde kulland\u0131klar\u0131 \u00e7iviyaz\u0131s\u0131yla bu devleti d\u00f6rt y\u00fcz y\u0131l\u0131 a\u015fk\u0131n s\u00fcreyle ya\u015fatm\u0131\u015flar, askeri ve diplomatik yetenekleri sayesinde geni\u015f topraklara yayabilmi\u015flerdir. \u201cMehmet \u00d6zt\u00fcrk yakla\u015f\u0131k \u00fc\u00e7 bin y\u0131l \u00f6ncesine, M\u00d6 8. y\u00fczy\u0131lda ya\u015fayan \u0130yonyal\u0131 Homeros\u2019un eserlerine dayanan bir Anadolu gelene\u011fini devam ettirerek Hititlerin d\u00f6rt y\u00fcz y\u0131ll\u0131k ser\u00fcvenini destanla\u015ft\u0131r\u0131yor. Homeros, \u0130lyada adl\u0131 destan\u0131nda iki farkl\u0131 co\u011frafyan\u0131n halklar\u0131n\u0131n Akha (Miken) ve Troial\u0131lar\u0131n sava\u015f\u0131n\u0131 betimlerken, burada anlat\u0131n\u0131n merkezinde Anadolulu bir toplum olan Hititler duruyor.\u201d                                                                                      Do\u00e7. Dr. Metin Alparslan \u201c\u00d6ns\u00f6z\u2019den\u201d Zaman zaman orijinal Hitit\u00e7e metinlerin sesi de duyuluyor. \u201cHitit insan\u0131\u201dyla yirmi birinci y\u00fczy\u0131l insan\u0131 asl\u0131nda tek bir duyguyu dile getiriyor: Anadolulu\u011fu&#8230; Destan\u0131n ritmi ve co\u015fkunlu\u011fu da bu duyguya dayan\u0131yor. <\/p>\n","protected":false},"excerpt":{"rendered":"<p>Bu destan bir Anadolu imparatorlu\u011fu haline gelen Hitit Devleti\u2019nin tarihi ser\u00fcvenini edebi bir dille aktar\u0131yor bizlere. Hititler meydana getirdikleri organizasyon becerisi ve Anadolu\u2019da yayg\u0131n bir bi\u00e7imde<span class=\"excerpt-hellip\"> [\u2026]<\/span><\/p>\n","protected":false},"featured_media":0,"template":"","meta":{"_monsterinsights_skip_tracking":false,"_monsterinsights_sitenote_active":false,"_monsterinsights_sitenote_note":"","_monsterinsights_sitenote_category":0},"product_brand":[],"product_cat":[12291,13706],"product_tag":[],"class_list":{"0":"post-779514","1":"product","2":"type-product","3":"status-publish","5":"product_cat-edebiyat","6":"product_cat-efsane-destan-masal","7":"pa_cilt-ciltsiz","8":"pa_tur-kitap","9":"pa_yayinevi-is-bankasi-kultur-yayinlari","10":"pa_yazar-mehmet-ozturk","12":"first","13":"instock","14":"sale","15":"shipping-taxable","16":"purchasable","17":"product-type-simple"},"_links":{"self":[{"href":"https:\/\/roveyayinevi.com.tr\/index.php\/wp-json\/wp\/v2\/product\/779514","targetHints":{"allow":["GET"]}}],"collection":[{"href":"https:\/\/roveyayinevi.com.tr\/index.php\/wp-json\/wp\/v2\/product"}],"about":[{"href":"https:\/\/roveyayinevi.com.tr\/index.php\/wp-json\/wp\/v2\/types\/product"}],"wp:attachment":[{"href":"https:\/\/roveyayinevi.com.tr\/index.php\/wp-json\/wp\/v2\/media?parent=779514"}],"wp:term":[{"taxonomy":"product_brand","embeddable":true,"href":"https:\/\/roveyayinevi.com.tr\/index.php\/wp-json\/wp\/v2\/product_brand?post=779514"},{"taxonomy":"product_cat","embeddable":true,"href":"https:\/\/roveyayinevi.com.tr\/index.php\/wp-json\/wp\/v2\/product_cat?post=779514"},{"taxonomy":"product_tag","embeddable":true,"href":"https:\/\/roveyayinevi.com.tr\/index.php\/wp-json\/wp\/v2\/product_tag?post=779514"}],"curies":[{"name":"wp","href":"https:\/\/api.w.org\/{rel}","templated":true}]}}