{"id":779513,"date":"2025-12-30T11:57:52","date_gmt":"2025-12-30T08:57:52","guid":{"rendered":"https:\/\/roveyayinevi.com.tr\/index.php\/urun\/sana-seslenmek-icin\/"},"modified":"2026-04-15T03:44:12","modified_gmt":"2026-04-15T00:44:12","slug":"sana-seslenmek-icin","status":"publish","type":"product","link":"https:\/\/roveyayinevi.com.tr\/index.php\/urun\/sana-seslenmek-icin\/","title":{"rendered":"Sana Seslenmek \u0130\u00e7in"},"content":{"rendered":"<p>Sana Seslenmek \u0130\u00e7in Ataol Behramo\u011flu\u2019nun ilk \u015fiirlerinden son \u015fiirlerine kadar kendisinin haz\u0131rlad\u0131\u011f\u0131 en geni\u015f se\u00e7kidir. Bu dizeler \u015fairin i\u00e7 d\u00fcnyas\u0131n\u0131n \u00f6yk\u00fcs\u00fc oldu\u011fu kadar \u00fclkemize ve d\u00fcnyam\u0131za etkin bir \u015fiirsel tan\u0131kl\u0131k gibidir. Gece sessizce ba\u015fl\u0131yor ve \u0131rma\u011f\u0131n \u00d6te yakas\u0131na ge\u00e7iyor atl\u0131lar Bir papatyan\u0131n a\u00e7\u0131\u015f\u0131n\u0131 dinliyorum G\u00f6ky\u00fcz\u00fc gitgide geni\u015fliyor. Islak yapraklar\u0131n derin ye\u015filli\u011fi Islak da\u011flar\u0131n uyand\u0131rd\u0131\u011f\u0131 keder Kendime bir demet \u00e7i\u00e7ek topluyorum \u00d6\u011fretmenimin ilikledi\u011fi g\u00f6\u011fs\u00fcm Ne kadar gen\u00e7 A\u011fz\u0131mda taptaze bir t\u00fct\u00fcn kokusu Ve taze ceviz kabuklar\u0131n\u0131n karartt\u0131\u011f\u0131 parmaklar\u0131mda Bir a\u011f\u0131z m\u0131z\u0131kas\u0131 \u00d6\u011frendi\u011fim ilk \u015fark\u0131lar Yollar yollar yollar boyunca S\u00f6yledi\u011fim ilk \u015fark\u0131lar Sevgilim olan b\u00fct\u00fcn k\u0131zlar Siyah \u00f6nl\u00fckleri ve Ka\u00e7amak bak\u0131\u015flar\u0131yla ge\u00e7ip gittiler [&#8230;]                         Sana Seslenmek \u0130\u00e7in \u015fiirinden <\/p>\n","protected":false},"excerpt":{"rendered":"<p>Sana Seslenmek \u0130\u00e7in Ataol Behramo\u011flu\u2019nun ilk \u015fiirlerinden son \u015fiirlerine kadar kendisinin haz\u0131rlad\u0131\u011f\u0131 en geni\u015f se\u00e7kidir. Bu dizeler \u015fairin i\u00e7 d\u00fcnyas\u0131n\u0131n \u00f6yk\u00fcs\u00fc oldu\u011fu kadar \u00fclkemize ve d\u00fcnyam\u0131za<span class=\"excerpt-hellip\"> [\u2026]<\/span><\/p>\n","protected":false},"featured_media":0,"template":"","meta":{"_monsterinsights_skip_tracking":false,"_monsterinsights_sitenote_active":false,"_monsterinsights_sitenote_note":"","_monsterinsights_sitenote_category":0},"product_brand":[],"product_cat":[12291,12509],"product_tag":[],"class_list":{"0":"post-779513","1":"product","2":"type-product","3":"status-publish","5":"product_cat-edebiyat","6":"product_cat-siir","7":"pa_cilt-ciltsiz","8":"pa_tur-kitap","9":"pa_yayinevi-is-bankasi-kultur-yayinlari","10":"pa_yazar-ataol-behramoglu","12":"first","13":"instock","14":"sale","15":"shipping-taxable","16":"purchasable","17":"product-type-simple"},"_links":{"self":[{"href":"https:\/\/roveyayinevi.com.tr\/index.php\/wp-json\/wp\/v2\/product\/779513","targetHints":{"allow":["GET"]}}],"collection":[{"href":"https:\/\/roveyayinevi.com.tr\/index.php\/wp-json\/wp\/v2\/product"}],"about":[{"href":"https:\/\/roveyayinevi.com.tr\/index.php\/wp-json\/wp\/v2\/types\/product"}],"wp:attachment":[{"href":"https:\/\/roveyayinevi.com.tr\/index.php\/wp-json\/wp\/v2\/media?parent=779513"}],"wp:term":[{"taxonomy":"product_brand","embeddable":true,"href":"https:\/\/roveyayinevi.com.tr\/index.php\/wp-json\/wp\/v2\/product_brand?post=779513"},{"taxonomy":"product_cat","embeddable":true,"href":"https:\/\/roveyayinevi.com.tr\/index.php\/wp-json\/wp\/v2\/product_cat?post=779513"},{"taxonomy":"product_tag","embeddable":true,"href":"https:\/\/roveyayinevi.com.tr\/index.php\/wp-json\/wp\/v2\/product_tag?post=779513"}],"curies":[{"name":"wp","href":"https:\/\/api.w.org\/{rel}","templated":true}]}}