{"id":779512,"date":"2025-12-30T11:57:49","date_gmt":"2025-12-30T08:57:49","guid":{"rendered":"https:\/\/roveyayinevi.com.tr\/index.php\/urun\/metres\/"},"modified":"2026-04-15T03:44:12","modified_gmt":"2026-04-15T00:44:12","slug":"metres","status":"publish","type":"product","link":"https:\/\/roveyayinevi.com.tr\/index.php\/urun\/metres\/","title":{"rendered":"Metres"},"content":{"rendered":"<p>\u0130htiyar bir Rum t\u00fcccar\u0131n metresi olarak Paris\u2019ten \u0130stanbul\u2019a gelen Matmazel Parnas, zengin hamisi \u00f6l\u00fcnce kime \u00e7ataca\u011f\u0131, hangi servete \u00e7arpaca\u011f\u0131 bilinmeyen bir kuyrukluy\u0131ld\u0131z gibi, Beyo\u011flu\u2019nun a\u015fk semalar\u0131nda dola\u015fmaya ba\u015flar. \u015e\u0131k beyler aras\u0131nda kavga nedeni olan bu afetin cazibesine kap\u0131larak b\u00fct\u00fcn servetini kaybedenlerden biri de mirasyedi M\u00fc\u015ftak\u2019t\u0131r. Metresi Parnas\u2019\u0131n giderlerini kar\u015f\u0131layamayan parnasyen M\u00fc\u015ftak, arkada\u015f\u0131 Reyhan\u2019dan bor\u00e7 ister. Reyhan da Parnas\u2019\u0131 payla\u015fmak \u015fart\u0131yla arkada\u015f\u0131na istedi\u011fi paray\u0131 verir. Ancak bir s\u00fcre sonra aralar\u0131nda k\u0131skan\u00e7l\u0131k ve husumet ba\u015f g\u00f6sterir. Bunlar yetmezmi\u015f gibi, Hami ad\u0131nda, \u201cdandini beyim hoppala pa\u015fam\u201d \u00fc\u00e7\u00fcnc\u00fc bir ortaklar\u0131n\u0131n daha oldu\u011funu \u00f6\u011frenen iki arkada\u015f birlik olup intikam almak i\u00e7in Hami\u2019nin annesi Firuze Han\u0131m\u2019\u0131 ve kar\u0131s\u0131 Saffet Han\u0131m\u2019\u0131 yazd\u0131klar\u0131 a\u015fk mektuplar\u0131yla ba\u015ftan \u00e7\u0131kar\u0131rlar. B\u00f6ylece \u015fair ve kinik filozof Revai karakterinin alayc\u0131 g\u00f6zlem ve kat\u0131l\u0131m\u0131yla Metres, komedi ve trajedinin i\u00e7 i\u00e7e ge\u00e7ti\u011fi a\u015fk, evlilik, ihanet, k\u0131skan\u00e7l\u0131k, \u015fehvet, para ve intikam sarmal\u0131nda geli\u015fen olaylarla birlikte \u0130stanbul\u2019da konak hayat\u0131n\u0131, farkl\u0131 g\u00f6r\u00fcn\u00fcmleriyle d\u00f6nemin sosyok\u00fclt\u00fcrel manzaras\u0131n\u0131, e\u011fitim meselelerini ve edebiyat atmosferini de g\u00f6zler \u00f6n\u00fcne serer. H\u00fcseyin Rahmi G\u00fcrp\u0131nar, 1900 y\u0131l\u0131nda \u0130kdam gazetesinde tefrika edildikten sonra ayn\u0131 y\u0131l kitapla\u015ft\u0131r\u0131lan Metres\u2019te, alafranga mirasyedi tipler \u00fczerinden hem yanl\u0131\u015f Bat\u0131l\u0131la\u015fmayla toplumda yayg\u0131nl\u0131k kazanan metres hayat\u0131n\u0131n birey ve \u00f6zellikle aile hayat\u0131nda yaratt\u0131\u011f\u0131 tahribi s\u00fcr\u00fckleyici bir kurgu ve mizahi anlat\u0131mla hicveder hem de romantizm ve parnasizm gibi edebi ak\u0131mlar\u0131n etkisindeki Servetif\u00fcnun toplulu\u011funu \u00f6rt\u00fck bir \u015fekilde ele\u015ftirir. <\/p>\n","protected":false},"excerpt":{"rendered":"<p>\u0130htiyar bir Rum t\u00fcccar\u0131n metresi olarak Paris\u2019ten \u0130stanbul\u2019a gelen Matmazel Parnas, zengin hamisi \u00f6l\u00fcnce kime \u00e7ataca\u011f\u0131, hangi servete \u00e7arpaca\u011f\u0131 bilinmeyen bir kuyrukluy\u0131ld\u0131z gibi, Beyo\u011flu\u2019nun a\u015fk semalar\u0131nda<span class=\"excerpt-hellip\"> [\u2026]<\/span><\/p>\n","protected":false},"featured_media":0,"template":"","meta":{"_monsterinsights_skip_tracking":false,"_monsterinsights_sitenote_active":false,"_monsterinsights_sitenote_note":"","_monsterinsights_sitenote_category":0},"product_brand":[],"product_cat":[12291,12711],"product_tag":[],"class_list":{"0":"post-779512","1":"product","2":"type-product","3":"status-publish","5":"product_cat-edebiyat","6":"product_cat-roman-oyku","7":"pa_cilt-ciltsiz","8":"pa_tur-kitap","9":"pa_yayinevi-is-bankasi-kultur-yayinlari","10":"pa_yazar-huseyin-rahmi-gurpinar","12":"first","13":"instock","14":"sale","15":"shipping-taxable","16":"purchasable","17":"product-type-simple"},"_links":{"self":[{"href":"https:\/\/roveyayinevi.com.tr\/index.php\/wp-json\/wp\/v2\/product\/779512","targetHints":{"allow":["GET"]}}],"collection":[{"href":"https:\/\/roveyayinevi.com.tr\/index.php\/wp-json\/wp\/v2\/product"}],"about":[{"href":"https:\/\/roveyayinevi.com.tr\/index.php\/wp-json\/wp\/v2\/types\/product"}],"wp:attachment":[{"href":"https:\/\/roveyayinevi.com.tr\/index.php\/wp-json\/wp\/v2\/media?parent=779512"}],"wp:term":[{"taxonomy":"product_brand","embeddable":true,"href":"https:\/\/roveyayinevi.com.tr\/index.php\/wp-json\/wp\/v2\/product_brand?post=779512"},{"taxonomy":"product_cat","embeddable":true,"href":"https:\/\/roveyayinevi.com.tr\/index.php\/wp-json\/wp\/v2\/product_cat?post=779512"},{"taxonomy":"product_tag","embeddable":true,"href":"https:\/\/roveyayinevi.com.tr\/index.php\/wp-json\/wp\/v2\/product_tag?post=779512"}],"curies":[{"name":"wp","href":"https:\/\/api.w.org\/{rel}","templated":true}]}}