{"id":779511,"date":"2025-12-30T11:57:46","date_gmt":"2025-12-30T08:57:46","guid":{"rendered":"https:\/\/roveyayinevi.com.tr\/index.php\/urun\/garip-meslekler-kulubu-ciltli\/"},"modified":"2026-04-15T03:44:12","modified_gmt":"2026-04-15T00:44:12","slug":"garip-meslekler-kulubu-ciltli","status":"publish","type":"product","link":"https:\/\/roveyayinevi.com.tr\/index.php\/urun\/garip-meslekler-kulubu-ciltli\/","title":{"rendered":"Garip Meslekler Kul\u00fcb\u00fc (Ciltli)"},"content":{"rendered":"<p>\u201cBu cemiyetin niteli\u011fi hemen basit\u00e7e \u015f\u00f6yle a\u00e7\u0131klanabilir: Eksantrik bir bohem kul\u00fcb\u00fcd\u00fcr, \u00fcyelik i\u00e7in tek bir mutlak ko\u015ful vard\u0131r, o da aday\u0131n, hayat\u0131n\u0131 kazanma y\u00f6ntemini kendi ke\u015ffetmi\u015f olmas\u0131. Tamamen yeni bir meslek olmal\u0131.\u201d Chesterton, 1905 y\u0131l\u0131nda yay\u0131mlanan Garip Meslekler Kul\u00fcb\u00fc\u2019nde okuru Londra\u2019n\u0131n \u00fccra k\u00f6\u015felerinde kalm\u0131\u015f tuhaf mucitlerin d\u00fcnyas\u0131na g\u00f6t\u00fcr\u00fcyor. Buradaki mucitler, bilimsel-teknik ufuklar a\u00e7an d\u00e2hiler de\u011fil. Sosyal ili\u015fkilerin karma\u015f\u0131kla\u015fmas\u0131yla do\u011fan g\u00f6r\u00fcnmez ihtiya\u00e7lar\u0131 fark edip akla hayale gelmedik mesleklere d\u00f6n\u00fc\u015ft\u00fcren yeni bir deha t\u00fcr\u00fcyle tan\u0131\u015f\u0131yoruz. Bu mesleklerde al\u0131\u015f\u0131ld\u0131k ticari zek\u00e2 yerine en ulvi felsefeleri insan ili\u015fkilerinin k\u00fc\u00e7\u00fck ayr\u0131nt\u0131lar\u0131na uyarlama becerisi kendini g\u00f6steriyor, tabii baz\u0131 aksakl\u0131klarla. Paradokslar\u0131n Prensi Chesterton bu yap\u0131t\u0131n\u0131 Londra\u2019n\u0131n kasvetli atmosferinde i\u015fleyen canl\u0131 bir mizah at\u00f6lyesine ay\u0131r\u0131yor.<\/p>\n","protected":false},"excerpt":{"rendered":"<p>\u201cBu cemiyetin niteli\u011fi hemen basit\u00e7e \u015f\u00f6yle a\u00e7\u0131klanabilir: Eksantrik bir bohem kul\u00fcb\u00fcd\u00fcr, \u00fcyelik i\u00e7in tek bir mutlak ko\u015ful vard\u0131r, o da aday\u0131n, hayat\u0131n\u0131 kazanma y\u00f6ntemini kendi ke\u015ffetmi\u015f<span class=\"excerpt-hellip\"> [\u2026]<\/span><\/p>\n","protected":false},"featured_media":0,"template":"","meta":{"_monsterinsights_skip_tracking":false,"_monsterinsights_sitenote_active":false,"_monsterinsights_sitenote_note":"","_monsterinsights_sitenote_category":0},"product_brand":[],"product_cat":[12291,12711],"product_tag":[],"class_list":{"0":"post-779511","1":"product","2":"type-product","3":"status-publish","5":"product_cat-edebiyat","6":"product_cat-roman-oyku","7":"pa_cilt-ciltli","8":"pa_tur-kitap","9":"pa_yayinevi-is-bankasi-kultur-yayinlari","10":"pa_yazar-gilbert-k-chesterton","12":"first","13":"instock","14":"sale","15":"shipping-taxable","16":"purchasable","17":"product-type-simple"},"_links":{"self":[{"href":"https:\/\/roveyayinevi.com.tr\/index.php\/wp-json\/wp\/v2\/product\/779511","targetHints":{"allow":["GET"]}}],"collection":[{"href":"https:\/\/roveyayinevi.com.tr\/index.php\/wp-json\/wp\/v2\/product"}],"about":[{"href":"https:\/\/roveyayinevi.com.tr\/index.php\/wp-json\/wp\/v2\/types\/product"}],"wp:attachment":[{"href":"https:\/\/roveyayinevi.com.tr\/index.php\/wp-json\/wp\/v2\/media?parent=779511"}],"wp:term":[{"taxonomy":"product_brand","embeddable":true,"href":"https:\/\/roveyayinevi.com.tr\/index.php\/wp-json\/wp\/v2\/product_brand?post=779511"},{"taxonomy":"product_cat","embeddable":true,"href":"https:\/\/roveyayinevi.com.tr\/index.php\/wp-json\/wp\/v2\/product_cat?post=779511"},{"taxonomy":"product_tag","embeddable":true,"href":"https:\/\/roveyayinevi.com.tr\/index.php\/wp-json\/wp\/v2\/product_tag?post=779511"}],"curies":[{"name":"wp","href":"https:\/\/api.w.org\/{rel}","templated":true}]}}