{"id":779508,"date":"2025-12-30T11:57:38","date_gmt":"2025-12-30T08:57:38","guid":{"rendered":"https:\/\/roveyayinevi.com.tr\/index.php\/urun\/cocuklarin-gecesi\/"},"modified":"2026-04-03T03:35:41","modified_gmt":"2026-04-03T00:35:41","slug":"cocuklarin-gecesi","status":"publish","type":"product","link":"https:\/\/roveyayinevi.com.tr\/index.php\/urun\/cocuklarin-gecesi\/","title":{"rendered":"\u00c7ocuklar\u0131n Gecesi"},"content":{"rendered":"<p>Maurice Maeterlinck sembolist tiyatroya kazand\u0131rd\u0131\u011f\u0131 se\u00e7kin yap\u0131tlar\u0131ndan dolay\u0131 1911\u2019de Nobel Edebiyat \u00d6d\u00fcl\u00fc\u2019ne de\u011fer g\u00f6r\u00fcld\u00fc. Yap\u0131tlar\u0131n\u0131 Frans\u0131zca yazan ve Frans\u0131z edebi ak\u0131mlar\u0131ndan esinlenen Bel\u00e7ikal\u0131 yazar, \u0130kinci D\u00fcnya Sava\u015f\u0131 patlak verdi\u011finde ABD\u2019ye g\u00f6\u00e7m\u00fc\u015ft\u00fc. 1941 y\u0131l\u0131nda New York\u2019ta insanl\u0131\u011f\u0131n gelece\u011fine dair bir nevi \u201cvasiyetname\u201d kaleme ald\u0131. Edebi \u00fcretimine g\u00f6rkemli bir nokta koymak amac\u0131yla yazmaya giri\u015fti\u011fi bu yap\u0131t i\u00e7in ustala\u015ft\u0131\u011f\u0131 bir t\u00fcr\u00fc, tiyatroyu se\u00e7mi\u015fti. \u00c7ocuklar\u0131n Gecesi dramatik ve \u00e7okanlaml\u0131 diliyle, iki \u00e7ocu\u011fun deneyimledi\u011fi ola\u011fan\u00fcst\u00fc bir gecenin felsefi hik\u00e2yesine d\u00f6n\u00fc\u015ft\u00fc. O karanl\u0131k gecede olumsuz g\u00fc\u00e7lerle \u00e7arp\u0131\u015ft\u0131ktan sonra \u015fafak s\u00f6kerken daha iyi bir d\u00fcnya in\u015fa etmeyi ba\u015faran \u00e7ocuklar yar\u0131n\u0131n insan\u0131n\u0131, gelece\u011fin akt\u00f6rlerini temsil ediyordu. Antonin Artaud\u2019ya g\u00f6re, Maeterlinck bu yap\u0131tta \u201cedebiyata bilin\u00e7d\u0131\u015f\u0131n\u0131n bir\u00e7ok zenginli\u011fini katma\u201d konusunda \u00f6nc\u00fcl\u00fck etmi\u015f; materyalizm, do\u011fa, \u00f6l\u00fcm ve mutluluk gibi kendisi i\u00e7in de\u011ferli temalara y\u00f6nelirken iyimserli\u011fi elden b\u0131rakmam\u0131\u015ft\u0131r. Yazar\u0131n \u00f6l\u00fcm\u00fcnden 75 y\u0131l sonra, torunu taraf\u0131ndan \u201cmucize eseri\u201d bulunarak g\u00fcn \u0131\u015f\u0131\u011f\u0131na \u00e7\u0131kar\u0131lan \u00c7ocuklar\u0131n Gecesi, t\u0131pk\u0131 K\u00fc\u00e7\u00fck Prens gibi, her ya\u015ftan okura verecek mesaj\u0131 olan zamans\u0131z bir ba\u015fyap\u0131tt\u0131r.<\/p>\n","protected":false},"excerpt":{"rendered":"<p>Maurice Maeterlinck sembolist tiyatroya kazand\u0131rd\u0131\u011f\u0131 se\u00e7kin yap\u0131tlar\u0131ndan dolay\u0131 1911\u2019de Nobel Edebiyat \u00d6d\u00fcl\u00fc\u2019ne de\u011fer g\u00f6r\u00fcld\u00fc. Yap\u0131tlar\u0131n\u0131 Frans\u0131zca yazan ve Frans\u0131z edebi ak\u0131mlar\u0131ndan esinlenen Bel\u00e7ikal\u0131 yazar, \u0130kinci D\u00fcnya<span class=\"excerpt-hellip\"> [\u2026]<\/span><\/p>\n","protected":false},"featured_media":0,"template":"","meta":{"_monsterinsights_skip_tracking":false,"_monsterinsights_sitenote_active":false,"_monsterinsights_sitenote_note":"","_monsterinsights_sitenote_category":0},"product_brand":[],"product_cat":[12291,12711],"product_tag":[],"class_list":{"0":"post-779508","1":"product","2":"type-product","3":"status-publish","5":"product_cat-edebiyat","6":"product_cat-roman-oyku","7":"pa_cilt-ciltsiz","8":"pa_tur-kitap","9":"pa_yayinevi-is-bankasi-kultur-yayinlari","10":"pa_yazar-maurice-maeterlinck","12":"first","13":"instock","14":"sale","15":"shipping-taxable","16":"purchasable","17":"product-type-simple"},"_links":{"self":[{"href":"https:\/\/roveyayinevi.com.tr\/index.php\/wp-json\/wp\/v2\/product\/779508","targetHints":{"allow":["GET"]}}],"collection":[{"href":"https:\/\/roveyayinevi.com.tr\/index.php\/wp-json\/wp\/v2\/product"}],"about":[{"href":"https:\/\/roveyayinevi.com.tr\/index.php\/wp-json\/wp\/v2\/types\/product"}],"wp:attachment":[{"href":"https:\/\/roveyayinevi.com.tr\/index.php\/wp-json\/wp\/v2\/media?parent=779508"}],"wp:term":[{"taxonomy":"product_brand","embeddable":true,"href":"https:\/\/roveyayinevi.com.tr\/index.php\/wp-json\/wp\/v2\/product_brand?post=779508"},{"taxonomy":"product_cat","embeddable":true,"href":"https:\/\/roveyayinevi.com.tr\/index.php\/wp-json\/wp\/v2\/product_cat?post=779508"},{"taxonomy":"product_tag","embeddable":true,"href":"https:\/\/roveyayinevi.com.tr\/index.php\/wp-json\/wp\/v2\/product_tag?post=779508"}],"curies":[{"name":"wp","href":"https:\/\/api.w.org\/{rel}","templated":true}]}}