{"id":779506,"date":"2025-12-30T11:57:35","date_gmt":"2025-12-30T08:57:35","guid":{"rendered":"https:\/\/roveyayinevi.com.tr\/index.php\/urun\/sofist-3\/"},"modified":"2026-04-15T03:44:12","modified_gmt":"2026-04-15T00:44:12","slug":"sofist-3","status":"publish","type":"product","link":"https:\/\/roveyayinevi.com.tr\/index.php\/urun\/sofist-3\/","title":{"rendered":"Sofist"},"content":{"rendered":"<p>Platon (M\u00d6 428\/7-348\/7): Atina\u2019n\u0131n aristokrat gen\u00e7lerinin gramer, m\u00fczik ve beden e\u011fitiminden olu\u015fan temel e\u011fitimini ald\u0131ktan sonra filozof Kratylos\u2019un \u00f6\u011frencisi olmu\u015f, onun sayesinde Sokrates \u00f6ncesi filozoflar\u0131n eserlerini tan\u0131m\u0131\u015ft\u0131r. Bununla birlikte Platon\u2019u en \u00e7ok etkileyen d\u00fc\u015f\u00fcn\u00fcr Sokrates\u2019tir, ancak tarihin en me\u015fhur \u00f6\u011fretmen \u00f6\u011frenci ikilisinin nerede ve nas\u0131l kar\u015f\u0131la\u015ft\u0131\u011f\u0131na dair bilgiler \u00e7eli\u015fkilidir. Eserlerindeki at\u0131flardan tan\u0131\u015ft\u0131klar\u0131 s\u0131rada hocas\u0131n\u0131n altm\u0131\u015f, kendisinin de yirmi ya\u015flar\u0131nda oldu\u011fu anla\u015f\u0131lmaktad\u0131r. Siyasetle de ilgilenen Platon, Sokrates\u2019in \u00f6l\u00fcme mahk\u00fbm edili\u015finin ard\u0131ndan bu u\u011fra\u015f\u0131ndan vazge\u00e7ip hocas\u0131n\u0131n d\u00fc\u015f\u00fcncelerini geli\u015ftirmeye ve kendi felsefe sistemini kurmaya y\u00f6nelmi\u015f, M\u00d6 387 y\u0131l\u0131nda Bat\u0131 d\u00fcnyas\u0131n\u0131n en uzun \u00f6m\u00fcrl\u00fc e\u011fitim kurumlar\u0131ndan Akademia\u2019y\u0131 kurmu\u015ftur. Sofist Platon\u2019un diyaloglar\u0131 aras\u0131nda belki de en karma\u015f\u0131k ve derin olanlardan biridir. Bu diyalog filozofun ontoloji, epistemoloji ve dil felsefesi \u00fczerine derinlemesine d\u00fc\u015f\u00fcnd\u00fc\u011f\u00fc bir metin olarak \u00f6ne \u00e7\u0131kar, Eleatik d\u00fc\u015f\u00fcnceye ve varl\u0131k felsefesine olan ilgisini yans\u0131t\u0131r.<\/p>\n","protected":false},"excerpt":{"rendered":"<p>Platon (M\u00d6 428\/7-348\/7): Atina\u2019n\u0131n aristokrat gen\u00e7lerinin gramer, m\u00fczik ve beden e\u011fitiminden olu\u015fan temel e\u011fitimini ald\u0131ktan sonra filozof Kratylos\u2019un \u00f6\u011frencisi olmu\u015f, onun sayesinde Sokrates \u00f6ncesi filozoflar\u0131n eserlerini<span class=\"excerpt-hellip\"> [\u2026]<\/span><\/p>\n","protected":false},"featured_media":0,"template":"","meta":{"_monsterinsights_skip_tracking":false,"_monsterinsights_sitenote_active":false,"_monsterinsights_sitenote_note":"","_monsterinsights_sitenote_category":0},"product_brand":[],"product_cat":[12388,15309],"product_tag":[],"class_list":{"0":"post-779506","1":"product","2":"type-product","3":"status-publish","5":"product_cat-felsefe","6":"product_cat-felsefi-akimlar","7":"pa_cilt-ciltsiz","8":"pa_tur-kitap","9":"pa_yayinevi-is-bankasi-kultur-yayinlari","10":"pa_yazar-platon","12":"first","13":"instock","14":"sale","15":"shipping-taxable","16":"purchasable","17":"product-type-simple"},"_links":{"self":[{"href":"https:\/\/roveyayinevi.com.tr\/index.php\/wp-json\/wp\/v2\/product\/779506","targetHints":{"allow":["GET"]}}],"collection":[{"href":"https:\/\/roveyayinevi.com.tr\/index.php\/wp-json\/wp\/v2\/product"}],"about":[{"href":"https:\/\/roveyayinevi.com.tr\/index.php\/wp-json\/wp\/v2\/types\/product"}],"wp:attachment":[{"href":"https:\/\/roveyayinevi.com.tr\/index.php\/wp-json\/wp\/v2\/media?parent=779506"}],"wp:term":[{"taxonomy":"product_brand","embeddable":true,"href":"https:\/\/roveyayinevi.com.tr\/index.php\/wp-json\/wp\/v2\/product_brand?post=779506"},{"taxonomy":"product_cat","embeddable":true,"href":"https:\/\/roveyayinevi.com.tr\/index.php\/wp-json\/wp\/v2\/product_cat?post=779506"},{"taxonomy":"product_tag","embeddable":true,"href":"https:\/\/roveyayinevi.com.tr\/index.php\/wp-json\/wp\/v2\/product_tag?post=779506"}],"curies":[{"name":"wp","href":"https:\/\/api.w.org\/{rel}","templated":true}]}}