{"id":779505,"date":"2025-12-30T11:57:32","date_gmt":"2025-12-30T08:57:32","guid":{"rendered":"https:\/\/roveyayinevi.com.tr\/index.php\/urun\/cilgin-orlando-3-ciltli\/"},"modified":"2026-04-15T03:44:12","modified_gmt":"2026-04-15T00:44:12","slug":"cilgin-orlando-3-ciltli","status":"publish","type":"product","link":"https:\/\/roveyayinevi.com.tr\/index.php\/urun\/cilgin-orlando-3-ciltli\/","title":{"rendered":"\u00c7\u0131lg\u0131n Orlando &#8211; 3 (Ciltli)"},"content":{"rendered":"<p>Ludovico Ariosto (1474-1533): \u00dcnl\u00fc \u0130talyan \u015fair. Hukuk \u00f6\u011frenimi g\u00f6rm\u00fc\u015f, kalabal\u0131k ailesine bakmak i\u00e7in Ferrara dukalar\u0131n\u0131n yan\u0131nda \u00e7al\u0131\u015fmak zorunda kalm\u0131\u015ft\u0131r. \u00c7a\u011fda\u015f\u0131 Machiavelli gibi H\u00fcmanizma-R\u00f6nesans\u2019\u0131n temelini olu\u015fturan yazarlardan biri olan Ariosto \u015fiirin yan\u0131 s\u0131ra komedya, hiciv gibi t\u00fcrlerde de eserler vermi\u015ftir. Kendisine \u00f6l\u00fcms\u00fcz bir \u00fcn kazand\u0131ran ve gelmi\u015f ge\u00e7mi\u015f en b\u00fcy\u00fck \u015fairler aras\u0131nda an\u0131lmas\u0131n\u0131 sa\u011flayan eseri \u00c7\u0131lg\u0131n Orlando \u00fczerinde neredeyse 30 y\u0131l \u00e7al\u0131\u015fm\u0131\u015ft\u0131r. \u015eair manzum \u015f\u00f6valye hik\u00e2yelerini ve \u015earlman\u2019\u0131n Hristiyanl\u0131\u011f\u0131 yayma \u00e7abas\u0131n\u0131 temel ald\u0131\u011f\u0131 eserinde ince bir alayc\u0131l\u0131kla derin bir insan sevgisini i\u00e7 i\u00e7e i\u015fler. Yay\u0131mlanmas\u0131n\u0131n hemen ard\u0131ndan b\u00fcy\u00fck bir ba\u015far\u0131 kazanan \u00c7\u0131lg\u0131n Orlando sadece \u0130talya\u2019da 154 bask\u0131 yapm\u0131\u015f, hemen hemen b\u00fct\u00fcn Avrupa dillerine \u00e7evrilmi\u015ftir. Hasan \u00c2li Y\u00fccel Klasikler Dizisi\u2019nde \u00fc\u00e7 cilt halinde yay\u0131mlanan \u00c7\u0131lg\u0131n Orlando, \u0130talyanca asl\u0131ndan ve manzum olarak dilimize ilk kez \u00e7evrildi. Elinizdeki kitap bu b\u00fcy\u00fck eserin \u00fc\u00e7\u00fcnc\u00fc ve son cildidir.<\/p>\n","protected":false},"excerpt":{"rendered":"<p>Ludovico Ariosto (1474-1533): \u00dcnl\u00fc \u0130talyan \u015fair. Hukuk \u00f6\u011frenimi g\u00f6rm\u00fc\u015f, kalabal\u0131k ailesine bakmak i\u00e7in Ferrara dukalar\u0131n\u0131n yan\u0131nda \u00e7al\u0131\u015fmak zorunda kalm\u0131\u015ft\u0131r. \u00c7a\u011fda\u015f\u0131 Machiavelli gibi H\u00fcmanizma-R\u00f6nesans\u2019\u0131n temelini olu\u015fturan yazarlardan<span class=\"excerpt-hellip\"> [\u2026]<\/span><\/p>\n","protected":false},"featured_media":0,"template":"","meta":{"_monsterinsights_skip_tracking":false,"_monsterinsights_sitenote_active":false,"_monsterinsights_sitenote_note":"","_monsterinsights_sitenote_category":0},"product_brand":[],"product_cat":[12291,12509],"product_tag":[],"class_list":{"0":"post-779505","1":"product","2":"type-product","3":"status-publish","5":"product_cat-edebiyat","6":"product_cat-siir","7":"pa_cilt-ciltli","8":"pa_tur-kitap","9":"pa_yayinevi-is-bankasi-kultur-yayinlari","10":"pa_yazar-ludovico-ariosto","12":"first","13":"instock","14":"sale","15":"shipping-taxable","16":"purchasable","17":"product-type-simple"},"_links":{"self":[{"href":"https:\/\/roveyayinevi.com.tr\/index.php\/wp-json\/wp\/v2\/product\/779505","targetHints":{"allow":["GET"]}}],"collection":[{"href":"https:\/\/roveyayinevi.com.tr\/index.php\/wp-json\/wp\/v2\/product"}],"about":[{"href":"https:\/\/roveyayinevi.com.tr\/index.php\/wp-json\/wp\/v2\/types\/product"}],"wp:attachment":[{"href":"https:\/\/roveyayinevi.com.tr\/index.php\/wp-json\/wp\/v2\/media?parent=779505"}],"wp:term":[{"taxonomy":"product_brand","embeddable":true,"href":"https:\/\/roveyayinevi.com.tr\/index.php\/wp-json\/wp\/v2\/product_brand?post=779505"},{"taxonomy":"product_cat","embeddable":true,"href":"https:\/\/roveyayinevi.com.tr\/index.php\/wp-json\/wp\/v2\/product_cat?post=779505"},{"taxonomy":"product_tag","embeddable":true,"href":"https:\/\/roveyayinevi.com.tr\/index.php\/wp-json\/wp\/v2\/product_tag?post=779505"}],"curies":[{"name":"wp","href":"https:\/\/api.w.org\/{rel}","templated":true}]}}