{"id":779503,"date":"2025-12-30T11:57:26","date_gmt":"2025-12-30T08:57:26","guid":{"rendered":"https:\/\/roveyayinevi.com.tr\/index.php\/urun\/isigin-alani\/"},"modified":"2026-04-15T03:44:12","modified_gmt":"2026-04-15T00:44:12","slug":"isigin-alani","status":"publish","type":"product","link":"https:\/\/roveyayinevi.com.tr\/index.php\/urun\/isigin-alani\/","title":{"rendered":"I\u015f\u0131\u011f\u0131n Alan\u0131"},"content":{"rendered":"<p>1970\u2019lerin Tokyo\u2019su. \u0130simsiz anlat\u0131c\u0131 e\u015finden bo\u015fanm\u0131\u015f, k\u0131z\u0131yla birlikte hayat\u0131n\u0131 yeniden kurmaya \u00e7al\u0131\u015fan yaln\u0131z bir annedir. Bir yandan g\u00fcndelik ya\u015fam\u0131n heng\u00e2mesine uyum sa\u011flamaya \u00e7al\u0131\u015f\u0131rken, di\u011fer yandan ge\u00e7mi\u015fin g\u00f6lgeleri ve toplumun beklentileriyle y\u00fczle\u015fmek zorundad\u0131r. Yaln\u0131zl\u0131k ve dayan\u0131kl\u0131l\u0131\u011f\u0131n birbirine ge\u00e7ti\u011fi bu karma\u015f\u0131k duygular\u0131n i\u00e7inde gen\u00e7 kad\u0131n\u0131n hik\u00e2yesi evrensel bir varolu\u015f m\u00fccadelesine d\u00f6n\u00fc\u015fecektir.Modern Japon edebiyat\u0131n\u0131n en \u00f6nemli isimlerinden biri olan Yuko Tsushima\u2019n\u0131n T\u00fcrk\u00e7edeki ilk roman\u0131 I\u015f\u0131\u011f\u0131n Alan\u0131 kayb\u0131n, yaln\u0131zl\u0131\u011f\u0131n ve yeniden ba\u015flaman\u0131n derin hik\u00e2yesini anlat\u0131rken kad\u0131nlar\u0131n i\u00e7 d\u00fcnyas\u0131n\u0131 e\u015fsiz bir samimiyetle g\u00f6zler \u00f6n\u00fcne seriyor.\u201cTsushima, yaln\u0131z bir kad\u0131n\u0131n toplum i\u00e7indeki m\u00fccadelesini ger\u00e7ek\u00e7i ve dokunakl\u0131 bir \u015fekilde tasvir ediyor.\u201dThe Guardian<\/p>\n","protected":false},"excerpt":{"rendered":"<p>1970\u2019lerin Tokyo\u2019su. \u0130simsiz anlat\u0131c\u0131 e\u015finden bo\u015fanm\u0131\u015f, k\u0131z\u0131yla birlikte hayat\u0131n\u0131 yeniden kurmaya \u00e7al\u0131\u015fan yaln\u0131z bir annedir. Bir yandan g\u00fcndelik ya\u015fam\u0131n heng\u00e2mesine uyum sa\u011flamaya \u00e7al\u0131\u015f\u0131rken, di\u011fer yandan ge\u00e7mi\u015fin<span class=\"excerpt-hellip\"> [\u2026]<\/span><\/p>\n","protected":false},"featured_media":0,"template":"","meta":{"_monsterinsights_skip_tracking":false,"_monsterinsights_sitenote_active":false,"_monsterinsights_sitenote_note":"","_monsterinsights_sitenote_category":0},"product_brand":[],"product_cat":[12291,12711],"product_tag":[],"class_list":{"0":"post-779503","1":"product","2":"type-product","3":"status-publish","5":"product_cat-edebiyat","6":"product_cat-roman-oyku","7":"pa_cilt-ciltsiz","8":"pa_tur-kitap","9":"pa_yayinevi-can-yayinlari","10":"pa_yazar-yuko-tsushima","12":"first","13":"instock","14":"sale","15":"shipping-taxable","16":"purchasable","17":"product-type-simple"},"_links":{"self":[{"href":"https:\/\/roveyayinevi.com.tr\/index.php\/wp-json\/wp\/v2\/product\/779503","targetHints":{"allow":["GET"]}}],"collection":[{"href":"https:\/\/roveyayinevi.com.tr\/index.php\/wp-json\/wp\/v2\/product"}],"about":[{"href":"https:\/\/roveyayinevi.com.tr\/index.php\/wp-json\/wp\/v2\/types\/product"}],"wp:attachment":[{"href":"https:\/\/roveyayinevi.com.tr\/index.php\/wp-json\/wp\/v2\/media?parent=779503"}],"wp:term":[{"taxonomy":"product_brand","embeddable":true,"href":"https:\/\/roveyayinevi.com.tr\/index.php\/wp-json\/wp\/v2\/product_brand?post=779503"},{"taxonomy":"product_cat","embeddable":true,"href":"https:\/\/roveyayinevi.com.tr\/index.php\/wp-json\/wp\/v2\/product_cat?post=779503"},{"taxonomy":"product_tag","embeddable":true,"href":"https:\/\/roveyayinevi.com.tr\/index.php\/wp-json\/wp\/v2\/product_tag?post=779503"}],"curies":[{"name":"wp","href":"https:\/\/api.w.org\/{rel}","templated":true}]}}