{"id":779502,"date":"2025-12-30T11:57:24","date_gmt":"2025-12-30T08:57:24","guid":{"rendered":"https:\/\/roveyayinevi.com.tr\/index.php\/urun\/ermisin-ask-mektuplari\/"},"modified":"2026-04-15T03:44:12","modified_gmt":"2026-04-15T00:44:12","slug":"ermisin-ask-mektuplari","status":"publish","type":"product","link":"https:\/\/roveyayinevi.com.tr\/index.php\/urun\/ermisin-ask-mektuplari\/","title":{"rendered":"Ermi\u015f\u2019in A\u015fk Mektuplar\u0131"},"content":{"rendered":"<p>Elinizdeki kitap, y\u00fczy\u0131llar\u0131 a\u015fan bir diyalog, ke\u015ffedilen bir miras: Coelho\u2019nun ellerinde yeniden can bulan, Cibran\u2019\u0131n kalbinden y\u00fckselen, Mary Haskell\u2019in varl\u0131\u011f\u0131yla tamamlanan bir a\u015fk ve ilham hik\u00e2yesi.Cibran\u2019\u0131n kaleminden d\u00f6k\u00fclen kelimeler, Mary Haskell\u2019e yaz\u0131lm\u0131\u015f mektuplarda a\u015fk\u0131n ve sanat\u0131n en \u00e7\u0131plak halini bulurken, bir sanat\u00e7\u0131n\u0131n yarat\u0131m sanc\u0131lar\u0131n\u0131, insan ruhunun \u00f6zg\u00fcrl\u00fck aray\u0131\u015f\u0131n\u0131 ve Ermi\u015f\u2019in ard\u0131ndaki i\u00e7sel yolculu\u011fu da g\u00fcn \u0131\u015f\u0131\u011f\u0131na \u00e7\u0131kar\u0131yor. Coelho ise bu mektuplar\u0131 \u00f6zenle derleyerek iki ruh aras\u0131ndaki o derin sevgiye ve dostlu\u011fa, y\u00fczy\u0131llar\u0131n \u00f6tesinden yank\u0131lanan nadir bir a\u015fka kulak vermemizi sa\u011fl\u0131yor.\u201c\u0130nsan sevdi\u011fi zaman ruhunu a\u00e7\u0131\u011fa vurur; ben de Halil Cibran\u2019\u0131n i\u00e7 d\u00fcnyas\u0131n\u0131 Mary Haskell\u2019le olan mektupla\u015fmalar\u0131nda buldum.\u201dPaulo Coelho<\/p>\n","protected":false},"excerpt":{"rendered":"<p>Elinizdeki kitap, y\u00fczy\u0131llar\u0131 a\u015fan bir diyalog, ke\u015ffedilen bir miras: Coelho\u2019nun ellerinde yeniden can bulan, Cibran\u2019\u0131n kalbinden y\u00fckselen, Mary Haskell\u2019in varl\u0131\u011f\u0131yla tamamlanan bir a\u015fk ve ilham hik\u00e2yesi.Cibran\u2019\u0131n<span class=\"excerpt-hellip\"> [\u2026]<\/span><\/p>\n","protected":false},"featured_media":0,"template":"","meta":{"_monsterinsights_skip_tracking":false,"_monsterinsights_sitenote_active":false,"_monsterinsights_sitenote_note":"","_monsterinsights_sitenote_category":0},"product_brand":[],"product_cat":[13835],"product_tag":[],"class_list":{"0":"post-779502","1":"product","2":"type-product","3":"status-publish","5":"product_cat-cok-satanlar","6":"pa_cilt-ciltsiz","7":"pa_tur-kitap","8":"pa_yayinevi-can-yayinlari","9":"pa_yazar-halil-cibran-paulo-coelho","11":"first","12":"instock","13":"sale","14":"shipping-taxable","15":"purchasable","16":"product-type-simple"},"_links":{"self":[{"href":"https:\/\/roveyayinevi.com.tr\/index.php\/wp-json\/wp\/v2\/product\/779502","targetHints":{"allow":["GET"]}}],"collection":[{"href":"https:\/\/roveyayinevi.com.tr\/index.php\/wp-json\/wp\/v2\/product"}],"about":[{"href":"https:\/\/roveyayinevi.com.tr\/index.php\/wp-json\/wp\/v2\/types\/product"}],"wp:attachment":[{"href":"https:\/\/roveyayinevi.com.tr\/index.php\/wp-json\/wp\/v2\/media?parent=779502"}],"wp:term":[{"taxonomy":"product_brand","embeddable":true,"href":"https:\/\/roveyayinevi.com.tr\/index.php\/wp-json\/wp\/v2\/product_brand?post=779502"},{"taxonomy":"product_cat","embeddable":true,"href":"https:\/\/roveyayinevi.com.tr\/index.php\/wp-json\/wp\/v2\/product_cat?post=779502"},{"taxonomy":"product_tag","embeddable":true,"href":"https:\/\/roveyayinevi.com.tr\/index.php\/wp-json\/wp\/v2\/product_tag?post=779502"}],"curies":[{"name":"wp","href":"https:\/\/api.w.org\/{rel}","templated":true}]}}