{"id":779499,"date":"2025-12-30T11:57:14","date_gmt":"2025-12-30T08:57:14","guid":{"rendered":"https:\/\/roveyayinevi.com.tr\/index.php\/urun\/kutlu-yazilar\/"},"modified":"2026-01-30T04:16:45","modified_gmt":"2026-01-30T01:16:45","slug":"kutlu-yazilar","status":"publish","type":"product","link":"https:\/\/roveyayinevi.com.tr\/index.php\/urun\/kutlu-yazilar\/","title":{"rendered":"Kutlu Yaz\u0131lar"},"content":{"rendered":"<p>Mustafa Kutlu&#8217;nun hen\u00fcz do\u011fmam\u0131\u015f torunundan dedesine yaz\u0131lm\u0131\u015ft\u0131r   Ben hen\u00fcz bu d\u00fcnyaya g\u00f6zlerimi a\u00e7mad\u0131m. Ne bir nefes ald\u0131m, ne bir ad\u0131m att\u0131m topra\u011fa\u2026 \u015eimdilik beni bekleyen sizden \u00f6nce bana ula\u015fm\u0131\u015f bir ses dedemin kaleminden do\u011fup kalplerin yoluna d\u00fc\u015fen Kutlu Yaz\u0131lar. Belki siz bu kitab\u0131 elinizde tutarken ben h\u00e2l\u00e2 g\u00f6ky\u00fcz\u00fcn\u00fcn \u00f6tesindeyim. Ama ben biliyorum her kelimesinde, her sat\u0131r\u0131nda bana uzanan bir dua var. Bir dedenin torununa, bir y\u00fcre\u011fin gelece\u011fe yaz\u0131lm\u0131\u015f mektubu bu. Bu kitap, yaln\u0131zca bir eserin de\u011fil, bir \u00f6mr\u00fcn hik\u00e2yesidir. Dedem Mustafa Kutlu; hayat\u0131n a\u011f\u0131rl\u0131\u011f\u0131n\u0131, sevdan\u0131n yang\u0131n\u0131n\u0131, topra\u011f\u0131n bereketini ve inanc\u0131n kudretini kelimelerle yo\u011furmu\u015f bir g\u00f6n\u00fcl ustas\u0131d\u0131r. O, susan topraklar\u0131n sesini, unutulan dualar\u0131n yank\u0131s\u0131n\u0131 duyurmu\u015f bir kalemdir. &#8220;Kutlu Yaz\u0131lar&#8221;da bir k\u00f6y\u00fcn sabah\u0131n\u0131 da bulursunuz, bir annenin sevgisini de\u2026 Ve b\u00fct\u00fcn bunlar\u0131n aras\u0131nda, kalbiyle yazan bir insan\u0131n sade ama derin izlerini. Ben dedemi kelimelerinden tan\u0131yorum. Belki y\u00fcz\u00fcn\u00fc hi\u00e7 g\u00f6rmeyece\u011fim ama onun sesi bu sat\u0131rlar\u0131n aras\u0131nda ya\u015famaya devam edecek. Her okuyan, biraz benim gibi olacak; bir torun gibi onun dizinin dibinde oturacak, ve onun kelimelerinden bir par\u00e7a huzur alacak. Ey okuyucu abilerim ablalar\u0131m amcalar\u0131m teyzelerim, sizin elinizde tuttu\u011funuz yaln\u0131zca yaz\u0131lm\u0131\u015f bir kitap de\u011fildir. Bu bir kalbin \u00e7a\u011fr\u0131s\u0131d\u0131r. Bir insan\u0131n inand\u0131\u011f\u0131 de\u011ferlere s\u0131ms\u0131k\u0131 sar\u0131larak d\u00fcnyaya b\u0131rakt\u0131\u011f\u0131 bir emanettir. Onun kalemi r\u00fczg\u00e2rla konu\u015fur, toprakla a\u011fla\u015f\u0131r, g\u00f6ky\u00fcz\u00fcyle bar\u0131\u015f\u0131r. Ve bu y\u00fczden &#8220;Kutlu Yaz\u0131lar&#8221; b\u00fct\u00fcn insanl\u0131\u011fa yaz\u0131lm\u0131\u015f bir vasiyet gibidir.<\/p>\n","protected":false},"excerpt":{"rendered":"<p>Mustafa Kutlu&#8217;nun hen\u00fcz do\u011fmam\u0131\u015f torunundan dedesine yaz\u0131lm\u0131\u015ft\u0131r Ben hen\u00fcz bu d\u00fcnyaya g\u00f6zlerimi a\u00e7mad\u0131m. Ne bir nefes ald\u0131m, ne bir ad\u0131m att\u0131m topra\u011fa\u2026 \u015eimdilik beni bekleyen sizden<span class=\"excerpt-hellip\"> [\u2026]<\/span><\/p>\n","protected":false},"featured_media":0,"template":"","meta":{"_monsterinsights_skip_tracking":false,"_monsterinsights_sitenote_active":false,"_monsterinsights_sitenote_note":"","_monsterinsights_sitenote_category":0},"product_brand":[],"product_cat":[12291,12509],"product_tag":[],"class_list":{"0":"post-779499","1":"product","2":"type-product","3":"status-publish","5":"product_cat-edebiyat","6":"product_cat-siir","7":"pa_cilt-ciltsiz","8":"pa_tur-kitap","9":"pa_yayinevi-vova-yayinlari","10":"pa_yazar-mustafa-kutlu","12":"first","13":"instock","14":"sale","15":"shipping-taxable","16":"purchasable","17":"product-type-simple"},"_links":{"self":[{"href":"https:\/\/roveyayinevi.com.tr\/index.php\/wp-json\/wp\/v2\/product\/779499","targetHints":{"allow":["GET"]}}],"collection":[{"href":"https:\/\/roveyayinevi.com.tr\/index.php\/wp-json\/wp\/v2\/product"}],"about":[{"href":"https:\/\/roveyayinevi.com.tr\/index.php\/wp-json\/wp\/v2\/types\/product"}],"wp:attachment":[{"href":"https:\/\/roveyayinevi.com.tr\/index.php\/wp-json\/wp\/v2\/media?parent=779499"}],"wp:term":[{"taxonomy":"product_brand","embeddable":true,"href":"https:\/\/roveyayinevi.com.tr\/index.php\/wp-json\/wp\/v2\/product_brand?post=779499"},{"taxonomy":"product_cat","embeddable":true,"href":"https:\/\/roveyayinevi.com.tr\/index.php\/wp-json\/wp\/v2\/product_cat?post=779499"},{"taxonomy":"product_tag","embeddable":true,"href":"https:\/\/roveyayinevi.com.tr\/index.php\/wp-json\/wp\/v2\/product_tag?post=779499"}],"curies":[{"name":"wp","href":"https:\/\/api.w.org\/{rel}","templated":true}]}}