{"id":779498,"date":"2025-12-30T11:57:11","date_gmt":"2025-12-30T08:57:11","guid":{"rendered":"https:\/\/roveyayinevi.com.tr\/index.php\/urun\/kutlu-soz-selam\/"},"modified":"2026-01-30T04:16:45","modified_gmt":"2026-01-30T01:16:45","slug":"kutlu-soz-selam","status":"publish","type":"product","link":"https:\/\/roveyayinevi.com.tr\/index.php\/urun\/kutlu-soz-selam\/","title":{"rendered":"Kutlu S\u00f6z Selam"},"content":{"rendered":"<p>Selam, kiraz a\u011fac\u0131ndan ve \u00e7i\u00e7eklenen dal\u0131ndan Selam, komar\u0131n g\u00fcl\u00fcnden ve de ar\u0131n\u0131n bal\u0131ndan Selam, Koru&#8217;nun belinden selam Veri&#8217;nin \u00e7ay\u0131ndan Selam, elma armut duttan dikapa pelit kay\u0131ndan Selam, Erdemli K\u00f6y\u00fc\u2019nden Ye\u015fil\u0131rmak yol boyundan Selam, derede bal\u0131ktan kedi k\u00f6pek ve koyundan Selam, kars\u0131z Is\u0131rl\u0131k&#8217;tan bumbuz Apa\u00e7i Suyu&#8217;ndan Selam, olsun K\u00e2milli&#8217;den ve K\u00f6pr\u00fcba\u015f\u0131 K\u00f6y\u00fc\u2019nden Selam, bahar gelmi\u015f k\u00f6yden r\u00fczg\u00e2rl\u0131 Nisan ay\u0131ndan Selam, \u015fozun \u00e7isesinden g\u00fcnelinin bay\u0131r\u0131ndan Selam, Adalar&#8217;\u0131n d\u00fczden \u00c7ak\u0131rl\u0131&#8217;n\u0131n \u00e7ay\u0131r\u0131ndan Selam, Mustafa Kutlu&#8217;nun muhabbete buyurundan <\/p>\n","protected":false},"excerpt":{"rendered":"<p>Selam, kiraz a\u011fac\u0131ndan ve \u00e7i\u00e7eklenen dal\u0131ndan Selam, komar\u0131n g\u00fcl\u00fcnden ve de ar\u0131n\u0131n bal\u0131ndan Selam, Koru&#8217;nun belinden selam Veri&#8217;nin \u00e7ay\u0131ndan Selam, elma armut duttan dikapa pelit kay\u0131ndan<span class=\"excerpt-hellip\"> [\u2026]<\/span><\/p>\n","protected":false},"featured_media":0,"template":"","meta":{"_monsterinsights_skip_tracking":false,"_monsterinsights_sitenote_active":false,"_monsterinsights_sitenote_note":"","_monsterinsights_sitenote_category":0},"product_brand":[],"product_cat":[12291,12509],"product_tag":[],"class_list":{"0":"post-779498","1":"product","2":"type-product","3":"status-publish","5":"product_cat-edebiyat","6":"product_cat-siir","7":"pa_cilt-ciltsiz","8":"pa_tur-kitap","9":"pa_yayinevi-vova-yayinlari","10":"pa_yazar-mustafa-kutlu","12":"first","13":"instock","14":"sale","15":"shipping-taxable","16":"purchasable","17":"product-type-simple"},"_links":{"self":[{"href":"https:\/\/roveyayinevi.com.tr\/index.php\/wp-json\/wp\/v2\/product\/779498","targetHints":{"allow":["GET"]}}],"collection":[{"href":"https:\/\/roveyayinevi.com.tr\/index.php\/wp-json\/wp\/v2\/product"}],"about":[{"href":"https:\/\/roveyayinevi.com.tr\/index.php\/wp-json\/wp\/v2\/types\/product"}],"wp:attachment":[{"href":"https:\/\/roveyayinevi.com.tr\/index.php\/wp-json\/wp\/v2\/media?parent=779498"}],"wp:term":[{"taxonomy":"product_brand","embeddable":true,"href":"https:\/\/roveyayinevi.com.tr\/index.php\/wp-json\/wp\/v2\/product_brand?post=779498"},{"taxonomy":"product_cat","embeddable":true,"href":"https:\/\/roveyayinevi.com.tr\/index.php\/wp-json\/wp\/v2\/product_cat?post=779498"},{"taxonomy":"product_tag","embeddable":true,"href":"https:\/\/roveyayinevi.com.tr\/index.php\/wp-json\/wp\/v2\/product_tag?post=779498"}],"curies":[{"name":"wp","href":"https:\/\/api.w.org\/{rel}","templated":true}]}}