{"id":779494,"date":"2025-12-30T11:57:01","date_gmt":"2025-12-30T08:57:01","guid":{"rendered":"https:\/\/roveyayinevi.com.tr\/index.php\/urun\/ekonominin-dili-borctan-kurtulma-huzula-bulusma\/"},"modified":"2026-01-30T04:16:45","modified_gmt":"2026-01-30T01:16:45","slug":"ekonominin-dili-borctan-kurtulma-huzula-bulusma","status":"publish","type":"product","link":"https:\/\/roveyayinevi.com.tr\/index.php\/urun\/ekonominin-dili-borctan-kurtulma-huzula-bulusma\/","title":{"rendered":"Ekonominin Dili Bor\u00e7tan Kurtulma Huzula Bulu\u015fma"},"content":{"rendered":"<p>Tasarrufun g\u00fcc\u00fcne inan\u0131n. Kanaat sahibi olun. Bor\u00e7suz ya\u015famay\u0131 hedefleyin. Acil durumlar i\u00e7in b\u00fct\u00e7e yap\u0131n. Pozitif finansal \u00f6zg\u00fcrl\u00fck kumbaran\u0131z olsun. Ekonomik ve sosyal hayat\u0131n\u0131zdan ger\u00e7ek\u00e7i bir bi\u00e7imde tasarruf edin. Harcamalar\u0131n\u0131z\u0131 m\u00fcmk\u00fcnse nakit yap\u0131n. Emekli maa\u015f\u0131n\u0131z\u0131 garantileyin, kendinizi g\u00fcvenceye al\u0131n. Kendinizi y\u00f6netebilece\u011finize inan ki ba\u015far\u0131l\u0131 olun. Gelecekteki harcamalar\u0131n\u0131z i\u00e7in haz\u0131rl\u0131kl\u0131 olun. Kredi kart\u0131ndan cesaret almay\u0131n. Kolay evetten uzak durun. Hay\u0131r demeyi \u00f6\u011frenin.<\/p>\n","protected":false},"excerpt":{"rendered":"<p>Tasarrufun g\u00fcc\u00fcne inan\u0131n. Kanaat sahibi olun. Bor\u00e7suz ya\u015famay\u0131 hedefleyin. Acil durumlar i\u00e7in b\u00fct\u00e7e yap\u0131n. Pozitif finansal \u00f6zg\u00fcrl\u00fck kumbaran\u0131z olsun. Ekonomik ve sosyal hayat\u0131n\u0131zdan ger\u00e7ek\u00e7i bir bi\u00e7imde<span class=\"excerpt-hellip\"> [\u2026]<\/span><\/p>\n","protected":false},"featured_media":0,"template":"","meta":{"_monsterinsights_skip_tracking":false,"_monsterinsights_sitenote_active":false,"_monsterinsights_sitenote_note":"","_monsterinsights_sitenote_category":0},"product_brand":[],"product_cat":[13043],"product_tag":[],"class_list":{"0":"post-779494","1":"product","2":"type-product","3":"status-publish","5":"product_cat-ekonomi","6":"pa_cilt-ciltsiz","7":"pa_tur-kitap","8":"pa_yayinevi-vova-yayinlari","9":"pa_yazar-zulali-kozan","11":"first","12":"instock","13":"sale","14":"shipping-taxable","15":"purchasable","16":"product-type-simple"},"_links":{"self":[{"href":"https:\/\/roveyayinevi.com.tr\/index.php\/wp-json\/wp\/v2\/product\/779494","targetHints":{"allow":["GET"]}}],"collection":[{"href":"https:\/\/roveyayinevi.com.tr\/index.php\/wp-json\/wp\/v2\/product"}],"about":[{"href":"https:\/\/roveyayinevi.com.tr\/index.php\/wp-json\/wp\/v2\/types\/product"}],"wp:attachment":[{"href":"https:\/\/roveyayinevi.com.tr\/index.php\/wp-json\/wp\/v2\/media?parent=779494"}],"wp:term":[{"taxonomy":"product_brand","embeddable":true,"href":"https:\/\/roveyayinevi.com.tr\/index.php\/wp-json\/wp\/v2\/product_brand?post=779494"},{"taxonomy":"product_cat","embeddable":true,"href":"https:\/\/roveyayinevi.com.tr\/index.php\/wp-json\/wp\/v2\/product_cat?post=779494"},{"taxonomy":"product_tag","embeddable":true,"href":"https:\/\/roveyayinevi.com.tr\/index.php\/wp-json\/wp\/v2\/product_tag?post=779494"}],"curies":[{"name":"wp","href":"https:\/\/api.w.org\/{rel}","templated":true}]}}