{"id":779493,"date":"2025-12-30T11:56:59","date_gmt":"2025-12-30T08:56:59","guid":{"rendered":"https:\/\/roveyayinevi.com.tr\/index.php\/urun\/2026-12-aylik-ask-saglik-para-rehberiniz\/"},"modified":"2026-01-30T04:16:45","modified_gmt":"2026-01-30T01:16:45","slug":"2026-12-aylik-ask-saglik-para-rehberiniz","status":"publish","type":"product","link":"https:\/\/roveyayinevi.com.tr\/index.php\/urun\/2026-12-aylik-ask-saglik-para-rehberiniz\/","title":{"rendered":"2026 12 Ayl\u0131k A\u015fk, Sa\u011fl\u0131k, Para Rehberiniz"},"content":{"rendered":"<p>2026: KADER\u0130N D\u00d6N\u00dcM NOKTASI YILIA\u015fk\u0131n y\u00f6n\u00fcn\u00fc, paran\u0131n ak\u0131\u015f\u0131n\u0131, sa\u011fl\u0131\u011f\u0131n dengesini y\u0131ld\u0131zlar belirliyor\u2026Sen haz\u0131r m\u0131s\u0131n?Astroloji uzman\u0131 Nazl\u0131 Aypak, 2026 boyunca g\u00f6ky\u00fcz\u00fcn\u00fcn her hareketini senin i\u00e7in \u00e7\u00f6z\u00fcml\u00fcyor.Bu kitapta sadece \u201cbur\u00e7 yorumlar\u0131n\u0131\u201d de\u011fil;Kalbinin hangi ay yeniden canlanaca\u011f\u0131n\u0131,Hangi d\u00f6nemde f\u0131rsatlar\u0131n kap\u0131n\u0131 \u00e7alaca\u011f\u0131n\u0131,Ve hangi g\u00f6ky\u00fcz\u00fc etkisinde bedenini koruman gerekti\u011fini bulacaks\u0131n.2026&#8217;da;\u00b7A\u015fk yeniden tan\u0131mlan\u0131yor,\u00b7Paran\u0131n enerjisi de\u011fi\u015fiyor,\u00b7Eski karmalar \u00e7\u00f6z\u00fcl\u00fcyor.G\u00f6ky\u00fcz\u00fc senin i\u00e7in yeni bir sayfa a\u00e7\u0131yor.Bu rehber, her burcun kaderine \u0131\u015f\u0131k tutan bir yol haritas\u0131.E\u011fer y\u0131ld\u0131zlar\u0131n dilini \u00e7\u00f6zmek, kendinle yeniden ba\u011f kurmak istiyorsan&#8230;Bu kitap senin i\u00e7in yaz\u0131ld\u0131. Kovalarca Katk\u0131s\u0131 olsun \u2026<\/p>\n","protected":false},"excerpt":{"rendered":"<p>2026: KADER\u0130N D\u00d6N\u00dcM NOKTASI YILIA\u015fk\u0131n y\u00f6n\u00fcn\u00fc, paran\u0131n ak\u0131\u015f\u0131n\u0131, sa\u011fl\u0131\u011f\u0131n dengesini y\u0131ld\u0131zlar belirliyor\u2026Sen haz\u0131r m\u0131s\u0131n?Astroloji uzman\u0131 Nazl\u0131 Aypak, 2026 boyunca g\u00f6ky\u00fcz\u00fcn\u00fcn her hareketini senin i\u00e7in \u00e7\u00f6z\u00fcml\u00fcyor.Bu kitapta<span class=\"excerpt-hellip\"> [\u2026]<\/span><\/p>\n","protected":false},"featured_media":0,"template":"","meta":{"_monsterinsights_skip_tracking":false,"_monsterinsights_sitenote_active":false,"_monsterinsights_sitenote_note":"","_monsterinsights_sitenote_category":0},"product_brand":[],"product_cat":[19840,12364],"product_tag":[],"class_list":{"0":"post-779493","1":"product","2":"type-product","3":"status-publish","5":"product_cat-astroloji","6":"product_cat-genel-konular","7":"pa_cilt-ciltsiz","8":"pa_tur-kitap","9":"pa_yayinevi-vova-yayinlari","10":"pa_yazar-nazli-aypak","12":"first","13":"instock","14":"sale","15":"shipping-taxable","16":"purchasable","17":"product-type-simple"},"_links":{"self":[{"href":"https:\/\/roveyayinevi.com.tr\/index.php\/wp-json\/wp\/v2\/product\/779493","targetHints":{"allow":["GET"]}}],"collection":[{"href":"https:\/\/roveyayinevi.com.tr\/index.php\/wp-json\/wp\/v2\/product"}],"about":[{"href":"https:\/\/roveyayinevi.com.tr\/index.php\/wp-json\/wp\/v2\/types\/product"}],"wp:attachment":[{"href":"https:\/\/roveyayinevi.com.tr\/index.php\/wp-json\/wp\/v2\/media?parent=779493"}],"wp:term":[{"taxonomy":"product_brand","embeddable":true,"href":"https:\/\/roveyayinevi.com.tr\/index.php\/wp-json\/wp\/v2\/product_brand?post=779493"},{"taxonomy":"product_cat","embeddable":true,"href":"https:\/\/roveyayinevi.com.tr\/index.php\/wp-json\/wp\/v2\/product_cat?post=779493"},{"taxonomy":"product_tag","embeddable":true,"href":"https:\/\/roveyayinevi.com.tr\/index.php\/wp-json\/wp\/v2\/product_tag?post=779493"}],"curies":[{"name":"wp","href":"https:\/\/api.w.org\/{rel}","templated":true}]}}