{"id":779491,"date":"2025-12-30T11:56:54","date_gmt":"2025-12-30T08:56:54","guid":{"rendered":"https:\/\/roveyayinevi.com.tr\/index.php\/urun\/hadi-dedi-tavsan\/"},"modified":"2026-04-15T03:44:12","modified_gmt":"2026-04-15T00:44:12","slug":"hadi-dedi-tavsan","status":"publish","type":"product","link":"https:\/\/roveyayinevi.com.tr\/index.php\/urun\/hadi-dedi-tavsan\/","title":{"rendered":"\u201cHadi!\u201d Dedi Tav\u015fan"},"content":{"rendered":"<p>Tav\u015fan geri d\u00f6nd\u00fc! Ve park gezisi i\u00e7in harika bir g\u00fcn! Ama Tav\u015fan ve Babas\u0131 acaba evden \u00e7\u0131kmaya ne zaman haz\u0131r olabilecekler?  Tav\u015fan topunu mu alsa, ay\u0131c\u0131\u011f\u0131n\u0131 m\u0131, yoksa kamyonunu mu? En sevdi\u011fi fili de tam uygun olurdu, tabii bulabilirse! Derken kar\u015f\u0131s\u0131na ilgin\u00e7 bir kitap \u00e7\u0131kar\u2026 Sonra boyanacak bir resim\u2026 Ve hop! Zaman ak\u0131p giderken bu sefer de Baba ceketini, g\u00f6zl\u00fc\u011f\u00fcn\u00fc, anahtarlar\u0131n\u0131 aramaya ba\u015flar! Evden \u00e7\u0131kmak  bir anda b\u00fcy\u00fck bir karma\u015faya d\u00f6n\u00fc\u015f\u00fcr.   Bu hikayede i\u015fler tersine d\u00f6ner. Tav\u015fan d\u0131\u015far\u0131 \u00e7\u0131kmaya haz\u0131rd\u0131r ama bu sefer de Babas\u0131 ondan beklemesini istemektedir. Beklemek Tav\u015fan i\u00e7in hi\u00e7 de kolay de\u011fildir.  \u00c7\u00fcnk\u00fc zaman, bir \u00e7ocuk ve bir yeti\u015fkin i\u00e7in bamba\u015fka akabilmektedir. Hele de sab\u0131rs\u0131z bir tav\u015fansan\u0131z!  Hay\u0131r! Dedi Tav\u015fan ve Dedektif Kedi\u015f ve Kay\u0131p Ceviz kitaplar\u0131n\u0131n yazar\u0131 Marjoke Henrichs, k\u00fc\u00e7\u00fck okurlar\u0131n g\u00fcndelik ya\u015fam\u0131na bu yeni kitab\u0131yla  ne\u015fe ve s\u0131cakl\u0131k katmaya devam ediyor. Bitmeyen \u201chadi\u201dlerle dolu bu e\u011flenceli hik\u00e2ye, sabr\u0131n bazen en tatl\u0131 oyuna d\u00f6n\u00fc\u015febilece\u011fini okurlar\u0131na hat\u0131rlat\u0131yor.  K\u0131sac\u0131k c\u00fcmleleri ve pastel renkli, yumu\u015fak \u00e7izimleriyle Hadi! Dedi Tav\u015fan, her sayfas\u0131nda g\u00fcl\u00fcmseten, evden \u00e7\u0131kman\u0131n k\u00fc\u00e7\u00fck bir maceraya d\u00f6n\u00fc\u015ft\u00fc\u011f\u00fc s\u0131cac\u0131k bir baba\u2013\u00e7ocuk \u00f6yk\u00fcs\u00fc.    Temalar: g\u00fcndelik ya\u015fam, baba-\u00e7ocuk ili\u015fkisi, sab\u0131rl\u0131 olma, empati.    De\u011ferlendirmeler:   \u201cEvden \u00e7\u0131kmaya \u00e7al\u0131\u015f\u0131rken benzer gecikmeler ya\u015fayan herkesin kendinden bir par\u00e7a bulaca\u011f\u0131 t\u00fcrden e\u011flenceli bir kitap! Renkli ve hareketli \u00e7izimler, hik\u00e2yeye mizah ve  derinlik katan alternatif bir g\u00f6rsel anlat\u0131 sunuyor.\u201d  BOOKTRUST    \u201cHenrichs, bir kez daha k\u00fc\u00e7\u00fck bir \u00e7ocu\u011fun hayat\u0131ndaki o ne\u015feli karma\u015fay\u0131, basit \u015feylerden duyulan saf mutlulu\u011fu m\u00fckemmel bi\u00e7imde resmediyor. Yeti\u015fkin\u2013\u00e7ocuk ili\u015fkisine dair g\u00f6zlemleri de ayn\u0131 \u00f6l\u00e7\u00fcde incelikli ve s\u0131cak\u2026 En k\u00fc\u00e7\u00fck okurlar i\u00e7in yine kusursuz bir kitap.\u201d   BOOKS FOR KEEPS    \u201cCanl\u0131 ill\u00fcstrasyonlar\u0131, b\u00fcy\u00fck puntolar\u0131 ve zekice kurulmu\u015f \u00e7\u0131kar\u0131msal hik\u00e2yesiyle, sesli okumalar i\u00e7in tam isabet!\u201d  SCHOOL READING LIST    \u201cK\u00fc\u00e7\u00fck \u00e7ocuklar bu hik\u00e2yeyi aileleriyle payla\u015fmaya bay\u0131lacak. Tav\u015fan\u2019\u0131n hal ve hareketlerinin, kendi hayatlar\u0131na ne kadar benzedi\u011fini fark ettik\u00e7e  etrafta kahkaha sesleri yank\u0131lanacak.\u201d    SCOPE FOR THE IMAGINATION    <\/p>\n","protected":false},"excerpt":{"rendered":"<p>Tav\u015fan geri d\u00f6nd\u00fc! Ve park gezisi i\u00e7in harika bir g\u00fcn! Ama Tav\u015fan ve Babas\u0131 acaba evden \u00e7\u0131kmaya ne zaman haz\u0131r olabilecekler? Tav\u015fan topunu mu alsa, ay\u0131c\u0131\u011f\u0131n\u0131<span class=\"excerpt-hellip\"> [\u2026]<\/span><\/p>\n","protected":false},"featured_media":0,"template":"","meta":{"_monsterinsights_skip_tracking":false,"_monsterinsights_sitenote_active":false,"_monsterinsights_sitenote_note":"","_monsterinsights_sitenote_category":0},"product_brand":[],"product_cat":[12274,12284],"product_tag":[],"class_list":{"0":"post-779491","1":"product","2":"type-product","3":"status-publish","5":"product_cat-cocuk-ve-genclik-kitaplari","6":"product_cat-hikayeler","7":"pa_cilt-ciltsiz","8":"pa_tur-kitap","9":"pa_yayinevi-okuyan-us-yayin","10":"pa_yazar-marjoke-henrichs","12":"first","13":"instock","14":"sale","15":"shipping-taxable","16":"purchasable","17":"product-type-simple"},"_links":{"self":[{"href":"https:\/\/roveyayinevi.com.tr\/index.php\/wp-json\/wp\/v2\/product\/779491","targetHints":{"allow":["GET"]}}],"collection":[{"href":"https:\/\/roveyayinevi.com.tr\/index.php\/wp-json\/wp\/v2\/product"}],"about":[{"href":"https:\/\/roveyayinevi.com.tr\/index.php\/wp-json\/wp\/v2\/types\/product"}],"wp:attachment":[{"href":"https:\/\/roveyayinevi.com.tr\/index.php\/wp-json\/wp\/v2\/media?parent=779491"}],"wp:term":[{"taxonomy":"product_brand","embeddable":true,"href":"https:\/\/roveyayinevi.com.tr\/index.php\/wp-json\/wp\/v2\/product_brand?post=779491"},{"taxonomy":"product_cat","embeddable":true,"href":"https:\/\/roveyayinevi.com.tr\/index.php\/wp-json\/wp\/v2\/product_cat?post=779491"},{"taxonomy":"product_tag","embeddable":true,"href":"https:\/\/roveyayinevi.com.tr\/index.php\/wp-json\/wp\/v2\/product_tag?post=779491"}],"curies":[{"name":"wp","href":"https:\/\/api.w.org\/{rel}","templated":true}]}}