{"id":779486,"date":"2025-12-30T11:56:43","date_gmt":"2025-12-30T08:56:43","guid":{"rendered":"https:\/\/roveyayinevi.com.tr\/index.php\/urun\/sinirini-ciz-kendi-kul-hakkina-girme\/"},"modified":"2026-04-15T03:44:12","modified_gmt":"2026-04-15T00:44:12","slug":"sinirini-ciz-kendi-kul-hakkina-girme","status":"publish","type":"product","link":"https:\/\/roveyayinevi.com.tr\/index.php\/urun\/sinirini-ciz-kendi-kul-hakkina-girme\/","title":{"rendered":"S\u0131n\u0131r\u0131n\u0131 \u00c7iz \/ Kendi Kul Hakk\u0131na Girme"},"content":{"rendered":"<p>\u201cBa\u015fkalar\u0131na \u2018evet\u2019 derken kendine ka\u00e7 kez \u2018hay\u0131r\u2019 dedin?\u201d Toplum bizden hep uyumlu, fedak\u00e2r, ho\u015fg\u00f6r\u00fcl\u00fc olmam\u0131z\u0131 bekledi. Ama kimse, \u201cYa senin haklar\u0131n?\u201d diye sormad\u0131. &#8220;S\u0131n\u0131r\u0131n\u0131 \u00c7iz \/ Kendi Kul Hakk\u0131na Girme&#8221;, modern \u00e7a\u011f\u0131n en g\u00f6r\u00fcnmez g\u00fcnah\u0131na dokunuyor. Kendi kendinin kul hakk\u0131na girmemenin yollar\u0131n\u0131 ayd\u0131nlat\u0131yor. Psikolojik derinli\u011fi, manevi temelleri ve g\u00fc\u00e7l\u00fc hik\u00e2yeleriyle bu kitap, \u2022 \u201cHay\u0131r\u201d diyemeyenlerin, \u2022 S\u00fcrekli verip \u00e7ok\u00e7a t\u00fckenenlerin, \u2022 Kendi hakk\u0131n\u0131 savunurken su\u00e7luluk duyanlar\u0131n, \u2022 S\u0131n\u0131r koymay\u0131 bencillik sananlar\u0131n, \u2022 \u0130yilik yap\u0131yorum derken kalbi k\u0131r\u0131lanlar\u0131n kitab\u0131. Art\u0131k ba\u015fkalar\u0131n\u0131 k\u0131rmadan kendini koruman\u0131n zaman\u0131 geldi! \u00c7\u00fcnk\u00fc Rabbinin sana verdi\u011fi de\u011feri korumak da bir ibadettir. Unutma! Allah, seni \u201csana\u201d emanet etti. <\/p>\n","protected":false},"excerpt":{"rendered":"<p>\u201cBa\u015fkalar\u0131na \u2018evet\u2019 derken kendine ka\u00e7 kez \u2018hay\u0131r\u2019 dedin?\u201d Toplum bizden hep uyumlu, fedak\u00e2r, ho\u015fg\u00f6r\u00fcl\u00fc olmam\u0131z\u0131 bekledi. Ama kimse, \u201cYa senin haklar\u0131n?\u201d diye sormad\u0131. &#8220;S\u0131n\u0131r\u0131n\u0131 \u00c7iz \/<span class=\"excerpt-hellip\"> [\u2026]<\/span><\/p>\n","protected":false},"featured_media":0,"template":"","meta":{"_monsterinsights_skip_tracking":false,"_monsterinsights_sitenote_active":false,"_monsterinsights_sitenote_note":"","_monsterinsights_sitenote_category":0},"product_brand":[],"product_cat":[12364,12376],"product_tag":[],"class_list":{"0":"post-779486","1":"product","2":"type-product","3":"status-publish","5":"product_cat-genel-konular","6":"product_cat-kisisel-gelisim","7":"pa_cilt-ciltsiz","8":"pa_tur-kitap","9":"pa_yayinevi-aile-yayinlari","10":"pa_yazar-canten-kaya","12":"first","13":"instock","14":"sale","15":"shipping-taxable","16":"purchasable","17":"product-type-simple"},"_links":{"self":[{"href":"https:\/\/roveyayinevi.com.tr\/index.php\/wp-json\/wp\/v2\/product\/779486","targetHints":{"allow":["GET"]}}],"collection":[{"href":"https:\/\/roveyayinevi.com.tr\/index.php\/wp-json\/wp\/v2\/product"}],"about":[{"href":"https:\/\/roveyayinevi.com.tr\/index.php\/wp-json\/wp\/v2\/types\/product"}],"wp:attachment":[{"href":"https:\/\/roveyayinevi.com.tr\/index.php\/wp-json\/wp\/v2\/media?parent=779486"}],"wp:term":[{"taxonomy":"product_brand","embeddable":true,"href":"https:\/\/roveyayinevi.com.tr\/index.php\/wp-json\/wp\/v2\/product_brand?post=779486"},{"taxonomy":"product_cat","embeddable":true,"href":"https:\/\/roveyayinevi.com.tr\/index.php\/wp-json\/wp\/v2\/product_cat?post=779486"},{"taxonomy":"product_tag","embeddable":true,"href":"https:\/\/roveyayinevi.com.tr\/index.php\/wp-json\/wp\/v2\/product_tag?post=779486"}],"curies":[{"name":"wp","href":"https:\/\/api.w.org\/{rel}","templated":true}]}}