{"id":779482,"date":"2025-12-30T11:56:26","date_gmt":"2025-12-30T08:56:26","guid":{"rendered":"https:\/\/roveyayinevi.com.tr\/index.php\/urun\/gecenin-ortusunde-gunes-lekesi\/"},"modified":"2026-04-15T03:44:11","modified_gmt":"2026-04-15T00:44:11","slug":"gecenin-ortusunde-gunes-lekesi","status":"publish","type":"product","link":"https:\/\/roveyayinevi.com.tr\/index.php\/urun\/gecenin-ortusunde-gunes-lekesi\/","title":{"rendered":"Gecenin \u00d6rt\u00fcs\u00fcnde G\u00fcne\u015f Lekesi"},"content":{"rendered":"<p>\u201cY\u00fcr\u00fcmeye karar veriyorum, buras\u0131 olduk\u00e7a b\u00fcy\u00fck bir \u015fehir.\u201d Yaz ortas\u0131nda bir kasabada erken uyan\u0131lm\u0131\u015f ve bir t\u00fcrl\u00fc ge\u00e7meyen bir pazar g\u00fcn\u00fcnden birka\u00e7 misli uzun \u0130stanbul\u2019un gecesi.   B\u00fct\u00fcn g\u00fcn milyonlarca insan taraf\u0131ndan bu gecenin \u00f6rt\u00fcs\u00fc dikiliyor. G\u00fcne\u015fin do\u011fdu\u011fu topraklardan gelen bir anlat\u0131c\u0131 ise sokaklarda y\u00fcr\u00fcyor, etraf\u0131na bak\u0131n\u0131yor. Bu \u00f6rt\u00fcn\u00fcn \u00fczerindeki bir g\u00fcne\u015f lekesi gibi. Bu metnin t\u00fcr\u00fcn\u00fcn roman olmas\u0131, roman erbab\u0131 taraf\u0131ndan tuhaf kar\u015f\u0131lanabilir. Vakan\u00fcvis olmakla, dili dengede tutmakla, ba\u015flang\u0131c\u0131 belirlemekle ve sonu tayin etmekle, ezc\u00fcmle baz\u0131 kaidelerle meselesi olan bir metin bu. Dolas\u0131yla \u201csu gibi akm\u0131yor\u201d, daha ziyade ham petrol k\u0131vam\u0131nda seyrediyor.   Mehmet Mahsum Oral, Barbarlarla Beklerken\u2019de bir barbar\u0131n y\u00fcr\u00fcy\u00fc\u015f\u00fcn\u00fc k\u00e2\u011f\u0131da d\u00f6km\u00fc\u015ft\u00fc. Ev D\u00fc\u015fk\u00fcn\u00fc Baz\u0131 R\u00fczg\u00e2rlar\u2019da evi te\u015frih etmi\u015fti. Gecenin \u00d6rt\u00fcs\u00fcnde G\u00fcne\u015f Lekesi\u2019nde ise \u015fehre n\u00fcfuz ediyor, anlara ve sorular\u0131n s\u0131\u011fd\u0131\u011f\u0131 bo\u015fluklara.   Bu b\u00fcy\u00fck \u015fehirde dola\u015f\u0131rken insanlar hakk\u0131nda daha fazla d\u00fc\u015f\u00fcnme imk\u00e2n\u0131 buluyorum. Bunun tam olarak ne i\u015fe yarayaca\u011f\u0131 hakk\u0131nda bir fikrim yok. Ancak d\u00fcnyaya birka\u00e7 kez \u00fcst \u00fcste gelmi\u015f gibi davran\u0131yorlar. Ne kadar becerikli davrand\u0131klar\u0131na \u015fahit olduk\u00e7a hayretim art\u0131yor. Sanki \u00e7ekirde\u011fi ilk defa burada g\u00f6rmemi\u015fler de buraya gelirken yol boyunca onu avu\u00e7 avu\u00e7 \u00e7\u0131tlatm\u0131\u015f gibiler. D\u00fcnyaya var\u0131r varmaz bir duvarda as\u0131l\u0131 g\u00f6rd\u00fckleri \u00f6nl\u00fc\u011f\u00fc sanki daha \u00f6nce bizzat kendileri asm\u0131\u015f gibiler. Al\u0131p giyiyorlar, bu bir \u00f6nl\u00fck diyorlar, \u015furas\u0131 da bir tezg\u00e2h, bu iyi, bu da k\u00f6t\u00fc, ger\u00e7ek \u015fu, bak \u015fu do\u011fru bir insan, \u015fu \u00e7ok g\u00fczel, bir de \u015funun \u00e7irkinli\u011fine bak, bile\u011fimi kessem partimin rengi akar, bu sene \u015fampiyonuz&#8230; <\/p>\n","protected":false},"excerpt":{"rendered":"<p>\u201cY\u00fcr\u00fcmeye karar veriyorum, buras\u0131 olduk\u00e7a b\u00fcy\u00fck bir \u015fehir.\u201d Yaz ortas\u0131nda bir kasabada erken uyan\u0131lm\u0131\u015f ve bir t\u00fcrl\u00fc ge\u00e7meyen bir pazar g\u00fcn\u00fcnden birka\u00e7 misli uzun \u0130stanbul\u2019un gecesi.<span class=\"excerpt-hellip\"> [\u2026]<\/span><\/p>\n","protected":false},"featured_media":0,"template":"","meta":{"_monsterinsights_skip_tracking":false,"_monsterinsights_sitenote_active":false,"_monsterinsights_sitenote_note":"","_monsterinsights_sitenote_category":0},"product_brand":[],"product_cat":[12291,12711],"product_tag":[],"class_list":{"0":"post-779482","1":"product","2":"type-product","3":"status-publish","5":"product_cat-edebiyat","6":"product_cat-roman-oyku","7":"pa_cilt-ciltsiz","8":"pa_tur-kitap","9":"pa_yayinevi-everest-yayinlari","10":"pa_yazar-mehmet-mahsum-oral","12":"first","13":"instock","14":"sale","15":"shipping-taxable","16":"purchasable","17":"product-type-simple"},"_links":{"self":[{"href":"https:\/\/roveyayinevi.com.tr\/index.php\/wp-json\/wp\/v2\/product\/779482","targetHints":{"allow":["GET"]}}],"collection":[{"href":"https:\/\/roveyayinevi.com.tr\/index.php\/wp-json\/wp\/v2\/product"}],"about":[{"href":"https:\/\/roveyayinevi.com.tr\/index.php\/wp-json\/wp\/v2\/types\/product"}],"wp:attachment":[{"href":"https:\/\/roveyayinevi.com.tr\/index.php\/wp-json\/wp\/v2\/media?parent=779482"}],"wp:term":[{"taxonomy":"product_brand","embeddable":true,"href":"https:\/\/roveyayinevi.com.tr\/index.php\/wp-json\/wp\/v2\/product_brand?post=779482"},{"taxonomy":"product_cat","embeddable":true,"href":"https:\/\/roveyayinevi.com.tr\/index.php\/wp-json\/wp\/v2\/product_cat?post=779482"},{"taxonomy":"product_tag","embeddable":true,"href":"https:\/\/roveyayinevi.com.tr\/index.php\/wp-json\/wp\/v2\/product_tag?post=779482"}],"curies":[{"name":"wp","href":"https:\/\/api.w.org\/{rel}","templated":true}]}}