{"id":779480,"date":"2025-12-30T11:56:19","date_gmt":"2025-12-30T08:56:19","guid":{"rendered":"https:\/\/roveyayinevi.com.tr\/index.php\/urun\/kudus-4\/"},"modified":"2026-04-15T03:44:11","modified_gmt":"2026-04-15T00:44:11","slug":"kudus-4","status":"publish","type":"product","link":"https:\/\/roveyayinevi.com.tr\/index.php\/urun\/kudus-4\/","title":{"rendered":"Kud\u00fcs"},"content":{"rendered":"<p>\u201cKud\u00fcs: Bir \u015eehrin Biyografisi, y\u0131l\u0131n en nefes kesici ve iddial\u0131 kitaplar\u0131ndan biri. D\u00fcnyan\u0131n en muhte\u015fem \u015fehri, Montefiore\u2019nin \u015fahs\u0131nda en kusursuz biyografi yazar\u0131na kavu\u015fmu\u015f. \u015eehir sadece sava\u015flarla de\u011fil onu in\u015fa eden insanlarla da anlat\u0131lm\u0131\u015f. Manevi, y\u0131k\u0131c\u0131 ve destans\u0131, son sayfas\u0131na kadar elinizden b\u0131rakamayaca\u011f\u0131n\u0131z bir \u00f6yk\u00fc.\u201dDan Jones, Daily Telegraph   \u201c\u015eimdiden bir klasik \u2013 modern din\u00ee, siyasi ve etnik s\u00fcrt\u00fc\u015fmelerini ancak \u00fc\u00e7 bin y\u0131l \u00f6ncesinin \u015fartlar\u0131 ba\u011flam\u0131nda anlaman\u0131n m\u00fcmk\u00fcn oldu\u011fu bir \u015fehre dair s\u00fcr\u00fckleyici ve insan\u0131 d\u00fc\u015f\u00fcnceye sevk eden bir \u00e7al\u0131\u015fma. Montefiore ilgin\u00e7 tarih\u00ee detaylar\u0131 canl\u0131, hassas ve yo\u011fun bir bak\u0131\u015f a\u00e7\u0131s\u0131yla ele al\u0131yor.\u201dTony Barber, Financial Times   Kud\u00fcs\u2026   Evrensel bir \u015fehir, iki halk\u0131n ba\u015fkenti, \u00fc\u00e7 semavi dinin kutsal mabedi\u2026 \u0130mparatorluklar\u0131n ganimeti, K\u0131yamet G\u00fcn\u00fc\u2019n\u00fcn sahnesi ve bug\u00fcnk\u00fc medeniyetler \u00e7at\u0131\u015fmas\u0131n\u0131n sava\u015f alan\u0131. \u0130nan\u00e7, katliam, fanatizm ve birlikte ya\u015fama m\u00fccadelesinin i\u00e7 i\u00e7e ge\u00e7ti\u011fi bu destan, Kral Davut\u2019tan g\u00fcn\u00fcm\u00fcze, \u00fc\u00e7 b\u00fcy\u00fck dinin do\u011fu\u015fundan \u0130srail-Filistin \u00e7at\u0131\u015fmas\u0131na kadar uzanan \u00fc\u00e7 bin y\u0131ll\u0131k bir \u00f6yk\u00fc.   Peki, bu k\u00fc\u00e7\u00fck ve \u00fccra kasaba nas\u0131l d\u00fcnyan\u0131n merkezi, \u201cKutsal \u015eehir\u201d ve bug\u00fcn Orta Do\u011fu bar\u0131\u015f\u0131n\u0131n anahtar\u0131 haline geldi? Simon Sebag Montefiore, g\u00f6z kama\u015ft\u0131r\u0131c\u0131 anlat\u0131m\u0131yla Kud\u00fcs\u2019\u00fcn her \u00e7a\u011fda yeniden do\u011fu\u015funu aktar\u0131yor; sava\u015flara, ihtiraslara ve \u015fehrin kaderini belirleyen h\u00fck\u00fcmdarlara, azizlere, fatihlere ve s\u0131radan insanlara yeniden hayat veriyor. S\u00fcleyman, Selahaddin ve Kanun\u00ee Sultan S\u00fcleyman\u2019dan Kleopatra, Caligula ve Churchill\u2019e; Hz. \u0130brahim, Hz. \u0130sa ve Hz. Muhammed\u2019den Nebukadnezar, Hirodes ve Nero\u2019ya; Mark Twain, Rasputin ve Arabistanl\u0131 Lawrence\u2019a kadar say\u0131s\u0131z fig\u00fcr bu \u015fehrin tarihine damgas\u0131n\u0131 vurdu.   Montefiore, yeni ar\u015fivler, g\u00fcncel ara\u015ft\u0131rmalar ve kendi ailesine ait belgeler \u0131\u015f\u0131\u011f\u0131nda, kutsal\u0131n ve misti\u011fin, kimli\u011fin ve imparatorluklar\u0131n \u00f6z\u00fcn\u00fc ayd\u0131nlat\u0131yor. Kud\u00fcs\u2019\u00fcn hik\u00e2yesi, hem g\u00f6kte hem de yery\u00fcz\u00fcnde var olan tek \u015fehrin, yani Kud\u00fcs\u2019\u00fcn, nas\u0131l Kud\u00fcs haline geldi\u011finin hik\u00e2yesidir.<\/p>\n","protected":false},"excerpt":{"rendered":"<p>\u201cKud\u00fcs: Bir \u015eehrin Biyografisi, y\u0131l\u0131n en nefes kesici ve iddial\u0131 kitaplar\u0131ndan biri. D\u00fcnyan\u0131n en muhte\u015fem \u015fehri, Montefiore\u2019nin \u015fahs\u0131nda en kusursuz biyografi yazar\u0131na kavu\u015fmu\u015f. \u015eehir sadece sava\u015flarla<span class=\"excerpt-hellip\"> [\u2026]<\/span><\/p>\n","protected":false},"featured_media":0,"template":"","meta":{"_monsterinsights_skip_tracking":false,"_monsterinsights_sitenote_active":false,"_monsterinsights_sitenote_note":"","_monsterinsights_sitenote_category":0},"product_brand":[],"product_cat":[12304],"product_tag":[],"class_list":{"0":"post-779480","1":"product","2":"type-product","3":"status-publish","5":"product_cat-tarih","6":"pa_cilt-ciltsiz","7":"pa_tur-kitap","8":"pa_yayinevi-kronik-kitap","9":"pa_yazar-simon-sebag-montefiore","11":"first","12":"instock","13":"sale","14":"shipping-taxable","15":"purchasable","16":"product-type-simple"},"_links":{"self":[{"href":"https:\/\/roveyayinevi.com.tr\/index.php\/wp-json\/wp\/v2\/product\/779480","targetHints":{"allow":["GET"]}}],"collection":[{"href":"https:\/\/roveyayinevi.com.tr\/index.php\/wp-json\/wp\/v2\/product"}],"about":[{"href":"https:\/\/roveyayinevi.com.tr\/index.php\/wp-json\/wp\/v2\/types\/product"}],"wp:attachment":[{"href":"https:\/\/roveyayinevi.com.tr\/index.php\/wp-json\/wp\/v2\/media?parent=779480"}],"wp:term":[{"taxonomy":"product_brand","embeddable":true,"href":"https:\/\/roveyayinevi.com.tr\/index.php\/wp-json\/wp\/v2\/product_brand?post=779480"},{"taxonomy":"product_cat","embeddable":true,"href":"https:\/\/roveyayinevi.com.tr\/index.php\/wp-json\/wp\/v2\/product_cat?post=779480"},{"taxonomy":"product_tag","embeddable":true,"href":"https:\/\/roveyayinevi.com.tr\/index.php\/wp-json\/wp\/v2\/product_tag?post=779480"}],"curies":[{"name":"wp","href":"https:\/\/api.w.org\/{rel}","templated":true}]}}