{"id":779478,"date":"2025-12-30T11:56:12","date_gmt":"2025-12-30T08:56:12","guid":{"rendered":"https:\/\/roveyayinevi.com.tr\/index.php\/urun\/yedi-bilgelik-okulu\/"},"modified":"2026-04-15T03:44:11","modified_gmt":"2026-04-15T00:44:11","slug":"yedi-bilgelik-okulu","status":"publish","type":"product","link":"https:\/\/roveyayinevi.com.tr\/index.php\/urun\/yedi-bilgelik-okulu\/","title":{"rendered":"Yedi Bilgelik Okulu"},"content":{"rendered":"<p>\u201cBilgelik nas\u0131l iyi ya\u015fayaca\u011f\u0131m\u0131z\u0131 bilme sanat\u0131d\u0131r; neyin ger\u00e7ekten \u00f6nemli oldu\u011funu g\u00f6rme, do\u011fru se\u00e7imler yapma ve i\u00e7 benlik ile d\u0131\u015f d\u00fcnya aras\u0131nda uyum sa\u011flama becerisidir.\u201d   G\u00fcn\u00fcm\u00fcz d\u00fcnyas\u0131nda h\u0131zla ya\u015fay\u0131p derinli\u011fi unutuyoruz. T\u00fcketiyoruz ama doymuyoruz, inan\u0131yoruz fakat huzur bulam\u0131yoruz, biliyoruz lakin bilgece davranam\u0131yoruz. Modern \u00e7a\u011f bize her \u015feyi bilme konforunu tatt\u0131r\u0131rken yap\u0131p ettiklerimizin, \u00e7evremizde olan bitenin anlam\u0131n\u0131 bizden esirgiyor. Her ge\u00e7en g\u00fcn kendimizle, ba\u015fkalar\u0131yla ve evrenle olan ba\u011f\u0131m\u0131z\u0131 kaybediyoruz.   \u0130\u015fte Yedi Bilgelik Okulu tam da bu k\u0131r\u0131lma noktas\u0131nda okurunu bir yolculu\u011fa \u00e7a\u011f\u0131r\u0131yor: Yedi b\u00fcy\u00fck d\u00fc\u015f\u00fcnce gelene\u011finin rehberli\u011finde, insan olman\u0131n \u00f6z\u00fcn\u00fc yeniden hat\u0131rlamaya davet ediyor. Bu kitap her ne kadar bir akademisyenin kaleminden \u00e7\u0131km\u0131\u015f olsa da akademik bir inceleme de\u011fil; d\u00fc\u015f\u00fcnceyle ya\u015fant\u0131 aras\u0131ndaki u\u00e7urumu kapatmak i\u00e7in yaz\u0131lm\u0131\u015f bir ya\u015fam rehberi.   Enis Doko, kendi varolu\u015fsal krizlerinden yola \u00e7\u0131k\u0131yor ve bu ki\u015fisel zorluklar\u0131n t\u00fcketim \u00e7a\u011f\u0131nda ahlakla, stat\u00fc aray\u0131\u015f\u0131nda anlamla ve inan\u00e7 ile deneyim aras\u0131ndaki ba\u011f\u0131n koptu\u011fu bir d\u00fcnyada maneviyatla m\u00fccadele eden modern insan\u0131n, daha geni\u015f k\u00fclt\u00fcrel durumunun belirtileri oldu\u011funu ortaya koyuyor. Bilgece bir ya\u015fam\u0131n izlerini takip eden Doko, okuruna Aristoteles, Epik\u00fcrc\u00fcl\u00fck, Stoac\u0131l\u0131k, Budizm, Konf\u00fc\u00e7y\u00fcs\u00e7\u00fcl\u00fck, Varolu\u015f\u00e7uluk ve Sufizm olmak \u00fczere yedi kadim bilgelik gelene\u011fini ve bunlar\u0131n \u00f6nerdi\u011fi anlam, erdem ve prati\u011fin kapsaml\u0131 \u00e7er\u00e7evelerini sunuyor.   Ger\u00e7ek mutluluk nedir ve neden elimizden ka\u00e7ar? Ahlaki bir ya\u015fam \u00f6zg\u00fcrl\u00fc\u011f\u00fcm\u00fczle nas\u0131l ba\u011fda\u015ft\u0131r\u0131labilir? \u0130yilik, erdem ve anlam kavramlar\u0131 neden bu kadar yabanc\u0131la\u015ft\u0131? Ac\u0131dan ka\u00e7mak yerine onu nas\u0131l d\u00f6n\u00fc\u015ft\u00fcrebiliriz? \u0130nan\u00e7s\u0131z bir \u00e7a\u011fda maneviyat m\u00fcmk\u00fcn m\u00fc?   Enis Doko, modern insan\u0131n ortak krizlerini \u00e7\u00f6zecek re\u00e7eteler \u00e7\u0131kard\u0131\u011f\u0131 Yedi Bilgelik Okulu: \u0130yi Ya\u015fam \u00dczerine Dersler kitab\u0131nda kadim felsefi \u00f6\u011fretileri bug\u00fcn\u00fcn karma\u015f\u0131k d\u00fcnyas\u0131na ta\u015f\u0131yarak, okuruna salt bilgiden daha fazlas\u0131n\u0131, bir ya\u015fama sanat\u0131 kazand\u0131rmay\u0131 ama\u00e7l\u0131yor.<\/p>\n","protected":false},"excerpt":{"rendered":"<p>\u201cBilgelik nas\u0131l iyi ya\u015fayaca\u011f\u0131m\u0131z\u0131 bilme sanat\u0131d\u0131r; neyin ger\u00e7ekten \u00f6nemli oldu\u011funu g\u00f6rme, do\u011fru se\u00e7imler yapma ve i\u00e7 benlik ile d\u0131\u015f d\u00fcnya aras\u0131nda uyum sa\u011flama becerisidir.\u201d G\u00fcn\u00fcm\u00fcz d\u00fcnyas\u0131nda<span class=\"excerpt-hellip\"> [\u2026]<\/span><\/p>\n","protected":false},"featured_media":0,"template":"","meta":{"_monsterinsights_skip_tracking":false,"_monsterinsights_sitenote_active":false,"_monsterinsights_sitenote_note":"","_monsterinsights_sitenote_category":0},"product_brand":[],"product_cat":[12364,12376],"product_tag":[],"class_list":{"0":"post-779478","1":"product","2":"type-product","3":"status-publish","5":"product_cat-genel-konular","6":"product_cat-kisisel-gelisim","7":"pa_cilt-ciltsiz","8":"pa_tur-kitap","9":"pa_yayinevi-kronik-kitap","10":"pa_yazar-enis-doko","12":"first","13":"instock","14":"sale","15":"shipping-taxable","16":"purchasable","17":"product-type-simple"},"_links":{"self":[{"href":"https:\/\/roveyayinevi.com.tr\/index.php\/wp-json\/wp\/v2\/product\/779478","targetHints":{"allow":["GET"]}}],"collection":[{"href":"https:\/\/roveyayinevi.com.tr\/index.php\/wp-json\/wp\/v2\/product"}],"about":[{"href":"https:\/\/roveyayinevi.com.tr\/index.php\/wp-json\/wp\/v2\/types\/product"}],"wp:attachment":[{"href":"https:\/\/roveyayinevi.com.tr\/index.php\/wp-json\/wp\/v2\/media?parent=779478"}],"wp:term":[{"taxonomy":"product_brand","embeddable":true,"href":"https:\/\/roveyayinevi.com.tr\/index.php\/wp-json\/wp\/v2\/product_brand?post=779478"},{"taxonomy":"product_cat","embeddable":true,"href":"https:\/\/roveyayinevi.com.tr\/index.php\/wp-json\/wp\/v2\/product_cat?post=779478"},{"taxonomy":"product_tag","embeddable":true,"href":"https:\/\/roveyayinevi.com.tr\/index.php\/wp-json\/wp\/v2\/product_tag?post=779478"}],"curies":[{"name":"wp","href":"https:\/\/api.w.org\/{rel}","templated":true}]}}