{"id":779476,"date":"2025-12-30T11:56:05","date_gmt":"2025-12-30T08:56:05","guid":{"rendered":"https:\/\/roveyayinevi.com.tr\/index.php\/urun\/istanbul-senin-olacak\/"},"modified":"2026-04-15T03:44:11","modified_gmt":"2026-04-15T00:44:11","slug":"istanbul-senin-olacak","status":"publish","type":"product","link":"https:\/\/roveyayinevi.com.tr\/index.php\/urun\/istanbul-senin-olacak\/","title":{"rendered":"\u0130stanbul Senin Olacak"},"content":{"rendered":"<p>Ge\u00e7mi\u015fi \u00f6zlemek ge\u00e7mi\u015ften bile g\u00fczel. Behi\u00e7 Ak, \u0130stanbul\u2019un y\u00f6r\u00fcngesinde b\u00fcy\u00fcyen bir hik\u00e2yenin izini s\u00fcr\u00fcyor. \u015eehrin b\u00fct\u00fcn yollar\u0131, ihanetin, bekleyi\u015fin, edebiyat\u0131n, cevaps\u0131z sorular\u0131n, sonu\u00e7suz hesapla\u015fmalar\u0131n, \u00fcmitsiz bir a\u015fk\u0131n kesi\u015fti\u011fi bir \u015fiire \u00e7\u0131k\u0131yor; an\u0131lar\u0131n ve ge\u00e7mi\u015fin tozunu yutanlar, bir edebiyat kul\u00fcb\u00fcnde, zamans\u0131z bir yemek masas\u0131nda bulu\u015fuyor. Bazen bir flan\u00f6r, bazen bir zaman yolcusu, bazen de sahile vuran m\u0131sralar\u0131 toplayan bir lodos\u00e7u edas\u0131nda kentin i\u00e7inde y\u00fcr\u00fcyor. S\u0131k\u0131 s\u0131k\u0131 sar\u0131ld\u0131\u011f\u0131m\u0131z kimliklerimize, geride b\u0131rakamad\u0131klar\u0131m\u0131za, \u00f6l\u00fcms\u00fczl\u00fc\u011fe ve \u00f6zg\u00fcrl\u00fc\u011fe dair \u00e7arp\u0131c\u0131 bir toplumsal bak\u0131\u015f sunuyor. \u201c\u015eehir mi onu fethedip k\u00f6lele\u015ftirecek, o mu \u015fehrin fatihi olacakt\u0131? Ya da ikisi birden mi? \u00d6d\u00fcn veremezdi. Ne sahip ne de k\u00f6le olmak istiyordu. Hayallere dalarak bu gizemli \u015fehrin sokaklar\u0131nda dola\u015fmak istiyordu sadece&#8230;\u201d<\/p>\n","protected":false},"excerpt":{"rendered":"<p>Ge\u00e7mi\u015fi \u00f6zlemek ge\u00e7mi\u015ften bile g\u00fczel. Behi\u00e7 Ak, \u0130stanbul\u2019un y\u00f6r\u00fcngesinde b\u00fcy\u00fcyen bir hik\u00e2yenin izini s\u00fcr\u00fcyor. \u015eehrin b\u00fct\u00fcn yollar\u0131, ihanetin, bekleyi\u015fin, edebiyat\u0131n, cevaps\u0131z sorular\u0131n, sonu\u00e7suz hesapla\u015fmalar\u0131n, \u00fcmitsiz bir<span class=\"excerpt-hellip\"> [\u2026]<\/span><\/p>\n","protected":false},"featured_media":0,"template":"","meta":{"_monsterinsights_skip_tracking":false,"_monsterinsights_sitenote_active":false,"_monsterinsights_sitenote_note":"","_monsterinsights_sitenote_category":0},"product_brand":[],"product_cat":[12291,12711],"product_tag":[],"class_list":{"0":"post-779476","1":"product","2":"type-product","3":"status-publish","5":"product_cat-edebiyat","6":"product_cat-roman-oyku","7":"pa_cilt-ciltsiz","8":"pa_tur-kitap","9":"pa_yayinevi-gunisigi-kitapligi","10":"pa_yazar-behic-ak","12":"first","13":"instock","14":"sale","15":"shipping-taxable","16":"purchasable","17":"product-type-simple"},"_links":{"self":[{"href":"https:\/\/roveyayinevi.com.tr\/index.php\/wp-json\/wp\/v2\/product\/779476","targetHints":{"allow":["GET"]}}],"collection":[{"href":"https:\/\/roveyayinevi.com.tr\/index.php\/wp-json\/wp\/v2\/product"}],"about":[{"href":"https:\/\/roveyayinevi.com.tr\/index.php\/wp-json\/wp\/v2\/types\/product"}],"wp:attachment":[{"href":"https:\/\/roveyayinevi.com.tr\/index.php\/wp-json\/wp\/v2\/media?parent=779476"}],"wp:term":[{"taxonomy":"product_brand","embeddable":true,"href":"https:\/\/roveyayinevi.com.tr\/index.php\/wp-json\/wp\/v2\/product_brand?post=779476"},{"taxonomy":"product_cat","embeddable":true,"href":"https:\/\/roveyayinevi.com.tr\/index.php\/wp-json\/wp\/v2\/product_cat?post=779476"},{"taxonomy":"product_tag","embeddable":true,"href":"https:\/\/roveyayinevi.com.tr\/index.php\/wp-json\/wp\/v2\/product_tag?post=779476"}],"curies":[{"name":"wp","href":"https:\/\/api.w.org\/{rel}","templated":true}]}}