{"id":779475,"date":"2025-12-30T11:56:03","date_gmt":"2025-12-30T08:56:03","guid":{"rendered":"https:\/\/roveyayinevi.com.tr\/index.php\/urun\/psikanaliz-defterleri-15-cocuk-ve-ergen-calismalari-yaraticilik-ve-sanat\/"},"modified":"2026-04-15T03:44:11","modified_gmt":"2026-04-15T00:44:11","slug":"psikanaliz-defterleri-15-cocuk-ve-ergen-calismalari-yaraticilik-ve-sanat","status":"publish","type":"product","link":"https:\/\/roveyayinevi.com.tr\/index.php\/urun\/psikanaliz-defterleri-15-cocuk-ve-ergen-calismalari-yaraticilik-ve-sanat\/","title":{"rendered":"Psikanaliz Defterleri 15: \u00c7ocuk Ve Ergen \u00c7al\u0131\u015fmalar\u0131 Yarat\u0131c\u0131l\u0131k Ve Sanat"},"content":{"rendered":"<p>Bu say\u0131 \u00e7ocukta yarat\u0131c\u0131l\u0131k yetisinin nas\u0131l geli\u015fti\u011fini, m\u00fczik, resim, edebiyat gibi sanat dallar\u0131yla ergenlik ili\u015fkisini ele al\u0131yor. Kimi yaz\u0131lar bu ba\u011flamda kilit kavramlar olan &#8220;y\u00fcceltme&#8221; ve &#8220;oyun&#8221; \u00fczerinde dururken kimileri de \u00f6zellikle m\u00fczi\u011fin grup terapisinde nas\u0131l kullan\u0131labilece\u011fini g\u00f6steriyor. Edebiyat tarihi ve sinemadan hatta Rock m\u00fczikten \u00f6rneklerle de zengin ve \u00e7oksesli bir say\u0131.Talat ParmanSahi, Y\u00fcceltme Nedir?Sezai Halifeo\u011fluVarolmak \u0130\u00e7in SanatAnthony BraultM\u00fczi\u011fin Ba\u015flang\u0131c\u0131nda Erinlik Bedeni Vard\u0131Susan WhiteM\u00fczi\u011fe Dair Bir Duygu: Bir Ke\u015fif Bar\u0131\u015f \u00d6zgen \u015eensoyForever Young: Ergenli\u011fin Fon M\u00fczi\u011fi Olarak Rock M\u00fczikOlivier Hussenet, Sinan T\u0131nar, Alper \u015eahinHer Ya\u015f \u0130\u00e7in Ninniler: \u00d6zg\u00fcn Bir M\u00fczik T\u00fcr\u00fc \u00dczerine Psikanalitik Bir \u0130ncelemeFiliz TorunErgen ve Resim YapmakDuygu Co\u015fkunBoyhood (\u00c7ocukluk): \u00d6znelle\u015fme Yolunda Yarat\u0131c\u0131l\u0131\u011f\u0131n Zamansal \u0130fadesiPascal HachetErgen Okurun Bak\u0131\u015f\u0131Alper \u015eahinEsin Veren Bir Sanat\u00e7\u0131 Olarak E.T.A. Hoffmann Nam-\u0131 Di\u011fer Kapellmeister Johannes KreislerBatuhan Sa\u00e7\u015eiir Yazman\u0131n Ruhsal S\u00fcre\u00e7lerine Dair NotlarH\u00fcner Ayd\u0131nBir Varolma Deneyimi Olarak Yarat\u0131c\u0131l\u0131k<\/p>\n","protected":false},"excerpt":{"rendered":"<p>Bu say\u0131 \u00e7ocukta yarat\u0131c\u0131l\u0131k yetisinin nas\u0131l geli\u015fti\u011fini, m\u00fczik, resim, edebiyat gibi sanat dallar\u0131yla ergenlik ili\u015fkisini ele al\u0131yor. Kimi yaz\u0131lar bu ba\u011flamda kilit kavramlar olan &#8220;y\u00fcceltme&#8221; ve<span class=\"excerpt-hellip\"> [\u2026]<\/span><\/p>\n","protected":false},"featured_media":0,"template":"","meta":{"_monsterinsights_skip_tracking":false,"_monsterinsights_sitenote_active":false,"_monsterinsights_sitenote_note":"","_monsterinsights_sitenote_category":0},"product_brand":[],"product_cat":[12679,12357],"product_tag":[],"class_list":{"0":"post-779475","1":"product","2":"type-product","3":"status-publish","5":"product_cat-cocuk-psikolojisi","6":"product_cat-psikoloji","7":"pa_cilt-ciltsiz","8":"pa_tur-kitap","9":"pa_yayinevi-yapi-kredi-yayinlari","10":"pa_yazar-kolektif","12":"first","13":"instock","14":"sale","15":"shipping-taxable","16":"purchasable","17":"product-type-simple"},"_links":{"self":[{"href":"https:\/\/roveyayinevi.com.tr\/index.php\/wp-json\/wp\/v2\/product\/779475","targetHints":{"allow":["GET"]}}],"collection":[{"href":"https:\/\/roveyayinevi.com.tr\/index.php\/wp-json\/wp\/v2\/product"}],"about":[{"href":"https:\/\/roveyayinevi.com.tr\/index.php\/wp-json\/wp\/v2\/types\/product"}],"wp:attachment":[{"href":"https:\/\/roveyayinevi.com.tr\/index.php\/wp-json\/wp\/v2\/media?parent=779475"}],"wp:term":[{"taxonomy":"product_brand","embeddable":true,"href":"https:\/\/roveyayinevi.com.tr\/index.php\/wp-json\/wp\/v2\/product_brand?post=779475"},{"taxonomy":"product_cat","embeddable":true,"href":"https:\/\/roveyayinevi.com.tr\/index.php\/wp-json\/wp\/v2\/product_cat?post=779475"},{"taxonomy":"product_tag","embeddable":true,"href":"https:\/\/roveyayinevi.com.tr\/index.php\/wp-json\/wp\/v2\/product_tag?post=779475"}],"curies":[{"name":"wp","href":"https:\/\/api.w.org\/{rel}","templated":true}]}}