{"id":779473,"date":"2025-12-30T11:55:58","date_gmt":"2025-12-30T08:55:58","guid":{"rendered":"https:\/\/roveyayinevi.com.tr\/index.php\/urun\/dunyayi-bastan-yaratan-sanatcilar\/"},"modified":"2026-04-15T03:44:11","modified_gmt":"2026-04-15T00:44:11","slug":"dunyayi-bastan-yaratan-sanatcilar","status":"publish","type":"product","link":"https:\/\/roveyayinevi.com.tr\/index.php\/urun\/dunyayi-bastan-yaratan-sanatcilar\/","title":{"rendered":"D\u00fcnyay\u0131 Ba\u015ftan Yaratan Sanat\u00e7\u0131lar"},"content":{"rendered":"<p>D\u00fcnyay\u0131 Ba\u015ftan Yaratan Sanat\u00e7\u0131lar \u2013 Bir G\u00fcncel Sanat Manifestosu kitab\u0131nda Vid Simoniti, 21. y\u00fczy\u0131l\u0131n ba\u015flar\u0131nda g\u00fcncel sanat\u0131n politikayla ili\u015fkisini inceliyor. Sanat\u0131n d\u00fcnyay\u0131 anlama bi\u00e7imimize getirdi\u011fi yeni bak\u0131\u015flarla ilgileniyor ve sanat\u00e7\u0131lar\u0131n yaratt\u0131klar\u0131 d\u00fcnyalar\u0131n pe\u015fine d\u00fc\u015f\u00fcyor.   Okuru, iklim krizi, sosyal adalet gibi konular\u0131 ele alan sanateserleri \u00fczerinden Ai Weiwei, Olafur Eliasson, Wangechi Mutu, Naomi Rinc\u00f3n-Gallardo ve Hito Steyerl\u2019in aralar\u0131nda oldu\u011fu sanat\u00e7\u0131lar\u0131 ke\u015ffetmeye \u00e7a\u011f\u0131r\u0131yor. G\u00fcncel sanat \u00fczerine d\u00fc\u015f\u00fcnmek i\u00e7in yeni ara\u00e7lar buluyor ve sanat\u0131n sesine kulak veriyor: Pratiklikten uzak ama uzaklar\u0131 g\u00f6ren bir tan\u0131k olan sanat, sava\u015f alanlar\u0131n\u0131n \u00fcst\u00fcnde s\u00fcz\u00fcl\u00fcr, ge\u00e7ici bir hal\u00fcsinasyon ve bir mola an\u0131d\u0131r belki ama hayat\u0131n ve d\u00fcnyan\u0131n ba\u015fka t\u00fcrl\u00fc olabilece\u011fini m\u0131r\u0131ldan\u0131r.   Simoniti g\u00fcn\u00fcm\u00fcz\u00fcn en heyecan verici sanat yazarlar\u0131ndan biri. Tarih, ele\u015ftiri ve felsefe aras\u0131nda ustaca ge\u00e7i\u015fler yapan bir ba\u015fyap\u0131t olan bu kitap, sanat\u0131n d\u00fcnyay\u0131 sarsmaya devam eden g\u00fcc\u00fcn\u00fc b\u00fcy\u00fcleyici bir \u015fekilde anlat\u0131yor. James Fox, The World According to Colour kitab\u0131n\u0131n yazar\u0131   \u00d6zg\u00fcn bir d\u00fc\u015f\u00fcn\u00fcr Simoniti, geni\u015f ve c\u00f6mert bir zihne, ustaca bir \u00fcsluba sahip. Politik g\u00fcncel sanat \u00fczerine cesur ve incelikli \u015fekilde tefekk\u00fcr ediyor. Bu kitap ele ald\u0131\u011f\u0131 acil insani sorunlara getirdi\u011fimiz estetik kaynaklar\u0131 ele\u015ftirel bir \u015fekilde derinlemesine yeniden de\u011ferlendiriyor. Adrian Piper, sanat\u00e7\u0131 ve filozof <\/p>\n","protected":false},"excerpt":{"rendered":"<p>D\u00fcnyay\u0131 Ba\u015ftan Yaratan Sanat\u00e7\u0131lar \u2013 Bir G\u00fcncel Sanat Manifestosu kitab\u0131nda Vid Simoniti, 21. y\u00fczy\u0131l\u0131n ba\u015flar\u0131nda g\u00fcncel sanat\u0131n politikayla ili\u015fkisini inceliyor. Sanat\u0131n d\u00fcnyay\u0131 anlama bi\u00e7imimize getirdi\u011fi yeni<span class=\"excerpt-hellip\"> [\u2026]<\/span><\/p>\n","protected":false},"featured_media":0,"template":"","meta":{"_monsterinsights_skip_tracking":false,"_monsterinsights_sitenote_active":false,"_monsterinsights_sitenote_note":"","_monsterinsights_sitenote_category":0},"product_brand":[],"product_cat":[44608,12408],"product_tag":[],"class_list":{"0":"post-779473","1":"product","2":"type-product","3":"status-publish","5":"product_cat-diger-sanat","6":"product_cat-sanat","7":"pa_cilt-ciltsiz","8":"pa_tur-kitap","9":"pa_yayinevi-yapi-kredi-yayinlari","10":"pa_yazar-vid-simoniti","12":"first","13":"instock","14":"sale","15":"shipping-taxable","16":"purchasable","17":"product-type-simple"},"_links":{"self":[{"href":"https:\/\/roveyayinevi.com.tr\/index.php\/wp-json\/wp\/v2\/product\/779473","targetHints":{"allow":["GET"]}}],"collection":[{"href":"https:\/\/roveyayinevi.com.tr\/index.php\/wp-json\/wp\/v2\/product"}],"about":[{"href":"https:\/\/roveyayinevi.com.tr\/index.php\/wp-json\/wp\/v2\/types\/product"}],"wp:attachment":[{"href":"https:\/\/roveyayinevi.com.tr\/index.php\/wp-json\/wp\/v2\/media?parent=779473"}],"wp:term":[{"taxonomy":"product_brand","embeddable":true,"href":"https:\/\/roveyayinevi.com.tr\/index.php\/wp-json\/wp\/v2\/product_brand?post=779473"},{"taxonomy":"product_cat","embeddable":true,"href":"https:\/\/roveyayinevi.com.tr\/index.php\/wp-json\/wp\/v2\/product_cat?post=779473"},{"taxonomy":"product_tag","embeddable":true,"href":"https:\/\/roveyayinevi.com.tr\/index.php\/wp-json\/wp\/v2\/product_tag?post=779473"}],"curies":[{"name":"wp","href":"https:\/\/api.w.org\/{rel}","templated":true}]}}