{"id":779472,"date":"2025-12-30T11:55:54","date_gmt":"2025-12-30T08:55:54","guid":{"rendered":"https:\/\/roveyayinevi.com.tr\/index.php\/urun\/kalpazanlar-2\/"},"modified":"2026-04-15T03:44:11","modified_gmt":"2026-04-15T00:44:11","slug":"kalpazanlar-2","status":"publish","type":"product","link":"https:\/\/roveyayinevi.com.tr\/index.php\/urun\/kalpazanlar-2\/","title":{"rendered":"Kalpazanlar"},"content":{"rendered":"<p>1925 y\u0131l\u0131nda yay\u0131mlanan Kalpazanlar Andr\u00e9 Gide k\u00fclliyat\u0131nda da, d\u00fcnya edebiyat\u0131nda da ayr\u0131 bir yere ve \u00f6neme sahip.   Lise bitirme s\u0131nav\u0131na haz\u0131rlanan Bernard\u2019\u0131n bir aile s\u0131rr\u0131n\u0131 \u00f6\u011frendikten sonra evi terk ederek okul arkada\u015f\u0131 Olivier ile birlikte yeni bir hayat felsefesi kurma maceras\u0131, Olivier\u2019nin Kalpazanlar isimli bir roman yazan day\u0131s\u0131 \u00c9douard\u2019\u0131n ortaya \u00e7\u0131kmas\u0131yla gizemli bir hal al\u0131r.   Yeni Roman\u2019\u0131n m\u00fcjdecisi say\u0131lan Kalpazanlar, ayr\u0131ca klasik roman anlay\u0131\u015f\u0131ndan uzakla\u015fan Gide\u2019in edebiyatta modern anlamda \u201cerken anlat\u0131\u201d veya \u201canlat\u0131-i\u00e7inde anlat\u0131\u201d tekni\u011fini kulland\u0131\u011f\u0131 ilk \u00f6rneklerden biri say\u0131l\u0131r.   Kitab\u0131n sonunda yer alan ve ilk kez T\u00fcrk\u00e7ede yay\u0131mlanan Kalpazanlar\u2019\u0131n G\u00fcnl\u00fc\u011f\u00fc ise Gide\u2019in roman kuram\u0131na ili\u015fkin son derece ilgin\u00e7 bir kaynak te\u015fkil ediyor: Bir yazar\u0131n roman\u0131n\u0131 tasarlarken d\u00fc\u015f\u00fcnd\u00fcklerini ve zihninden ge\u00e7enleri okumak, bir do\u011fa olay\u0131na tan\u0131kl\u0131k etmek kadar heyecanl\u0131 ve k\u0131\u015fk\u0131rt\u0131c\u0131 bir his uyand\u0131r\u0131yor.   &#8230; Kalpazanlar roman t\u00fcr\u00fcne bir\u00e7ok yenilikler getirir, bak\u0131\u015f a\u00e7\u0131lar\u0131n\u0131n \u00e7o\u011fullu\u011fu ve de\u011fi\u015fken yap\u0131s\u0131yla bug\u00fcn bile yepyeni g\u00f6r\u00fcn\u00fcr bize.                                                              Tahsin Y\u00fccel <\/p>\n","protected":false},"excerpt":{"rendered":"<p>1925 y\u0131l\u0131nda yay\u0131mlanan Kalpazanlar Andr\u00e9 Gide k\u00fclliyat\u0131nda da, d\u00fcnya edebiyat\u0131nda da ayr\u0131 bir yere ve \u00f6neme sahip. Lise bitirme s\u0131nav\u0131na haz\u0131rlanan Bernard\u2019\u0131n bir aile s\u0131rr\u0131n\u0131 \u00f6\u011frendikten<span class=\"excerpt-hellip\"> [\u2026]<\/span><\/p>\n","protected":false},"featured_media":0,"template":"","meta":{"_monsterinsights_skip_tracking":false,"_monsterinsights_sitenote_active":false,"_monsterinsights_sitenote_note":"","_monsterinsights_sitenote_category":0},"product_brand":[],"product_cat":[12291,12711],"product_tag":[],"class_list":{"0":"post-779472","1":"product","2":"type-product","3":"status-publish","5":"product_cat-edebiyat","6":"product_cat-roman-oyku","7":"pa_cilt-ciltsiz","8":"pa_tur-kitap","9":"pa_yayinevi-yapi-kredi-yayinlari","10":"pa_yazar-andre-gide","12":"first","13":"instock","14":"sale","15":"shipping-taxable","16":"purchasable","17":"product-type-simple"},"_links":{"self":[{"href":"https:\/\/roveyayinevi.com.tr\/index.php\/wp-json\/wp\/v2\/product\/779472","targetHints":{"allow":["GET"]}}],"collection":[{"href":"https:\/\/roveyayinevi.com.tr\/index.php\/wp-json\/wp\/v2\/product"}],"about":[{"href":"https:\/\/roveyayinevi.com.tr\/index.php\/wp-json\/wp\/v2\/types\/product"}],"wp:attachment":[{"href":"https:\/\/roveyayinevi.com.tr\/index.php\/wp-json\/wp\/v2\/media?parent=779472"}],"wp:term":[{"taxonomy":"product_brand","embeddable":true,"href":"https:\/\/roveyayinevi.com.tr\/index.php\/wp-json\/wp\/v2\/product_brand?post=779472"},{"taxonomy":"product_cat","embeddable":true,"href":"https:\/\/roveyayinevi.com.tr\/index.php\/wp-json\/wp\/v2\/product_cat?post=779472"},{"taxonomy":"product_tag","embeddable":true,"href":"https:\/\/roveyayinevi.com.tr\/index.php\/wp-json\/wp\/v2\/product_tag?post=779472"}],"curies":[{"name":"wp","href":"https:\/\/api.w.org\/{rel}","templated":true}]}}