{"id":779470,"date":"2025-12-30T11:55:47","date_gmt":"2025-12-30T08:55:47","guid":{"rendered":"https:\/\/roveyayinevi.com.tr\/index.php\/urun\/hareketli-sesli-kitaplar-raauur-ciltli\/"},"modified":"2026-04-15T03:44:11","modified_gmt":"2026-04-15T00:44:11","slug":"hareketli-sesli-kitaplar-raauur-ciltli","status":"publish","type":"product","link":"https:\/\/roveyayinevi.com.tr\/index.php\/urun\/hareketli-sesli-kitaplar-raauur-ciltli\/","title":{"rendered":"Hareketli Sesli Kitaplar \u2013 Raauur! (Ciltli)"},"content":{"rendered":"<p>0-3 ya\u015f grubuna \u00f6zel olarak haz\u0131rlanan bu kitaplar\u0131n sayfalar\u0131 daha kal\u0131nd\u0131r, k\u00f6\u015feleri yuvarlak tasarlanm\u0131\u015ft\u0131r, kitap sayfalar\u0131nda yer alan hareketli par\u00e7alar\u0131 kayd\u0131rarak kitaptaki sesleri duyabilirsiniz.   Bu merak uyand\u0131ran kitaptaki hareketli par\u00e7alar\u0131 kayd\u0131rarak yaban hayvanlar\u0131n\u0131n seslerini duyabilirsiniz. <\/p>\n","protected":false},"excerpt":{"rendered":"<p>0-3 ya\u015f grubuna \u00f6zel olarak haz\u0131rlanan bu kitaplar\u0131n sayfalar\u0131 daha kal\u0131nd\u0131r, k\u00f6\u015feleri yuvarlak tasarlanm\u0131\u015ft\u0131r, kitap sayfalar\u0131nda yer alan hareketli par\u00e7alar\u0131 kayd\u0131rarak kitaptaki sesleri duyabilirsiniz. Bu merak<span class=\"excerpt-hellip\"> [\u2026]<\/span><\/p>\n","protected":false},"featured_media":0,"template":"","meta":{"_monsterinsights_skip_tracking":false,"_monsterinsights_sitenote_active":false,"_monsterinsights_sitenote_note":"","_monsterinsights_sitenote_category":0},"product_brand":[],"product_cat":[12274,12518],"product_tag":[],"class_list":{"0":"post-779470","1":"product","2":"type-product","3":"status-publish","5":"product_cat-cocuk-ve-genclik-kitaplari","6":"product_cat-okul-oncesi-kitaplar","7":"pa_cilt-ciltli","8":"pa_tur-kitap","9":"pa_yayinevi-yapi-kredi-yayinlari","10":"pa_yazar-sam-taplin","12":"first","13":"instock","14":"sale","15":"shipping-taxable","16":"purchasable","17":"product-type-simple"},"_links":{"self":[{"href":"https:\/\/roveyayinevi.com.tr\/index.php\/wp-json\/wp\/v2\/product\/779470","targetHints":{"allow":["GET"]}}],"collection":[{"href":"https:\/\/roveyayinevi.com.tr\/index.php\/wp-json\/wp\/v2\/product"}],"about":[{"href":"https:\/\/roveyayinevi.com.tr\/index.php\/wp-json\/wp\/v2\/types\/product"}],"wp:attachment":[{"href":"https:\/\/roveyayinevi.com.tr\/index.php\/wp-json\/wp\/v2\/media?parent=779470"}],"wp:term":[{"taxonomy":"product_brand","embeddable":true,"href":"https:\/\/roveyayinevi.com.tr\/index.php\/wp-json\/wp\/v2\/product_brand?post=779470"},{"taxonomy":"product_cat","embeddable":true,"href":"https:\/\/roveyayinevi.com.tr\/index.php\/wp-json\/wp\/v2\/product_cat?post=779470"},{"taxonomy":"product_tag","embeddable":true,"href":"https:\/\/roveyayinevi.com.tr\/index.php\/wp-json\/wp\/v2\/product_tag?post=779470"}],"curies":[{"name":"wp","href":"https:\/\/api.w.org\/{rel}","templated":true}]}}