{"id":779468,"date":"2025-12-30T11:55:41","date_gmt":"2025-12-30T08:55:41","guid":{"rendered":"https:\/\/roveyayinevi.com.tr\/index.php\/urun\/ilk-kitaplarim-vucudumu-taniyorum-ciltli\/"},"modified":"2026-04-15T03:44:11","modified_gmt":"2026-04-15T00:44:11","slug":"ilk-kitaplarim-vucudumu-taniyorum-ciltli","status":"publish","type":"product","link":"https:\/\/roveyayinevi.com.tr\/index.php\/urun\/ilk-kitaplarim-vucudumu-taniyorum-ciltli\/","title":{"rendered":"\u0130lk Kitaplar\u0131m \u2013 V\u00fccudumu Tan\u0131yorum (Ciltli)"},"content":{"rendered":"<p>\u0130nsan v\u00fccuduyla tan\u0131\u015f\u0131n!   \u0130skelet, organlar, duyular, duygular ve \u00e7ok daha fazlas\u0131n\u0131 ke\u015ffedin!   \u00c7ocuklar bu uygulamal\u0131, resimli ve hareketli kitapla v\u00fccutlar\u0131n\u0131 tan\u0131yacak ve v\u00fccutlar\u0131na nas\u0131l bakacaklar\u0131n\u0131 e\u011flenerek \u00f6\u011frenecekler!       &#8211;          \u0130lk ya\u015flar i\u00e7in. &#8211;          Erken STEM e\u011fitimi. &#8211;          \u00c7ocu\u011funuzun kendi ba\u015f\u0131na deneyebilece\u011fimi basit etkinlikler. <\/p>\n","protected":false},"excerpt":{"rendered":"<p>\u0130nsan v\u00fccuduyla tan\u0131\u015f\u0131n! \u0130skelet, organlar, duyular, duygular ve \u00e7ok daha fazlas\u0131n\u0131 ke\u015ffedin! \u00c7ocuklar bu uygulamal\u0131, resimli ve hareketli kitapla v\u00fccutlar\u0131n\u0131 tan\u0131yacak ve v\u00fccutlar\u0131na nas\u0131l bakacaklar\u0131n\u0131 e\u011flenerek<span class=\"excerpt-hellip\"> [\u2026]<\/span><\/p>\n","protected":false},"featured_media":0,"template":"","meta":{"_monsterinsights_skip_tracking":false,"_monsterinsights_sitenote_active":false,"_monsterinsights_sitenote_note":"","_monsterinsights_sitenote_category":0},"product_brand":[],"product_cat":[12274,12518],"product_tag":[],"class_list":{"0":"post-779468","1":"product","2":"type-product","3":"status-publish","5":"product_cat-cocuk-ve-genclik-kitaplari","6":"product_cat-okul-oncesi-kitaplar","7":"pa_cilt-ciltli","8":"pa_tur-kitap","9":"pa_yayinevi-yapi-kredi-yayinlari","10":"pa_yazar-kolektif","12":"first","13":"instock","14":"sale","15":"shipping-taxable","16":"purchasable","17":"product-type-simple"},"_links":{"self":[{"href":"https:\/\/roveyayinevi.com.tr\/index.php\/wp-json\/wp\/v2\/product\/779468","targetHints":{"allow":["GET"]}}],"collection":[{"href":"https:\/\/roveyayinevi.com.tr\/index.php\/wp-json\/wp\/v2\/product"}],"about":[{"href":"https:\/\/roveyayinevi.com.tr\/index.php\/wp-json\/wp\/v2\/types\/product"}],"wp:attachment":[{"href":"https:\/\/roveyayinevi.com.tr\/index.php\/wp-json\/wp\/v2\/media?parent=779468"}],"wp:term":[{"taxonomy":"product_brand","embeddable":true,"href":"https:\/\/roveyayinevi.com.tr\/index.php\/wp-json\/wp\/v2\/product_brand?post=779468"},{"taxonomy":"product_cat","embeddable":true,"href":"https:\/\/roveyayinevi.com.tr\/index.php\/wp-json\/wp\/v2\/product_cat?post=779468"},{"taxonomy":"product_tag","embeddable":true,"href":"https:\/\/roveyayinevi.com.tr\/index.php\/wp-json\/wp\/v2\/product_tag?post=779468"}],"curies":[{"name":"wp","href":"https:\/\/api.w.org\/{rel}","templated":true}]}}