{"id":779467,"date":"2025-12-30T11:55:37","date_gmt":"2025-12-30T08:55:37","guid":{"rendered":"https:\/\/roveyayinevi.com.tr\/index.php\/urun\/ilk-kitaplarim-saatleri-ogreniyorum-ciltli\/"},"modified":"2026-04-15T03:44:11","modified_gmt":"2026-04-15T00:44:11","slug":"ilk-kitaplarim-saatleri-ogreniyorum-ciltli","status":"publish","type":"product","link":"https:\/\/roveyayinevi.com.tr\/index.php\/urun\/ilk-kitaplarim-saatleri-ogreniyorum-ciltli\/","title":{"rendered":"\u0130lk Kitaplar\u0131m \u2013 Saatleri \u00d6\u011freniyorum  (Ciltli)"},"content":{"rendered":"<p>Berke sabah saat 7\u2019de uyand\u0131, kahvalt\u0131s\u0131n\u0131 yapt\u0131 ve okula gitti. Bug\u00fcn Berke\u2019ye arkada\u015fl\u0131k etmeye ne dersiniz? Ger\u00e7ek bir saat kadran\u0131 ve hareket eden ibreleri olan bu \u00e7ok \u00f6zel kitap sayesinde \u00e7ocuklar saatleri kolayl\u0131kla \u00f6\u011frenecek!     &#8211;          \u0130lk ya\u015flar i\u00e7in. &#8211;          \u00c7ocu\u011funuz saati okumay\u0131 \u00f6\u011frensin. &#8211;          S\u00f6zc\u00fck da\u011farc\u0131\u011f\u0131n\u0131n geli\u015fmesine yard\u0131mc\u0131 olur.   <\/p>\n","protected":false},"excerpt":{"rendered":"<p>Berke sabah saat 7\u2019de uyand\u0131, kahvalt\u0131s\u0131n\u0131 yapt\u0131 ve okula gitti. Bug\u00fcn Berke\u2019ye arkada\u015fl\u0131k etmeye ne dersiniz? Ger\u00e7ek bir saat kadran\u0131 ve hareket eden ibreleri olan bu<span class=\"excerpt-hellip\"> [\u2026]<\/span><\/p>\n","protected":false},"featured_media":0,"template":"","meta":{"_monsterinsights_skip_tracking":false,"_monsterinsights_sitenote_active":false,"_monsterinsights_sitenote_note":"","_monsterinsights_sitenote_category":0},"product_brand":[],"product_cat":[12274,12518],"product_tag":[],"class_list":{"0":"post-779467","1":"product","2":"type-product","3":"status-publish","5":"product_cat-cocuk-ve-genclik-kitaplari","6":"product_cat-okul-oncesi-kitaplar","7":"pa_cilt-ciltli","8":"pa_tur-kitap","9":"pa_yayinevi-yapi-kredi-yayinlari","10":"pa_yazar-kolektif","12":"first","13":"instock","14":"sale","15":"shipping-taxable","16":"purchasable","17":"product-type-simple"},"_links":{"self":[{"href":"https:\/\/roveyayinevi.com.tr\/index.php\/wp-json\/wp\/v2\/product\/779467","targetHints":{"allow":["GET"]}}],"collection":[{"href":"https:\/\/roveyayinevi.com.tr\/index.php\/wp-json\/wp\/v2\/product"}],"about":[{"href":"https:\/\/roveyayinevi.com.tr\/index.php\/wp-json\/wp\/v2\/types\/product"}],"wp:attachment":[{"href":"https:\/\/roveyayinevi.com.tr\/index.php\/wp-json\/wp\/v2\/media?parent=779467"}],"wp:term":[{"taxonomy":"product_brand","embeddable":true,"href":"https:\/\/roveyayinevi.com.tr\/index.php\/wp-json\/wp\/v2\/product_brand?post=779467"},{"taxonomy":"product_cat","embeddable":true,"href":"https:\/\/roveyayinevi.com.tr\/index.php\/wp-json\/wp\/v2\/product_cat?post=779467"},{"taxonomy":"product_tag","embeddable":true,"href":"https:\/\/roveyayinevi.com.tr\/index.php\/wp-json\/wp\/v2\/product_tag?post=779467"}],"curies":[{"name":"wp","href":"https:\/\/api.w.org\/{rel}","templated":true}]}}