{"id":779466,"date":"2025-12-30T11:55:35","date_gmt":"2025-12-30T08:55:35","guid":{"rendered":"https:\/\/roveyayinevi.com.tr\/index.php\/urun\/ozne-yapi-gerilimi\/"},"modified":"2026-04-15T03:44:11","modified_gmt":"2026-04-15T00:44:11","slug":"ozne-yapi-gerilimi","status":"publish","type":"product","link":"https:\/\/roveyayinevi.com.tr\/index.php\/urun\/ozne-yapi-gerilimi\/","title":{"rendered":"\u00d6zne &#8211; Yap\u0131 Gerilimi"},"content":{"rendered":"<p>Bu derlemeyi olu\u015fturan yaz\u0131larda ortaya \u00e7\u0131kan ana izlek, Marksizmin kadim bir yap\u0131sal sorunu, bir i\u00e7 geri-limi: Yap\u0131-\u00f6zne, nesnellik-\u00f6znellik, belirlenimcilik-iradecilik, varl\u0131k-bilin\u00e7 gibi ikiliklerle ifade edilebilecek bu gerilim, g\u00fcn\u00fcm\u00fczde de Marksizmin ve daha genel olarak ele\u015ftirel toplum kuramlar\u0131n\u0131n g\u00fcndeminde \u00f6nemi-ni korumaya devam ediyor.  Bunun yan\u0131 s\u0131ra, \u00f6zg\u00fcrle\u015fmeci, radikal ya da sol olarak adland\u0131r\u0131labilecek teorilerde, toplumsal yap\u0131lar\u0131n nesnelli\u011fi, genel bir tarih kavray\u0131\u015f\u0131 ve kolektif \u00f6zneler kar\u015f\u0131s\u0131nda \u00f6znelcilik, rastlant\u0131sall\u0131k\/bilinemezcilik ve tikelcilik h\u00fckm\u00fcn\u00fc s\u00fcrd\u00fcr\u00fcrken, bir yandan da bu e\u011filimlerin on y\u0131l kadar \u00f6ncesine g\u00f6re itibar kaybetti\u011fini, \u00f6zg\u00fcrle\u015fme politikalar\u0131n\u0131n \u00f6n\u00fcn\u00fc a\u00e7acak teorik aray\u0131\u015flar\u0131n daha g\u00f6r\u00fcn\u00fcr hale geldi\u011fini saptamak m\u00fcmk\u00fcn.  Okuyaca\u011f\u0131n\u0131z yaz\u0131larda, hem postmodernist teorilerde olgun bi\u00e7imine b\u00fcr\u00fcnm\u00fc\u015f olan s\u00f6z konusu e\u011filimlerin gerilere, yap\u0131salc\u0131l\u0131k-sonras\u0131 teorisyenlere, Laclau ve Mouffe ile Althusser\u2019e do\u011fru izi s\u00fcr\u00fcl\u00fcyor; hem de s\u0131n\u0131f bilinci, \u015feyle\u015fme, ideoloji ve hegemonya gibi kavramlar\u0131yla Lukacs ile Gramsci\u2019nin bu sorunsala yap-t\u0131klar\u0131 teorik m\u00fcdahaleler ele al\u0131n\u0131yor.<\/p>\n","protected":false},"excerpt":{"rendered":"<p>Bu derlemeyi olu\u015fturan yaz\u0131larda ortaya \u00e7\u0131kan ana izlek, Marksizmin kadim bir yap\u0131sal sorunu, bir i\u00e7 geri-limi: Yap\u0131-\u00f6zne, nesnellik-\u00f6znellik, belirlenimcilik-iradecilik, varl\u0131k-bilin\u00e7 gibi ikiliklerle ifade edilebilecek bu gerilim,<span class=\"excerpt-hellip\"> [\u2026]<\/span><\/p>\n","protected":false},"featured_media":0,"template":"","meta":{"_monsterinsights_skip_tracking":false,"_monsterinsights_sitenote_active":false,"_monsterinsights_sitenote_note":"","_monsterinsights_sitenote_category":0},"product_brand":[],"product_cat":[13005,40995],"product_tag":[],"class_list":{"0":"post-779466","1":"product","2":"type-product","3":"status-publish","5":"product_cat-bilim-muhendislik","6":"product_cat-sosyal-bilimler","7":"pa_cilt-ciltsiz","8":"pa_tur-kitap","9":"pa_yayinevi-dipnot-yayinlari","10":"pa_yazar-gulnur-acar-savran","12":"first","13":"instock","14":"sale","15":"shipping-taxable","16":"purchasable","17":"product-type-simple"},"_links":{"self":[{"href":"https:\/\/roveyayinevi.com.tr\/index.php\/wp-json\/wp\/v2\/product\/779466","targetHints":{"allow":["GET"]}}],"collection":[{"href":"https:\/\/roveyayinevi.com.tr\/index.php\/wp-json\/wp\/v2\/product"}],"about":[{"href":"https:\/\/roveyayinevi.com.tr\/index.php\/wp-json\/wp\/v2\/types\/product"}],"wp:attachment":[{"href":"https:\/\/roveyayinevi.com.tr\/index.php\/wp-json\/wp\/v2\/media?parent=779466"}],"wp:term":[{"taxonomy":"product_brand","embeddable":true,"href":"https:\/\/roveyayinevi.com.tr\/index.php\/wp-json\/wp\/v2\/product_brand?post=779466"},{"taxonomy":"product_cat","embeddable":true,"href":"https:\/\/roveyayinevi.com.tr\/index.php\/wp-json\/wp\/v2\/product_cat?post=779466"},{"taxonomy":"product_tag","embeddable":true,"href":"https:\/\/roveyayinevi.com.tr\/index.php\/wp-json\/wp\/v2\/product_tag?post=779466"}],"curies":[{"name":"wp","href":"https:\/\/api.w.org\/{rel}","templated":true}]}}