{"id":779465,"date":"2025-12-30T11:55:29","date_gmt":"2025-12-30T08:55:29","guid":{"rendered":"https:\/\/roveyayinevi.com.tr\/index.php\/urun\/herhangi-bir-kiz-ya-da-degil\/"},"modified":"2026-04-15T03:44:11","modified_gmt":"2026-04-15T00:44:11","slug":"herhangi-bir-kiz-ya-da-degil","status":"publish","type":"product","link":"https:\/\/roveyayinevi.com.tr\/index.php\/urun\/herhangi-bir-kiz-ya-da-degil\/","title":{"rendered":"Herhangi Bir K\u0131z ya da De\u011fil"},"content":{"rendered":"<p>Herhangi Bir K\u0131z ya da De\u011fil, asl\u0131nda hi\u00e7birimizin s\u0131radan olmad\u0131\u011f\u0131n\u0131, hepimizin i\u00e7inde kocaman birevren ta\u015f\u0131d\u0131\u011f\u0131n\u0131 hat\u0131rlatan bir yolculuk kitab\u0131.Ecem\u2019in kaleminden d\u00f6k\u00fclen bu sat\u0131rlar, \u00e7ocukluktan gen\u00e7li\u011fe, ili\u015fkilerden yaln\u0131zl\u0131\u011fa, ba\u015far\u0131 bask\u0131s\u0131ndankaybolu\u015flara kadar insan olman\u0131n en \u00e7\u0131plak hallerini g\u00f6zler \u00f6n\u00fcne seriyor. K\u00e2h bir a\u015fk\u0131n k\u0131r\u0131lganl\u0131\u011f\u0131nda, k\u00e2hkay\u0131plar\u0131n derin yaslar\u0131nda, bazen de yabanc\u0131 bir \u015fehirde \u00f6zg\u00fcrce ko\u015farken buluyoruz kendimizi. Ama herhik\u00e2yenin ard\u0131nda ayn\u0131 \u00f6z var: Kendine d\u00f6nme, \u00f6z\u00fcne kavu\u015fma arzusu.Yazar, hayat\u0131n\u0131n en karanl\u0131k anlar\u0131nda bile kalbinin sesini dinleyerek, Yaradan\u2019\u0131n \u0131\u015f\u0131\u011f\u0131yla y\u00fcr\u00fcmeyi se\u00e7mi\u015f.Su terapisi ile suyun ta\u015f\u0131d\u0131\u011f\u0131 hafiflikle yeniden do\u011fmu\u015f, nefes terapisiyle i\u00e7indeki y\u00fckleri b\u0131rakmay\u0131 \u00f6\u011frenmi\u015f. Bizide ayn\u0131 cesarete davet ediyor. Bu kitapta ne sadece ac\u0131lar ne de yaln\u0131zca mutluluklar var. Hepsi bir arada; t\u0131pk\u0131hayat\u0131n kendisi gibi. \u0130\u00e7inden ge\u00e7ti\u011fi d\u00f6n\u00fc\u015f\u00fcmler, d\u00fc\u015fe kalka yeniden do\u011frulu\u015flar\u0131, umutla yeniden ba\u015flay\u0131\u015flar\u0131anlat\u0131yor.Herhangi Bir K\u0131z ya da De\u011fil, yaln\u0131zca bir an\u0131 kitab\u0131 de\u011fil; ayn\u0131 zamanda okuyucuya ayna tutan, kendiyolunu hat\u0131rlatan bir rehber. Belki senin de i\u00e7inde s\u0131k\u0131\u015f\u0131p kalm\u0131\u015f o ses, bu sat\u0131rlar\u0131 okurken \u00f6zg\u00fcrle\u015fecek. Belki defark edeceksin: Hi\u00e7birimiz herhangi biri de\u011filiz. Hepimiz kendi yolculu\u011fumuzun kahraman\u0131y\u0131z.Bu kitap, yolunu arayan herkes i\u00e7in bir davet. Kendini bulmaya, kendi \u0131\u015f\u0131\u011f\u0131n\u0131 hat\u0131rlamaya\u2026\u201c\u015eimdi bunlar\u0131 yazmak kolay de\u011fil. Kendimi sevmedi\u011fimi itiraf etmek h\u00e2l\u00e2 ac\u0131t\u0131yor. Aynaya bak\u0131p\u2018Yaradan\u2019\u0131n yaratt\u0131\u011f\u0131n\u0131 nas\u0131l sevmedin, Ecem?\u2019 diye hesap sormak istiyorum kendime. Oysa d\u00fcnya \u00fczerinde herkeskendini ger\u00e7ekten ko\u015fulsuz sevebilseydi, birbirimizi de ba\u011f\u0131\u015flayabilseydik, d\u00fcnya mucizevi bir yer olurdu. Veolacak, buna t\u00fcm kalbimle inan\u0131yorum.\u201d<\/p>\n","protected":false},"excerpt":{"rendered":"<p>Herhangi Bir K\u0131z ya da De\u011fil, asl\u0131nda hi\u00e7birimizin s\u0131radan olmad\u0131\u011f\u0131n\u0131, hepimizin i\u00e7inde kocaman birevren ta\u015f\u0131d\u0131\u011f\u0131n\u0131 hat\u0131rlatan bir yolculuk kitab\u0131.Ecem\u2019in kaleminden d\u00f6k\u00fclen bu sat\u0131rlar, \u00e7ocukluktan gen\u00e7li\u011fe, ili\u015fkilerden<span class=\"excerpt-hellip\"> [\u2026]<\/span><\/p>\n","protected":false},"featured_media":0,"template":"","meta":{"_monsterinsights_skip_tracking":false,"_monsterinsights_sitenote_active":false,"_monsterinsights_sitenote_note":"","_monsterinsights_sitenote_category":0},"product_brand":[],"product_cat":[12291,12711],"product_tag":[],"class_list":{"0":"post-779465","1":"product","2":"type-product","3":"status-publish","5":"product_cat-edebiyat","6":"product_cat-roman-oyku","7":"pa_cilt-ciltsiz","8":"pa_tur-kitap","9":"pa_yayinevi-potkal-kitap","10":"pa_yazar-esra-ecem-oksuz","12":"first","13":"instock","14":"sale","15":"shipping-taxable","16":"purchasable","17":"product-type-simple"},"_links":{"self":[{"href":"https:\/\/roveyayinevi.com.tr\/index.php\/wp-json\/wp\/v2\/product\/779465","targetHints":{"allow":["GET"]}}],"collection":[{"href":"https:\/\/roveyayinevi.com.tr\/index.php\/wp-json\/wp\/v2\/product"}],"about":[{"href":"https:\/\/roveyayinevi.com.tr\/index.php\/wp-json\/wp\/v2\/types\/product"}],"wp:attachment":[{"href":"https:\/\/roveyayinevi.com.tr\/index.php\/wp-json\/wp\/v2\/media?parent=779465"}],"wp:term":[{"taxonomy":"product_brand","embeddable":true,"href":"https:\/\/roveyayinevi.com.tr\/index.php\/wp-json\/wp\/v2\/product_brand?post=779465"},{"taxonomy":"product_cat","embeddable":true,"href":"https:\/\/roveyayinevi.com.tr\/index.php\/wp-json\/wp\/v2\/product_cat?post=779465"},{"taxonomy":"product_tag","embeddable":true,"href":"https:\/\/roveyayinevi.com.tr\/index.php\/wp-json\/wp\/v2\/product_tag?post=779465"}],"curies":[{"name":"wp","href":"https:\/\/api.w.org\/{rel}","templated":true}]}}