{"id":779464,"date":"2025-12-30T11:55:27","date_gmt":"2025-12-30T08:55:27","guid":{"rendered":"https:\/\/roveyayinevi.com.tr\/index.php\/urun\/soyu-yeniden-dusunmek\/"},"modified":"2026-04-15T03:44:11","modified_gmt":"2026-04-15T00:44:11","slug":"soyu-yeniden-dusunmek","status":"publish","type":"product","link":"https:\/\/roveyayinevi.com.tr\/index.php\/urun\/soyu-yeniden-dusunmek\/","title":{"rendered":"Soyu Yeniden D\u00fc\u015f\u00fcnmek"},"content":{"rendered":"<p>Son zamanlarda \u201cDNA soy testleri\u201d epey yayg\u0131nla\u015ft\u0131. Soylar\u0131n\u0131n nereye dayand\u0131\u011f\u0131n\u0131 \u00f6\u011frenmek isteyen ki\u015filer art\u0131k bu testleri yapan \u015firketlerden birine DNA numunelerini g\u00f6nderip k\u0131sa s\u00fcre i\u00e7inde bir cevaba kavu\u015fabiliyorlar. Bunun sonucunda da, \u201cBende y\u00fczde \u015fu kadar \u0130talyanl\u0131k, y\u00fczde bu kadar Frans\u0131zl\u0131k varm\u0131\u015f\u201d gibi beyanlar duyuyoruz. Peki ama bu testler nas\u0131l yap\u0131l\u0131yor ve sonu\u00e7lar\u0131 tam olarak ne anlama geliyor? Kostas Kampourakis bu kitab\u0131nda DNA soy testlerini derinlemesine inceliyor ve bunlar\u0131n asl\u0131nda san\u0131ld\u0131\u011f\u0131ndan \u00e7ok farkl\u0131 \u015feyler s\u00f6yledi\u011fini anlat\u0131yor. Testlerin y\u00f6ntemlerindeki k\u0131s\u0131tl\u0131l\u0131klar\u0131 ve sonu\u00e7lar\u0131n yorumlanmas\u0131ndaki sorunlar\u0131 a\u00e7\u0131klayan Kampourakis, b\u00fct\u00fcn bunlar\u0131n \u201csoy\u201d, \u201c\u0131rk\u201d, \u201cmilliyet\u201d ve \u201cetnisite\u201d gibi kritik kavramlar konusundaki yanl\u0131\u015f kan\u0131lar\u0131 nas\u0131l g\u00fc\u00e7lendirdi\u011fini ve \u00f6zc\u00fc d\u00fc\u015f\u00fcnme bi\u00e7imini nas\u0131l besledi\u011fini g\u00f6zler \u00f6n\u00fcne seriyor. Genetik testler ger\u00e7ekten de kim oldu\u011fumuzu, nereden geldi\u011fimizi ortaya koyabilir mi? \u201cSaf\u201d \u0131rk veya soy diye bir \u015fey var m\u0131? Soylar\u0131n\u0131n me\u015fhur tarihsel fig\u00fcrlere dayand\u0131\u011f\u0131n\u0131 s\u00f6yleyen ki\u015filerin iddialar\u0131 ne kadar ge\u00e7erli? Farkl\u0131 \u0131rklar, etnisiteler ve milliyetler aras\u0131nda belirgin genetik farklar var m\u0131? DNA soy testlerinin psikolojik ve toplumsal etkileri neler? Bu testlerin sonu\u00e7lar\u0131n\u0131 nas\u0131l yorumlamal\u0131y\u0131z? Soyu Yeniden D\u00fc\u015f\u00fcnmek, kimli\u011fimizi ve insanl\u0131\u011f\u0131n geni\u015f ailesi i\u00e7indeki yerimizi bilimsel olgular temelinde yeniden g\u00f6zden ge\u00e7irme \u00e7a\u011fr\u0131s\u0131 yap\u0131yor.  <\/p>\n","protected":false},"excerpt":{"rendered":"<p>Son zamanlarda \u201cDNA soy testleri\u201d epey yayg\u0131nla\u015ft\u0131. Soylar\u0131n\u0131n nereye dayand\u0131\u011f\u0131n\u0131 \u00f6\u011frenmek isteyen ki\u015filer art\u0131k bu testleri yapan \u015firketlerden birine DNA numunelerini g\u00f6nderip k\u0131sa s\u00fcre i\u00e7inde bir<span class=\"excerpt-hellip\"> [\u2026]<\/span><\/p>\n","protected":false},"featured_media":0,"template":"","meta":{"_monsterinsights_skip_tracking":false,"_monsterinsights_sitenote_active":false,"_monsterinsights_sitenote_note":"","_monsterinsights_sitenote_category":0},"product_brand":[],"product_cat":[13005,13006],"product_tag":[],"class_list":{"0":"post-779464","1":"product","2":"type-product","3":"status-publish","5":"product_cat-bilim-muhendislik","6":"product_cat-populer-bilim","7":"pa_cilt-ciltsiz","8":"pa_tur-kitap","9":"pa_yayinevi-metis-yayinlari","10":"pa_yazar-kostas-kampourakis","12":"first","13":"instock","14":"sale","15":"shipping-taxable","16":"purchasable","17":"product-type-simple"},"_links":{"self":[{"href":"https:\/\/roveyayinevi.com.tr\/index.php\/wp-json\/wp\/v2\/product\/779464","targetHints":{"allow":["GET"]}}],"collection":[{"href":"https:\/\/roveyayinevi.com.tr\/index.php\/wp-json\/wp\/v2\/product"}],"about":[{"href":"https:\/\/roveyayinevi.com.tr\/index.php\/wp-json\/wp\/v2\/types\/product"}],"wp:attachment":[{"href":"https:\/\/roveyayinevi.com.tr\/index.php\/wp-json\/wp\/v2\/media?parent=779464"}],"wp:term":[{"taxonomy":"product_brand","embeddable":true,"href":"https:\/\/roveyayinevi.com.tr\/index.php\/wp-json\/wp\/v2\/product_brand?post=779464"},{"taxonomy":"product_cat","embeddable":true,"href":"https:\/\/roveyayinevi.com.tr\/index.php\/wp-json\/wp\/v2\/product_cat?post=779464"},{"taxonomy":"product_tag","embeddable":true,"href":"https:\/\/roveyayinevi.com.tr\/index.php\/wp-json\/wp\/v2\/product_tag?post=779464"}],"curies":[{"name":"wp","href":"https:\/\/api.w.org\/{rel}","templated":true}]}}