{"id":779463,"date":"2025-12-30T11:55:23","date_gmt":"2025-12-30T08:55:23","guid":{"rendered":"https:\/\/roveyayinevi.com.tr\/index.php\/urun\/firtina-iki-novella\/"},"modified":"2026-04-15T03:44:11","modified_gmt":"2026-04-15T00:44:11","slug":"firtina-iki-novella","status":"publish","type":"product","link":"https:\/\/roveyayinevi.com.tr\/index.php\/urun\/firtina-iki-novella\/","title":{"rendered":"F\u0131rt\u0131na: \u0130ki Novella"},"content":{"rendered":"<p>Nobel \u00f6d\u00fcll\u00fc yazar J. M. G. Le Cl\u00e9zio F\u0131rt\u0131na\u2019da okuru sevme bi\u00e7imlerine, unutma ve hat\u0131rlaman\u0131n a\u011f\u0131rl\u0131\u011f\u0131na, gitme ve kalma iste\u011finin i\u00e7 i\u00e7e ge\u00e7mi\u015fli\u011fine dair bir yolculu\u011fa \u00e7\u0131kar\u0131yor. F\u0131rt\u0131na ve Kimliksiz Kad\u0131n adl\u0131 iki novelladan olu\u015fan bu kitapta \u00f6ncelikle onlu ya\u015flar\u0131n\u0131n ba\u015f\u0131ndaki June ve art\u0131k ya\u015fl\u0131 oldu\u011funu d\u00fc\u015f\u00fcnen Bay Philip Kyo\u2019nun kar\u015f\u0131la\u015fmas\u0131na \u015fahit oluruz. Bir yandan, ya\u015f alman\u0131n d\u00fcnyay\u0131 anlama bi\u00e7imimizi nas\u0131l d\u00f6n\u00fc\u015ft\u00fcrd\u00fc\u011f\u00fcn\u00fc anlatan bu kar\u015f\u0131la\u015fma, di\u011fer yandan, k\u00fc\u00e7\u00fck bir k\u0131z\u0131n ve ya\u015fl\u0131 bir adam\u0131n d\u00fcnyaya ili\u015fkin arzular\u0131ndaki benzerlikleri g\u00f6sterir. Le Cl\u00e9zio bu \u00f6yk\u00fcde son derece g\u00fczel ve derinlikli bir \u00fcslupla okuruna \u015funu anlat\u0131r: Ya\u015f ald\u0131k\u00e7a de\u011fi\u015fen iyiye ve a\u015fka dair tahayy\u00fcllerimiz de\u011fil, insan\u0131n bunlar\u0131 ger\u00e7ekle\u015ftirebilme kapasitesine duydu\u011fu inan\u00e7t\u0131r. Kimliksiz Kad\u0131n\u2019da ise annesinin biyolojik annesi olmad\u0131\u011f\u0131n\u0131 sekiz ya\u015f\u0131nda tesad\u00fcfen \u00f6\u011frenen bir \u00e7ocu\u011funun b\u00fcy\u00fcmesine tan\u0131kl\u0131k ederiz. Le Cl\u00e9zio\u2019nun burada okuru d\u00fc\u015f\u00fcnmeye \u00e7a\u011f\u0131rd\u0131 \u015fey ba\u015fkalar\u0131na ili\u015fkin olarak duyulan \u00f6fke ve hayal k\u0131r\u0131kl\u0131\u011f\u0131n\u0131n nas\u0131l ki\u015finin kendisine d\u00f6nebilece\u011fidir. Bu gibi duygular hem i\u00e7eriden hem de d\u0131\u015far\u0131dan gelir. Kelimenin tam anlam\u0131yla kimliksiz olan Rachel t\u00fcm bunlar\u0131 deneyimlerken, Le Cl\u00e9zio okuruna aidiyetin hi\u00e7 kimse i\u00e7in b\u00fct\u00fcn\u00fcyle m\u00fcmk\u00fcn olamayacak bir \u015fey oldu\u011funu zarif\u00e7e g\u00f6sterir. F\u0131rt\u0131na, bizi, \u201ct\u00fcm r\u00fcyalar h\u00fcz\u00fcnl\u00fcd\u00fcr\u201d diyen ya\u015f alm\u0131\u015f bir adamla ya\u015faman\u0131n anlam\u0131na; \u201cg\u00f6zlerine \u00e7ok fazla bakarsam bir \u00e7e\u015fit ba\u015f d\u00f6nmesi hissediyorum\u201d diyen bir \u00e7ocu\u011fun g\u00f6z\u00fcyle a\u015fka ve \u201cilk kez birisinden nefret ediyordum, ilk kez bir anda b\u00fcy\u00fcm\u00fc\u015ft\u00fcm ve bir daha asla \u00e7ocuk olmayacakt\u0131m\u201d diyen bir yeti\u015fkinle \u00f6fkeye ve hayal k\u0131r\u0131kl\u0131\u011f\u0131na bakmaya davet eden, e\u015fsiz bir metin.<\/p>\n","protected":false},"excerpt":{"rendered":"<p>Nobel \u00f6d\u00fcll\u00fc yazar J. M. G. Le Cl\u00e9zio F\u0131rt\u0131na\u2019da okuru sevme bi\u00e7imlerine, unutma ve hat\u0131rlaman\u0131n a\u011f\u0131rl\u0131\u011f\u0131na, gitme ve kalma iste\u011finin i\u00e7 i\u00e7e ge\u00e7mi\u015fli\u011fine dair bir yolculu\u011fa<span class=\"excerpt-hellip\"> [\u2026]<\/span><\/p>\n","protected":false},"featured_media":0,"template":"","meta":{"_monsterinsights_skip_tracking":false,"_monsterinsights_sitenote_active":false,"_monsterinsights_sitenote_note":"","_monsterinsights_sitenote_category":0},"product_brand":[],"product_cat":[12291,12711],"product_tag":[],"class_list":{"0":"post-779463","1":"product","2":"type-product","3":"status-publish","5":"product_cat-edebiyat","6":"product_cat-roman-oyku","7":"pa_cilt-ciltsiz","8":"pa_tur-kitap","9":"pa_yayinevi-livera-yayinevi","10":"pa_yazar-j-m-g-l-clezio","12":"first","13":"instock","14":"sale","15":"shipping-taxable","16":"purchasable","17":"product-type-simple"},"_links":{"self":[{"href":"https:\/\/roveyayinevi.com.tr\/index.php\/wp-json\/wp\/v2\/product\/779463","targetHints":{"allow":["GET"]}}],"collection":[{"href":"https:\/\/roveyayinevi.com.tr\/index.php\/wp-json\/wp\/v2\/product"}],"about":[{"href":"https:\/\/roveyayinevi.com.tr\/index.php\/wp-json\/wp\/v2\/types\/product"}],"wp:attachment":[{"href":"https:\/\/roveyayinevi.com.tr\/index.php\/wp-json\/wp\/v2\/media?parent=779463"}],"wp:term":[{"taxonomy":"product_brand","embeddable":true,"href":"https:\/\/roveyayinevi.com.tr\/index.php\/wp-json\/wp\/v2\/product_brand?post=779463"},{"taxonomy":"product_cat","embeddable":true,"href":"https:\/\/roveyayinevi.com.tr\/index.php\/wp-json\/wp\/v2\/product_cat?post=779463"},{"taxonomy":"product_tag","embeddable":true,"href":"https:\/\/roveyayinevi.com.tr\/index.php\/wp-json\/wp\/v2\/product_tag?post=779463"}],"curies":[{"name":"wp","href":"https:\/\/api.w.org\/{rel}","templated":true}]}}