{"id":779462,"date":"2025-12-30T11:55:20","date_gmt":"2025-12-30T08:55:20","guid":{"rendered":"https:\/\/roveyayinevi.com.tr\/index.php\/urun\/olumcul-saflik-robespierre-ve-fransiz-devrimi\/"},"modified":"2026-04-15T03:44:11","modified_gmt":"2026-04-15T00:44:11","slug":"olumcul-saflik-robespierre-ve-fransiz-devrimi","status":"publish","type":"product","link":"https:\/\/roveyayinevi.com.tr\/index.php\/urun\/olumcul-saflik-robespierre-ve-fransiz-devrimi\/","title":{"rendered":"\u00d6l\u00fcmc\u00fcl Safl\u0131k Robespierre ve Frans\u0131z Devrimi"},"content":{"rendered":"<p>Evrensel haklar\u0131n ve ezilen halk\u0131n tutkulu savunucusu, monar\u015finin y\u0131k\u0131l\u0131\u015f\u0131n\u0131n ve cumhuriyetin kurulu\u015funun \u00f6nde gelen akt\u00f6r\u00fc, devrim y\u0131llar\u0131n\u0131n so\u011fukkanl\u0131 lideri ve siyasi \u015fiddetin en sert taraftar\u0131\u2026 Ruth Scurr, Maximilien Robespierre\u2019in m\u00fctevaz\u0131 ta\u015fra avukatl\u0131\u011f\u0131ndan d\u00fcnya tarihini \u015fekillendiren bir devrimin en tart\u0131\u015fmal\u0131 y\u00fcz\u00fc ve \u00f6nderlerinden biri haline gelme s\u00fcrecini detayl\u0131 \u015fekilde inceliyor.   Robespierre\u2019in ne devrimci bir aziz ne de kana susam\u0131\u015f bir canavar olarak tarif edildi\u011fi \u00d6l\u00fcmc\u00fcl Safl\u0131k \u2013 Robespierre ve Frans\u0131z Devrimi, devrimi ve Robespierre\u2019i \u015fekillendiren ko\u015ful ve \u00e7eli\u015fkileri g\u00fc\u00e7l\u00fc bir bi\u00e7imde resmetmekle kalm\u0131yor, ayn\u0131 zamanda iktidar, \u015fiddet, demokrasi ve cumhuriyet fikri \u00fczerine de canl\u0131 bir tart\u0131\u015fma olana\u011f\u0131 sunuyor.   Erdem ve ter\u00f6r aras\u0131ndaki ince \u00e7izgide, y\u00fckseli\u015fi ve d\u00fc\u015f\u00fc\u015f\u00fcne tan\u0131k oldu\u011fumuz bir devrimcinin kapsaml\u0131 ve s\u00fcr\u00fckleyici bir portresi\u2026<\/p>\n","protected":false},"excerpt":{"rendered":"<p>Evrensel haklar\u0131n ve ezilen halk\u0131n tutkulu savunucusu, monar\u015finin y\u0131k\u0131l\u0131\u015f\u0131n\u0131n ve cumhuriyetin kurulu\u015funun \u00f6nde gelen akt\u00f6r\u00fc, devrim y\u0131llar\u0131n\u0131n so\u011fukkanl\u0131 lideri ve siyasi \u015fiddetin en sert taraftar\u0131\u2026 Ruth<span class=\"excerpt-hellip\"> [\u2026]<\/span><\/p>\n","protected":false},"featured_media":0,"template":"","meta":{"_monsterinsights_skip_tracking":false,"_monsterinsights_sitenote_active":false,"_monsterinsights_sitenote_note":"","_monsterinsights_sitenote_category":0},"product_brand":[],"product_cat":[13946,12304],"product_tag":[],"class_list":{"0":"post-779462","1":"product","2":"type-product","3":"status-publish","5":"product_cat-biyografi-otobiyografi","6":"product_cat-tarih","7":"pa_cilt-ciltsiz","8":"pa_tur-kitap","9":"pa_yayinevi-iletisim-yayinlari","10":"pa_yazar-ruth-scurr","12":"first","13":"instock","14":"sale","15":"shipping-taxable","16":"purchasable","17":"product-type-simple"},"_links":{"self":[{"href":"https:\/\/roveyayinevi.com.tr\/index.php\/wp-json\/wp\/v2\/product\/779462","targetHints":{"allow":["GET"]}}],"collection":[{"href":"https:\/\/roveyayinevi.com.tr\/index.php\/wp-json\/wp\/v2\/product"}],"about":[{"href":"https:\/\/roveyayinevi.com.tr\/index.php\/wp-json\/wp\/v2\/types\/product"}],"wp:attachment":[{"href":"https:\/\/roveyayinevi.com.tr\/index.php\/wp-json\/wp\/v2\/media?parent=779462"}],"wp:term":[{"taxonomy":"product_brand","embeddable":true,"href":"https:\/\/roveyayinevi.com.tr\/index.php\/wp-json\/wp\/v2\/product_brand?post=779462"},{"taxonomy":"product_cat","embeddable":true,"href":"https:\/\/roveyayinevi.com.tr\/index.php\/wp-json\/wp\/v2\/product_cat?post=779462"},{"taxonomy":"product_tag","embeddable":true,"href":"https:\/\/roveyayinevi.com.tr\/index.php\/wp-json\/wp\/v2\/product_tag?post=779462"}],"curies":[{"name":"wp","href":"https:\/\/api.w.org\/{rel}","templated":true}]}}