{"id":779461,"date":"2025-12-30T11:55:18","date_gmt":"2025-12-30T08:55:18","guid":{"rendered":"https:\/\/roveyayinevi.com.tr\/index.php\/urun\/feminist-teori-ile-dusunmek\/"},"modified":"2026-04-15T03:44:11","modified_gmt":"2026-04-15T00:44:11","slug":"feminist-teori-ile-dusunmek","status":"publish","type":"product","link":"https:\/\/roveyayinevi.com.tr\/index.php\/urun\/feminist-teori-ile-dusunmek\/","title":{"rendered":"Feminist Teori ile D\u00fc\u015f\u00fcnmek"},"content":{"rendered":"<p>Feminist teori bazen salt kad\u0131nlar ve erkekler aras\u0131ndaki farklar\u0131\/e\u015fitsizlikleri tespit etmek olarak ele al\u0131n\u0131r; bu teorinin yaln\u0131zca kad\u0131nlar hakk\u0131nda oldu\u011fu ve kad\u0131nlar\u0131 ilgilendirdi\u011fi farz edilir. Oysa feminist teori canl\u0131d\u0131r, \u201cger\u00e7ek\u201d hayata uygulanabilir; ayn\u0131 zamanda hayata ba\u015fka t\u00fcrl\u00fc g\u00f6r\u00fclmesi m\u00fcmk\u00fcn olmayan bir bak\u0131\u015f a\u00e7\u0131s\u0131 kazand\u0131r\u0131r. G\u00f6z\u00fcm\u00fcz\u00fcn \u00f6n\u00fcnde olan\u0131, yani g\u00fcndelik hayat\u0131 kavramsal olarak okumam\u0131z\u0131 m\u00fcmk\u00fcn k\u0131lar. Bu kitapta da bu anlay\u0131\u015ftan yola \u00e7\u0131karak politika, epistemoloji, mek\u00e2n, ataerki, kesi\u015fimsellik, queer, erkeklik, performatiflik, duygulan\u0131m, insan-sonras\u0131 ve yeni materyalizm kavramlar\u0131n\u0131n feminist teoriyle ili\u015fkileri ve feminist teorinin bu kavramlar\u0131 ve bu kavramlarla d\u00fc\u015f\u00fcnmeyi nas\u0131l m\u00fcmk\u00fcn k\u0131ld\u0131\u011f\u0131 mercek alt\u0131na al\u0131n\u0131yor. Emine Erdo\u011fan ve Demet G\u00fcl\u00e7i\u00e7ek\u2019in derledikleri, Deniz Kandiyoti, Alev \u00d6zkazan\u00e7, G\u00fcler Cansu A\u011f\u00f6ren, Ceren Lordo\u011flu, Melda Yaman, Esra Sar\u0131o\u011flu, Haktan Ural, \u00c7imen G\u00fcnay-Erkol, Atilla Barut\u00e7u, Ezgi Burgan K\u0131yak, H. Kiraz \u00d6zdo\u011fan ve Yonca Cing\u00f6z\u2019\u00fcn katk\u0131 sunduklar\u0131 Feminist Teori ile D\u00fc\u015f\u00fcnmek hem feminizmi \u00f6\u011frenmek isteyenler hem de feminizme dair ufkunu geni\u015fletmek isteyenler i\u00e7in bir kaynak niteli\u011finde.<\/p>\n","protected":false},"excerpt":{"rendered":"<p>Feminist teori bazen salt kad\u0131nlar ve erkekler aras\u0131ndaki farklar\u0131\/e\u015fitsizlikleri tespit etmek olarak ele al\u0131n\u0131r; bu teorinin yaln\u0131zca kad\u0131nlar hakk\u0131nda oldu\u011fu ve kad\u0131nlar\u0131 ilgilendirdi\u011fi farz edilir. Oysa<span class=\"excerpt-hellip\"> [\u2026]<\/span><\/p>\n","protected":false},"featured_media":0,"template":"","meta":{"_monsterinsights_skip_tracking":false,"_monsterinsights_sitenote_active":false,"_monsterinsights_sitenote_note":"","_monsterinsights_sitenote_category":0},"product_brand":[],"product_cat":[14741,13488],"product_tag":[],"class_list":{"0":"post-779461","1":"product","2":"type-product","3":"status-publish","5":"product_cat-kadin-sorunlari-feminizm","6":"product_cat-toplum-ve-insan","7":"pa_cilt-ciltsiz","8":"pa_tur-kitap","9":"pa_yayinevi-iletisim-yayinlari","10":"pa_yazar-emine-erdogan-demet-gulcicek","12":"first","13":"instock","14":"sale","15":"shipping-taxable","16":"purchasable","17":"product-type-simple"},"_links":{"self":[{"href":"https:\/\/roveyayinevi.com.tr\/index.php\/wp-json\/wp\/v2\/product\/779461","targetHints":{"allow":["GET"]}}],"collection":[{"href":"https:\/\/roveyayinevi.com.tr\/index.php\/wp-json\/wp\/v2\/product"}],"about":[{"href":"https:\/\/roveyayinevi.com.tr\/index.php\/wp-json\/wp\/v2\/types\/product"}],"wp:attachment":[{"href":"https:\/\/roveyayinevi.com.tr\/index.php\/wp-json\/wp\/v2\/media?parent=779461"}],"wp:term":[{"taxonomy":"product_brand","embeddable":true,"href":"https:\/\/roveyayinevi.com.tr\/index.php\/wp-json\/wp\/v2\/product_brand?post=779461"},{"taxonomy":"product_cat","embeddable":true,"href":"https:\/\/roveyayinevi.com.tr\/index.php\/wp-json\/wp\/v2\/product_cat?post=779461"},{"taxonomy":"product_tag","embeddable":true,"href":"https:\/\/roveyayinevi.com.tr\/index.php\/wp-json\/wp\/v2\/product_tag?post=779461"}],"curies":[{"name":"wp","href":"https:\/\/api.w.org\/{rel}","templated":true}]}}